{"id":599,"date":"2021-06-30T10:35:37","date_gmt":"2021-06-30T10:35:37","guid":{"rendered":"https:\/\/cursos.9ideas.net\/?page_id=599"},"modified":"2024-10-01T09:55:39","modified_gmt":"2024-10-01T12:55:39","slug":"solicitud","status":"publish","type":"page","link":"https:\/\/cursos.9ideas.net\/index.php\/solicitud\/","title":{"rendered":"Solicitud"},"content":{"rendered":"\t\t<div data-elementor-type=\"wp-page\" data-elementor-id=\"599\" class=\"elementor elementor-599\">\n\t\t\t\t\t\t<section class=\"elementor-section elementor-top-section elementor-element elementor-element-385aa0d5 elementor-section-height-min-height elementor-section-content-middle elementor-section-boxed elementor-section-height-default elementor-section-items-middle\" data-id=\"385aa0d5\" data-element_type=\"section\" data-e-type=\"section\" data-settings=\"{&quot;background_background&quot;:&quot;classic&quot;}\">\n\t\t\t\t\t\t\t<div class=\"elementor-background-overlay\"><\/div>\n\t\t\t\t\t\t\t<div class=\"elementor-container elementor-column-gap-no\">\n\t\t\t\t\t<div class=\"elementor-column elementor-col-100 elementor-top-column elementor-element elementor-element-37587c02\" data-id=\"37587c02\" data-element_type=\"column\" data-e-type=\"column\">\n\t\t\t<div class=\"elementor-widget-wrap elementor-element-populated\">\n\t\t\t\t\t\t<div class=\"elementor-element elementor-element-2ac3176 elementor-widget elementor-widget-heading\" data-id=\"2ac3176\" data-element_type=\"widget\" data-e-type=\"widget\" data-widget_type=\"heading.default\">\n\t\t\t\t<div class=\"elementor-widget-container\">\n\t\t\t\t\t<h2 class=\"elementor-heading-title elementor-size-default\">Solicitud<\/h2>\t\t\t\t<\/div>\n\t\t\t\t<\/div>\n\t\t\t\t<div class=\"elementor-element elementor-element-fb8fa22 elementor-widget elementor-widget-text-editor\" data-id=\"fb8fa22\" data-element_type=\"widget\" data-e-type=\"widget\" data-widget_type=\"text-editor.default\">\n\t\t\t\t<div class=\"elementor-widget-container\">\n\t\t\t\t\t\t\t\t\t<h5 style=\"text-align: center;\"><span style=\"color: #ffffff;\">El conocimiento es clave. Queremos que las personas que buscan aprender, puedan hacerlo.<\/span><\/h5>\t\t\t\t\t\t\t\t<\/div>\n\t\t\t\t<\/div>\n\t\t\t\t\t<\/div>\n\t\t<\/div>\n\t\t\t\t\t<\/div>\n\t\t<\/section>\n\t\t\t\t<section class=\"elementor-section elementor-top-section elementor-element elementor-element-1606425 elementor-section-boxed elementor-section-height-default elementor-section-height-default\" data-id=\"1606425\" data-element_type=\"section\" data-e-type=\"section\" data-settings=\"{&quot;background_background&quot;:&quot;classic&quot;}\">\n\t\t\t\t\t\t<div class=\"elementor-container elementor-column-gap-default\">\n\t\t\t\t\t<div class=\"elementor-column elementor-col-33 elementor-top-column elementor-element elementor-element-cc7180a\" data-id=\"cc7180a\" data-element_type=\"column\" data-e-type=\"column\" data-settings=\"{&quot;background_background&quot;:&quot;classic&quot;}\">\n\t\t\t<div class=\"elementor-widget-wrap elementor-element-populated\">\n\t\t\t\t\t\t<div class=\"elementor-element elementor-element-0a5651b elementor-view-default elementor-widget elementor-widget-icon\" data-id=\"0a5651b\" data-element_type=\"widget\" data-e-type=\"widget\" data-widget_type=\"icon.default\">\n\t\t\t\t<div class=\"elementor-widget-container\">\n\t\t\t\t\t\t\t<div class=\"elementor-icon-wrapper\">\n\t\t\t<div class=\"elementor-icon\">\n\t\t\t<i aria-hidden=\"true\" class=\"fas fa-user-graduate\"><\/i>\t\t\t<\/div>\n\t\t<\/div>\n\t\t\t\t\t\t<\/div>\n\t\t\t\t<\/div>\n\t\t\t\t<div class=\"elementor-element elementor-element-5234010 elementor-widget elementor-widget-text-editor\" data-id=\"5234010\" data-element_type=\"widget\" data-e-type=\"widget\" data-widget_type=\"text-editor.default\">\n\t\t\t\t<div class=\"elementor-widget-container\">\n\t\t\t\t\t\t\t\t\t<p style=\"text-align: center;\">Buscamos que encuentres desarrollo personal y profesional a trav\u00e9s de la formaci\u00f3n.<\/p>\t\t\t\t\t\t\t\t<\/div>\n\t\t\t\t<\/div>\n\t\t\t\t\t<\/div>\n\t\t<\/div>\n\t\t\t\t<div class=\"elementor-column elementor-col-33 elementor-top-column elementor-element elementor-element-a819d6e\" data-id=\"a819d6e\" data-element_type=\"column\" data-e-type=\"column\">\n\t\t\t<div class=\"elementor-widget-wrap elementor-element-populated\">\n\t\t\t\t\t\t<div class=\"elementor-element elementor-element-de3d6b9 elementor-view-default elementor-widget elementor-widget-icon\" data-id=\"de3d6b9\" data-element_type=\"widget\" data-e-type=\"widget\" data-widget_type=\"icon.default\">\n\t\t\t\t<div class=\"elementor-widget-container\">\n\t\t\t\t\t\t\t<div class=\"elementor-icon-wrapper\">\n\t\t\t<div class=\"elementor-icon\">\n\t\t\t<i aria-hidden=\"true\" class=\"fas fa-rocket\"><\/i>\t\t\t<\/div>\n\t\t<\/div>\n\t\t\t\t\t\t<\/div>\n\t\t\t\t<\/div>\n\t\t\t\t<div class=\"elementor-element elementor-element-9d1c554 elementor-widget elementor-widget-text-editor\" data-id=\"9d1c554\" data-element_type=\"widget\" data-e-type=\"widget\" data-widget_type=\"text-editor.default\">\n\t\t\t\t<div class=\"elementor-widget-container\">\n\t\t\t\t\t\t\t\t\t<p style=\"text-align: center;\">Aportamos para que puedas hacerlo. Nuestras becas cubren hasta el 50%\u00a0 valor real de los cursos o carreras.<\/p>\t\t\t\t\t\t\t\t<\/div>\n\t\t\t\t<\/div>\n\t\t\t\t\t<\/div>\n\t\t<\/div>\n\t\t\t\t<div class=\"elementor-column elementor-col-33 elementor-top-column elementor-element elementor-element-237ae68\" data-id=\"237ae68\" data-element_type=\"column\" data-e-type=\"column\">\n\t\t\t<div class=\"elementor-widget-wrap elementor-element-populated\">\n\t\t\t\t\t\t<div class=\"elementor-element elementor-element-89dd28b elementor-view-default elementor-widget elementor-widget-icon\" data-id=\"89dd28b\" data-element_type=\"widget\" data-e-type=\"widget\" data-widget_type=\"icon.default\">\n\t\t\t\t<div class=\"elementor-widget-container\">\n\t\t\t\t\t\t\t<div class=\"elementor-icon-wrapper\">\n\t\t\t<div class=\"elementor-icon\">\n\t\t\t<i aria-hidden=\"true\" class=\"fas fa-medal\"><\/i>\t\t\t<\/div>\n\t\t<\/div>\n\t\t\t\t\t\t<\/div>\n\t\t\t\t<\/div>\n\t\t\t\t<div class=\"elementor-element elementor-element-c938a38 elementor-widget elementor-widget-text-editor\" data-id=\"c938a38\" data-element_type=\"widget\" data-e-type=\"widget\" data-widget_type=\"text-editor.default\">\n\t\t\t\t<div class=\"elementor-widget-container\">\n\t\t\t\t\t\t\t\t\t<p style=\"text-align: center;\">Confiamos en vos. Si sos becado, tendr\u00e1s 90 d\u00edas para terminar el curso o 180 d\u00edas para terminar la carrera.<\/p>\t\t\t\t\t\t\t\t<\/div>\n\t\t\t\t<\/div>\n\t\t\t\t\t<\/div>\n\t\t<\/div>\n\t\t\t\t\t<\/div>\n\t\t<\/section>\n\t\t\t\t<section class=\"elementor-section elementor-top-section elementor-element elementor-element-6f594fd elementor-section-boxed elementor-section-height-default elementor-section-height-default\" data-id=\"6f594fd\" data-element_type=\"section\" data-e-type=\"section\" data-settings=\"{&quot;background_background&quot;:&quot;classic&quot;}\">\n\t\t\t\t\t\t<div class=\"elementor-container elementor-column-gap-default\">\n\t\t\t\t\t<div class=\"elementor-column elementor-col-100 elementor-top-column elementor-element elementor-element-1b27291\" data-id=\"1b27291\" data-element_type=\"column\" data-e-type=\"column\">\n\t\t\t<div class=\"elementor-widget-wrap elementor-element-populated\">\n\t\t\t\t\t\t<div class=\"elementor-element elementor-element-848b632 elementor-widget elementor-widget-heading\" data-id=\"848b632\" data-element_type=\"widget\" data-e-type=\"widget\" data-widget_type=\"heading.default\">\n\t\t\t\t<div class=\"elementor-widget-container\">\n\t\t\t\t\t<h3 class=\"elementor-heading-title elementor-size-default\">Para postularte a una beca, completa el siguiente formulario<\/h3>\t\t\t\t<\/div>\n\t\t\t\t<\/div>\n\t\t\t\t\t<\/div>\n\t\t<\/div>\n\t\t\t\t\t<\/div>\n\t\t<\/section>\n\t\t\t\t<section class=\"elementor-section elementor-top-section elementor-element elementor-element-b155fe5 elementor-section-boxed elementor-section-height-default elementor-section-height-default\" data-id=\"b155fe5\" data-element_type=\"section\" data-e-type=\"section\">\n\t\t\t\t\t\t<div class=\"elementor-container elementor-column-gap-default\">\n\t\t\t\t\t<div class=\"elementor-column elementor-col-100 elementor-top-column elementor-element elementor-element-4b81b94\" data-id=\"4b81b94\" data-element_type=\"column\" data-e-type=\"column\">\n\t\t\t<div class=\"elementor-widget-wrap elementor-element-populated\">\n\t\t\t\t\t\t<div class=\"elementor-element elementor-element-a33bf9a elementor-widget elementor-widget-shortcode\" data-id=\"a33bf9a\" data-element_type=\"widget\" data-e-type=\"widget\" data-widget_type=\"shortcode.default\">\n\t\t\t\t<div class=\"elementor-widget-container\">\n\t\t\t\t\t\t\t<div class=\"elementor-shortcode\">\n<div class=\"wpcf7 no-js\" id=\"wpcf7-f611-o1\" lang=\"es-ES\" dir=\"ltr\" data-wpcf7-id=\"611\">\n<div class=\"screen-reader-response\"><p role=\"status\" aria-live=\"polite\" aria-atomic=\"true\"><\/p> <ul><\/ul><\/div>\n<form action=\"\/index.php\/wp-json\/wp\/v2\/pages\/599#wpcf7-f611-o1\" method=\"post\" class=\"wpcf7-form init\" aria-label=\"Formulario de contacto\" novalidate=\"novalidate\" data-status=\"init\">\n<fieldset class=\"hidden-fields-container\"><input type=\"hidden\" name=\"_wpcf7\" value=\"611\" \/><input type=\"hidden\" name=\"_wpcf7_version\" value=\"6.1.5\" \/><input type=\"hidden\" name=\"_wpcf7_locale\" value=\"es_ES\" \/><input type=\"hidden\" name=\"_wpcf7_unit_tag\" value=\"wpcf7-f611-o1\" \/><input type=\"hidden\" name=\"_wpcf7_container_post\" value=\"0\" \/><input type=\"hidden\" name=\"_wpcf7_posted_data_hash\" value=\"\" \/>\n<\/fieldset>\n<p><label> Tu nombre y apellido<br \/>\n<span class=\"wpcf7-form-control-wrap\" data-name=\"your-name\"><input size=\"40\" maxlength=\"400\" class=\"wpcf7-form-control wpcf7-text wpcf7-validates-as-required\" aria-required=\"true\" aria-invalid=\"false\" value=\"\" type=\"text\" name=\"your-name\" \/><\/span> <\/label>\n<\/p>\n<p><label> Tu correo electr\u00f3nico<br \/>\n<span class=\"wpcf7-form-control-wrap\" data-name=\"your-email\"><input size=\"40\" maxlength=\"400\" class=\"wpcf7-form-control wpcf7-email wpcf7-validates-as-required wpcf7-text wpcf7-validates-as-email\" aria-required=\"true\" aria-invalid=\"false\" value=\"\" type=\"email\" name=\"your-email\" \/><\/span> <\/label>\n<\/p>\n<p><label> Tu tel\u00e9fono con c\u00f3digo de \u00e1rea<br \/>\n<span class=\"wpcf7-form-control-wrap\" data-name=\"tel-161\"><input size=\"40\" maxlength=\"400\" class=\"wpcf7-form-control wpcf7-tel wpcf7-validates-as-required wpcf7-text wpcf7-validates-as-tel\" aria-required=\"true\" aria-invalid=\"false\" value=\"\" type=\"tel\" name=\"tel-161\" \/><\/span> <\/label>\n<\/p>\n<p><label> Tu pa\u00eds<br \/>\n<span class=\"wpcf7-form-control-wrap\" data-name=\"menu-162\"><select class=\"wpcf7-form-control wpcf7-select wpcf7-validates-as-required\" aria-required=\"true\" aria-invalid=\"false\" name=\"menu-162\"><option value=\"\">&#8212;Por favor, elige una opci\u00f3n&#8212;<\/option><option value=\"Argentina\">Argentina<\/option><option value=\"Uruguay\">Uruguay<\/option><option value=\"Paraguay\">Paraguay<\/option><option value=\"Chile\">Chile<\/option><option value=\"Bolivia\">Bolivia<\/option><option value=\"Peru\">Peru<\/option><option value=\"Colombia\">Colombia<\/option><option value=\"Ecuador\">Ecuador<\/option><option value=\"Venezuela\">Venezuela<\/option><option value=\"M\u00e9xico\">M\u00e9xico<\/option><option value=\"Estados Unidos\">Estados Unidos<\/option><\/select><\/span> <\/label>\n<\/p>\n<p><label> Tu Provincia o Estado<br \/>\n<span class=\"wpcf7-form-control-wrap\" data-name=\"text-476\"><input size=\"40\" maxlength=\"400\" class=\"wpcf7-form-control wpcf7-text wpcf7-validates-as-required\" aria-required=\"true\" aria-invalid=\"false\" value=\"\" type=\"text\" name=\"text-476\" \/><\/span><\/label>\n<\/p>\n<p><label> Contanos de vos, \u00bfA que te dedic\u00e1s?<br \/>\n<span class=\"wpcf7-form-control-wrap\" data-name=\"text-817\"><input size=\"40\" maxlength=\"400\" class=\"wpcf7-form-control wpcf7-text wpcf7-validates-as-required\" aria-required=\"true\" aria-invalid=\"false\" value=\"\" type=\"text\" name=\"text-817\" \/><\/span> <\/label>\n<\/p>\n<p><label> \u00bfQue curso o carrera quer\u00e9s realizar?<br \/>\n<span class=\"wpcf7-form-control-wrap\" data-name=\"menu-867\"><select class=\"wpcf7-form-control wpcf7-select wpcf7-validates-as-required\" aria-required=\"true\" aria-invalid=\"false\" name=\"menu-867\"><option value=\"\">&#8212;Por favor, elige una opci\u00f3n&#8212;<\/option><option value=\"Carrera de Marketing Digital\">Carrera de Marketing Digital<\/option><option value=\"Carrera de Creaci\u00f3n de Contenido\">Carrera de Creaci\u00f3n de Contenido<\/option><option value=\"Carrera de Programaci\u00f3n\">Carrera de Programaci\u00f3n<\/option><option value=\"Carrera de Inteligencia Artificial\">Carrera de Inteligencia Artificial<\/option><option value=\"Carrera de Negocios Digitales\">Carrera de Negocios Digitales<\/option><\/select><\/span> <\/label>\n<\/p>\n<p><label> \u00bfPorqu\u00e9 merec\u00e9s la beca? No te guardes nada<br \/>\n<span class=\"wpcf7-form-control-wrap\" data-name=\"textarea-855\"><textarea cols=\"40\" rows=\"10\" maxlength=\"2000\" class=\"wpcf7-form-control wpcf7-textarea wpcf7-validates-as-required\" aria-required=\"true\" aria-invalid=\"false\" name=\"textarea-855\"><\/textarea><\/span> <\/label>\n<\/p>\n<p><label> \u00bfQue porcentaje solicitas?<br \/>\n<span class=\"wpcf7-form-control-wrap\" data-name=\"menu-657\"><select class=\"wpcf7-form-control wpcf7-select wpcf7-validates-as-required\" aria-required=\"true\" aria-invalid=\"false\" name=\"menu-657\"><option value=\"Becal del 25%\">Becal del 25%<\/option><option value=\"Beca del 50%\">Beca del 50%<\/option><\/select><\/span><\/label>\n<\/p>\n<p><input class=\"wpcf7-form-control wpcf7-submit has-spinner\" type=\"submit\" value=\"Solicitar Beca\" \/>\n<\/p><div class=\"wpcf7-response-output\" aria-hidden=\"true\"><\/div>\n<\/form>\n<\/div>\n<\/div>\n\t\t\t\t\t\t<\/div>\n\t\t\t\t<\/div>\n\t\t\t\t\t<\/div>\n\t\t<\/div>\n\t\t\t\t\t<\/div>\n\t\t<\/section>\n\t\t\t\t<\/div>\n\t\t","protected":false},"excerpt":{"rendered":"<p>Solicitud El conocimiento es clave. Queremos que las personas que buscan aprender, puedan hacerlo. Buscamos que encuentres desarrollo personal y profesional a trav\u00e9s de la formaci\u00f3n. Aportamos para que puedas hacerlo. Nuestras becas cubren hasta el 50%\u00a0 valor real de los cursos o carreras. Confiamos en vos. Si sos becado, tendr\u00e1s 90 d\u00edas para terminar [&hellip;]<\/p>\n","protected":false},"author":3345,"featured_media":0,"parent":0,"menu_order":0,"comment_status":"closed","ping_status":"closed","template":"","meta":{"_monsterinsights_skip_tracking":false,"_monsterinsights_sitenote_active":false,"_monsterinsights_sitenote_note":"","_monsterinsights_sitenote_category":0,"site-sidebar-layout":"no-sidebar","site-content-layout":"page-builder","ast-site-content-layout":"default","site-content-style":"default","site-sidebar-style":"default","ast-global-header-display":"","ast-banner-title-visibility":"","ast-main-header-display":"","ast-hfb-above-header-display":"","ast-hfb-below-header-display":"","ast-hfb-mobile-header-display":"","site-post-title":"disabled","ast-breadcrumbs-content":"","ast-featured-img":"disabled","footer-sml-layout":"","ast-disable-related-posts":"","theme-transparent-header-meta":"default","adv-header-id-meta":"","stick-header-meta":"","header-above-stick-meta":"","header-main-stick-meta":"","header-below-stick-meta":"","astra-migrate-meta-layouts":"default","ast-page-background-enabled":"default","ast-page-background-meta":{"desktop":{"background-color":"","background-image":"","background-repeat":"repeat","background-position":"center center","background-size":"auto","background-attachment":"scroll","background-type":"","background-media":"","overlay-type":"","overlay-color":"","overlay-opacity":"","overlay-gradient":""},"tablet":{"background-color":"","background-image":"","background-repeat":"repeat","background-position":"center center","background-size":"auto","background-attachment":"scroll","background-type":"","background-media":"","overlay-type":"","overlay-color":"","overlay-opacity":"","overlay-gradient":""},"mobile":{"background-color":"","background-image":"","background-repeat":"repeat","background-position":"center center","background-size":"auto","background-attachment":"scroll","background-type":"","background-media":"","overlay-type":"","overlay-color":"","overlay-opacity":"","overlay-gradient":""}},"ast-content-background-meta":{"desktop":{"background-color":"var(--ast-global-color-5)","background-image":"","background-repeat":"repeat","background-position":"center center","background-size":"auto","background-attachment":"scroll","background-type":"","background-media":"","overlay-type":"","overlay-color":"","overlay-opacity":"","overlay-gradient":""},"tablet":{"background-color":"var(--ast-global-color-5)","background-image":"","background-repeat":"repeat","background-position":"center center","background-size":"auto","background-attachment":"scroll","background-type":"","background-media":"","overlay-type":"","overlay-color":"","overlay-opacity":"","overlay-gradient":""},"mobile":{"background-color":"var(--ast-global-color-5)","background-image":"","background-repeat":"repeat","background-position":"center center","background-size":"auto","background-attachment":"scroll","background-type":"","background-media":"","overlay-type":"","overlay-color":"","overlay-opacity":"","overlay-gradient":""}},"footnotes":""},"class_list":["post-599","page","type-page","status-publish","hentry"],"yoast_head":"<!-- This site is optimized with the Yoast SEO plugin v27.1.1 - https:\/\/yoast.com\/product\/yoast-seo-wordpress\/ -->\n<title>Solicitud - 9 ideas | Escuela Digital<\/title>\n<meta name=\"robots\" content=\"index, follow, max-snippet:-1, max-image-preview:large, max-video-preview:-1\" \/>\n<link rel=\"canonical\" href=\"https:\/\/cursos.9ideas.net\/index.php\/solicitud\/\" \/>\n<meta property=\"og:locale\" content=\"es_ES\" \/>\n<meta property=\"og:type\" content=\"article\" \/>\n<meta property=\"og:title\" content=\"Solicitud - 9 ideas | Escuela Digital\" \/>\n<meta property=\"og:description\" content=\"Solicitud El conocimiento es clave. Queremos que las personas que buscan aprender, puedan hacerlo. Buscamos que encuentres desarrollo personal y profesional a trav\u00e9s de la formaci\u00f3n. Aportamos para que puedas hacerlo. Nuestras becas cubren hasta el 50%\u00a0 valor real de los cursos o carreras. Confiamos en vos. Si sos becado, tendr\u00e1s 90 d\u00edas para terminar [&hellip;]\" \/>\n<meta property=\"og:url\" content=\"https:\/\/cursos.9ideas.net\/index.php\/solicitud\/\" \/>\n<meta property=\"og:site_name\" content=\"9 ideas | Escuela Digital\" \/>\n<meta property=\"article:modified_time\" content=\"2024-10-01T12:55:39+00:00\" \/>\n<meta name=\"twitter:card\" content=\"summary_large_image\" \/>\n<meta name=\"twitter:label1\" content=\"Tiempo de lectura\" \/>\n\t<meta name=\"twitter:data1\" content=\"1 minuto\" \/>\n<script type=\"application\/ld+json\" class=\"yoast-schema-graph\">{\"@context\":\"https:\/\/schema.org\",\"@graph\":[{\"@type\":\"WebPage\",\"@id\":\"https:\/\/cursos.9ideas.net\/index.php\/solicitud\/\",\"url\":\"https:\/\/cursos.9ideas.net\/index.php\/solicitud\/\",\"name\":\"Solicitud - 9 ideas | Escuela Digital\",\"isPartOf\":{\"@id\":\"https:\/\/cursos.9ideas.net\/#website\"},\"datePublished\":\"2021-06-30T10:35:37+00:00\",\"dateModified\":\"2024-10-01T12:55:39+00:00\",\"breadcrumb\":{\"@id\":\"https:\/\/cursos.9ideas.net\/index.php\/solicitud\/#breadcrumb\"},\"inLanguage\":\"es\",\"potentialAction\":[{\"@type\":\"ReadAction\",\"target\":[\"https:\/\/cursos.9ideas.net\/index.php\/solicitud\/\"]}]},{\"@type\":\"BreadcrumbList\",\"@id\":\"https:\/\/cursos.9ideas.net\/index.php\/solicitud\/#breadcrumb\",\"itemListElement\":[{\"@type\":\"ListItem\",\"position\":1,\"name\":\"Portada\",\"item\":\"https:\/\/cursos.9ideas.net\/\"},{\"@type\":\"ListItem\",\"position\":2,\"name\":\"Solicitud\"}]},{\"@type\":\"WebSite\",\"@id\":\"https:\/\/cursos.9ideas.net\/#website\",\"url\":\"https:\/\/cursos.9ideas.net\/\",\"name\":\"9 ideas | Escuela Digital\",\"description\":\"Aprend\u00e9 todo sobre Marketing Digital\",\"publisher\":{\"@id\":\"https:\/\/cursos.9ideas.net\/#organization\"},\"potentialAction\":[{\"@type\":\"SearchAction\",\"target\":{\"@type\":\"EntryPoint\",\"urlTemplate\":\"https:\/\/cursos.9ideas.net\/?s={search_term_string}\"},\"query-input\":{\"@type\":\"PropertyValueSpecification\",\"valueRequired\":true,\"valueName\":\"search_term_string\"}}],\"inLanguage\":\"es\"},{\"@type\":\"Organization\",\"@id\":\"https:\/\/cursos.9ideas.net\/#organization\",\"name\":\"9 ideas | Escuela Digital\",\"url\":\"https:\/\/cursos.9ideas.net\/\",\"logo\":{\"@type\":\"ImageObject\",\"inLanguage\":\"es\",\"@id\":\"https:\/\/cursos.9ideas.net\/#\/schema\/logo\/image\/\",\"url\":\"https:\/\/cursos.9ideas.net\/wp-content\/uploads\/2022\/08\/cropped-9-ideas-escuela-digital.png\",\"contentUrl\":\"https:\/\/cursos.9ideas.net\/wp-content\/uploads\/2022\/08\/cropped-9-ideas-escuela-digital.png\",\"width\":300,\"height\":100,\"caption\":\"9 ideas | Escuela Digital\"},\"image\":{\"@id\":\"https:\/\/cursos.9ideas.net\/#\/schema\/logo\/image\/\"}}]}<\/script>\n<!-- \/ Yoast SEO plugin. -->","yoast_head_json":{"title":"Solicitud - 9 ideas | Escuela Digital","robots":{"index":"index","follow":"follow","max-snippet":"max-snippet:-1","max-image-preview":"max-image-preview:large","max-video-preview":"max-video-preview:-1"},"canonical":"https:\/\/cursos.9ideas.net\/index.php\/solicitud\/","og_locale":"es_ES","og_type":"article","og_title":"Solicitud - 9 ideas | Escuela Digital","og_description":"Solicitud El conocimiento es clave. Queremos que las personas que buscan aprender, puedan hacerlo. Buscamos que encuentres desarrollo personal y profesional a trav\u00e9s de la formaci\u00f3n. Aportamos para que puedas hacerlo. Nuestras becas cubren hasta el 50%\u00a0 valor real de los cursos o carreras. Confiamos en vos. Si sos becado, tendr\u00e1s 90 d\u00edas para terminar [&hellip;]","og_url":"https:\/\/cursos.9ideas.net\/index.php\/solicitud\/","og_site_name":"9 ideas | Escuela Digital","article_modified_time":"2024-10-01T12:55:39+00:00","twitter_card":"summary_large_image","twitter_misc":{"Tiempo de lectura":"1 minuto"},"schema":{"@context":"https:\/\/schema.org","@graph":[{"@type":"WebPage","@id":"https:\/\/cursos.9ideas.net\/index.php\/solicitud\/","url":"https:\/\/cursos.9ideas.net\/index.php\/solicitud\/","name":"Solicitud - 9 ideas | Escuela Digital","isPartOf":{"@id":"https:\/\/cursos.9ideas.net\/#website"},"datePublished":"2021-06-30T10:35:37+00:00","dateModified":"2024-10-01T12:55:39+00:00","breadcrumb":{"@id":"https:\/\/cursos.9ideas.net\/index.php\/solicitud\/#breadcrumb"},"inLanguage":"es","potentialAction":[{"@type":"ReadAction","target":["https:\/\/cursos.9ideas.net\/index.php\/solicitud\/"]}]},{"@type":"BreadcrumbList","@id":"https:\/\/cursos.9ideas.net\/index.php\/solicitud\/#breadcrumb","itemListElement":[{"@type":"ListItem","position":1,"name":"Portada","item":"https:\/\/cursos.9ideas.net\/"},{"@type":"ListItem","position":2,"name":"Solicitud"}]},{"@type":"WebSite","@id":"https:\/\/cursos.9ideas.net\/#website","url":"https:\/\/cursos.9ideas.net\/","name":"9 ideas | Escuela Digital","description":"Aprend\u00e9 todo sobre Marketing Digital","publisher":{"@id":"https:\/\/cursos.9ideas.net\/#organization"},"potentialAction":[{"@type":"SearchAction","target":{"@type":"EntryPoint","urlTemplate":"https:\/\/cursos.9ideas.net\/?s={search_term_string}"},"query-input":{"@type":"PropertyValueSpecification","valueRequired":true,"valueName":"search_term_string"}}],"inLanguage":"es"},{"@type":"Organization","@id":"https:\/\/cursos.9ideas.net\/#organization","name":"9 ideas | Escuela Digital","url":"https:\/\/cursos.9ideas.net\/","logo":{"@type":"ImageObject","inLanguage":"es","@id":"https:\/\/cursos.9ideas.net\/#\/schema\/logo\/image\/","url":"https:\/\/cursos.9ideas.net\/wp-content\/uploads\/2022\/08\/cropped-9-ideas-escuela-digital.png","contentUrl":"https:\/\/cursos.9ideas.net\/wp-content\/uploads\/2022\/08\/cropped-9-ideas-escuela-digital.png","width":300,"height":100,"caption":"9 ideas | Escuela Digital"},"image":{"@id":"https:\/\/cursos.9ideas.net\/#\/schema\/logo\/image\/"}}]}},"_links":{"self":[{"href":"https:\/\/cursos.9ideas.net\/index.php\/wp-json\/wp\/v2\/pages\/599","targetHints":{"allow":["GET"]}}],"collection":[{"href":"https:\/\/cursos.9ideas.net\/index.php\/wp-json\/wp\/v2\/pages"}],"about":[{"href":"https:\/\/cursos.9ideas.net\/index.php\/wp-json\/wp\/v2\/types\/page"}],"author":[{"embeddable":true,"href":"https:\/\/cursos.9ideas.net\/index.php\/wp-json\/wp\/v2\/users\/3345"}],"replies":[{"embeddable":true,"href":"https:\/\/cursos.9ideas.net\/index.php\/wp-json\/wp\/v2\/comments?post=599"}],"version-history":[{"count":140,"href":"https:\/\/cursos.9ideas.net\/index.php\/wp-json\/wp\/v2\/pages\/599\/revisions"}],"predecessor-version":[{"id":23022,"href":"https:\/\/cursos.9ideas.net\/index.php\/wp-json\/wp\/v2\/pages\/599\/revisions\/23022"}],"wp:attachment":[{"href":"https:\/\/cursos.9ideas.net\/index.php\/wp-json\/wp\/v2\/media?parent=599"}],"curies":[{"name":"wp","href":"https:\/\/api.w.org\/{rel}","templated":true}]}}