{"id":22480,"date":"2024-05-29T18:06:30","date_gmt":"2024-05-29T21:06:30","guid":{"rendered":"https:\/\/cursos.9ideas.net\/?page_id=22480"},"modified":"2024-05-30T19:06:27","modified_gmt":"2024-05-30T22:06:27","slug":"solicitud-de-acceso-a-portal-de-emplo","status":"publish","type":"page","link":"https:\/\/cursos.9ideas.net\/index.php\/portal-de-empleo\/solicitud-de-acceso-a-portal-de-emplo\/","title":{"rendered":"Solicitud de acceso a portal de empleo"},"content":{"rendered":"\t\t<div data-elementor-type=\"wp-page\" data-elementor-id=\"22480\" class=\"elementor elementor-22480\">\n\t\t\t\t\t\t<section class=\"elementor-section elementor-top-section elementor-element elementor-element-5c1b52a elementor-section-boxed elementor-section-height-default elementor-section-height-default\" data-id=\"5c1b52a\" data-element_type=\"section\" data-e-type=\"section\" data-settings=\"{&quot;background_background&quot;:&quot;classic&quot;}\">\n\t\t\t\t\t\t\t<div class=\"elementor-background-overlay\"><\/div>\n\t\t\t\t\t\t\t<div class=\"elementor-container elementor-column-gap-default\">\n\t\t\t\t\t<div class=\"elementor-column elementor-col-50 elementor-top-column elementor-element elementor-element-7aa5055\" data-id=\"7aa5055\" data-element_type=\"column\" data-e-type=\"column\" data-settings=\"{&quot;background_background&quot;:&quot;gradient&quot;}\">\n\t\t\t<div class=\"elementor-widget-wrap elementor-element-populated\">\n\t\t\t\t\t\t<div class=\"elementor-element elementor-element-1f085e3 elementor-widget elementor-widget-heading\" data-id=\"1f085e3\" data-element_type=\"widget\" data-e-type=\"widget\" data-widget_type=\"heading.default\">\n\t\t\t\t<div class=\"elementor-widget-container\">\n\t\t\t\t\t<h2 class=\"elementor-heading-title elementor-size-default\">Acced\u00e9 al portal de empleo<\/h2>\t\t\t\t<\/div>\n\t\t\t\t<\/div>\n\t\t\t\t<div class=\"elementor-element elementor-element-c0bd714 elementor-widget elementor-widget-text-editor\" data-id=\"c0bd714\" data-element_type=\"widget\" data-e-type=\"widget\" data-widget_type=\"text-editor.default\">\n\t\t\t\t<div class=\"elementor-widget-container\">\n\t\t\t\t\t\t\t\t\t<p>Mir\u00e1 este video de 1 minuto donde te explicamos c\u00f3mo pod\u00e9s acceder al portal de empleo para conocer a todos nuestros estudiantes egresados. <strong>Servicio exclusivo para empresas, reclutadores y personal de Recursos Humanos.<\/strong><\/p>\t\t\t\t\t\t\t\t<\/div>\n\t\t\t\t<\/div>\n\t\t\t\t<div class=\"elementor-element elementor-element-d4869b6 elementor-widget elementor-widget-video\" data-id=\"d4869b6\" data-element_type=\"widget\" data-e-type=\"widget\" data-settings=\"{&quot;youtube_url&quot;:&quot;https:\\\/\\\/youtu.be\\\/CXGXfop7I4Y&quot;,&quot;video_type&quot;:&quot;youtube&quot;,&quot;controls&quot;:&quot;yes&quot;}\" data-widget_type=\"video.default\">\n\t\t\t\t<div class=\"elementor-widget-container\">\n\t\t\t\t\t\t\t<div class=\"elementor-wrapper elementor-open-inline\">\n\t\t\t<div class=\"elementor-video\"><\/div>\t\t<\/div>\n\t\t\t\t\t\t<\/div>\n\t\t\t\t<\/div>\n\t\t\t\t\t<\/div>\n\t\t<\/div>\n\t\t\t\t<div class=\"elementor-column elementor-col-50 elementor-top-column elementor-element elementor-element-e5e6957\" data-id=\"e5e6957\" data-element_type=\"column\" data-e-type=\"column\" data-settings=\"{&quot;background_background&quot;:&quot;classic&quot;}\">\n\t\t\t<div class=\"elementor-widget-wrap elementor-element-populated\">\n\t\t\t\t\t\t<div class=\"elementor-element elementor-element-5eba4f0 elementor-widget elementor-widget-shortcode\" data-id=\"5eba4f0\" data-element_type=\"widget\" data-e-type=\"widget\" data-widget_type=\"shortcode.default\">\n\t\t\t\t<div class=\"elementor-widget-container\">\n\t\t\t\t\t\t\t<div class=\"elementor-shortcode\">\n<div class=\"wpcf7 no-js\" id=\"wpcf7-f22483-o1\" lang=\"es-ES\" dir=\"ltr\" data-wpcf7-id=\"22483\">\n<div class=\"screen-reader-response\"><p role=\"status\" aria-live=\"polite\" aria-atomic=\"true\"><\/p> <ul><\/ul><\/div>\n<form action=\"\/index.php\/wp-json\/wp\/v2\/pages\/22480#wpcf7-f22483-o1\" method=\"post\" class=\"wpcf7-form init\" aria-label=\"Formulario de contacto\" novalidate=\"novalidate\" data-status=\"init\">\n<fieldset class=\"hidden-fields-container\"><input type=\"hidden\" name=\"_wpcf7\" value=\"22483\" \/><input type=\"hidden\" name=\"_wpcf7_version\" value=\"6.1.5\" \/><input type=\"hidden\" name=\"_wpcf7_locale\" value=\"es_ES\" \/><input type=\"hidden\" name=\"_wpcf7_unit_tag\" value=\"wpcf7-f22483-o1\" \/><input type=\"hidden\" name=\"_wpcf7_container_post\" value=\"0\" \/><input type=\"hidden\" name=\"_wpcf7_posted_data_hash\" value=\"\" \/>\n<\/fieldset>\n<p><label> Tu nombre y apellido<br \/>\n<span class=\"wpcf7-form-control-wrap\" data-name=\"your-name\"><input size=\"40\" maxlength=\"400\" class=\"wpcf7-form-control wpcf7-text wpcf7-validates-as-required\" autocomplete=\"name\" aria-required=\"true\" aria-invalid=\"false\" value=\"\" type=\"text\" name=\"your-name\" \/><\/span> <\/label>\n<\/p>\n<p><label> Tu correo electr\u00f3nico<br \/>\n<span class=\"wpcf7-form-control-wrap\" data-name=\"your-email\"><input size=\"40\" maxlength=\"400\" class=\"wpcf7-form-control wpcf7-email wpcf7-validates-as-required wpcf7-text wpcf7-validates-as-email\" autocomplete=\"email\" aria-required=\"true\" aria-invalid=\"false\" value=\"\" type=\"email\" name=\"your-email\" \/><\/span> <\/label>\n<\/p>\n<p><label> Nombre de la empresa<br \/>\n<span class=\"wpcf7-form-control-wrap\" data-name=\"text-195\"><input size=\"40\" maxlength=\"400\" class=\"wpcf7-form-control wpcf7-text wpcf7-validates-as-required\" aria-required=\"true\" aria-invalid=\"false\" value=\"\" type=\"text\" name=\"text-195\" \/><\/span> <\/label>\n<\/p>\n<p><label> Pa\u00eds y Provincia donde se radica la empresa<br \/>\n<span class=\"wpcf7-form-control-wrap\" data-name=\"text-196\"><input size=\"40\" maxlength=\"400\" class=\"wpcf7-form-control wpcf7-text wpcf7-validates-as-required\" aria-required=\"true\" aria-invalid=\"false\" value=\"\" type=\"text\" name=\"text-196\" \/><\/span> <\/label>\n<\/p>\n<p><label> \u00bfQu\u00e9 puesto busc\u00e1s cubrir?<br \/>\n<span class=\"wpcf7-form-control-wrap\" data-name=\"text-197\"><input size=\"40\" maxlength=\"400\" class=\"wpcf7-form-control wpcf7-text wpcf7-validates-as-required\" aria-required=\"true\" aria-invalid=\"false\" value=\"\" type=\"text\" name=\"text-197\" \/><\/span> <\/label>\n<\/p>\n<p><input class=\"wpcf7-form-control wpcf7-submit has-spinner\" type=\"submit\" value=\"Solicitar acceso\" \/>\n<\/p><div class=\"wpcf7-response-output\" aria-hidden=\"true\"><\/div>\n<\/form>\n<\/div>\n<\/div>\n\t\t\t\t\t\t<\/div>\n\t\t\t\t<\/div>\n\t\t\t\t\t<\/div>\n\t\t<\/div>\n\t\t\t\t\t<\/div>\n\t\t<\/section>\n\t\t\t\t<\/div>\n\t\t","protected":false},"excerpt":{"rendered":"<p>Acced\u00e9 al portal de empleo Mir\u00e1 este video de 1 minuto donde te explicamos c\u00f3mo pod\u00e9s acceder al portal de empleo para conocer a todos nuestros estudiantes egresados. Servicio exclusivo para empresas, reclutadores y personal de Recursos Humanos. https:\/\/youtu.be\/CXGXfop7I4Y<\/p>\n","protected":false},"author":3345,"featured_media":0,"parent":22123,"menu_order":0,"comment_status":"closed","ping_status":"closed","template":"","meta":{"_monsterinsights_skip_tracking":false,"_monsterinsights_sitenote_active":false,"_monsterinsights_sitenote_note":"","_monsterinsights_sitenote_category":0,"site-sidebar-layout":"no-sidebar","site-content-layout":"page-builder","ast-site-content-layout":"full-width-container","site-content-style":"default","site-sidebar-style":"default","ast-global-header-display":"","ast-banner-title-visibility":"","ast-main-header-display":"","ast-hfb-above-header-display":"","ast-hfb-below-header-display":"","ast-hfb-mobile-header-display":"","site-post-title":"disabled","ast-breadcrumbs-content":"","ast-featured-img":"disabled","footer-sml-layout":"","ast-disable-related-posts":"","theme-transparent-header-meta":"","adv-header-id-meta":"","stick-header-meta":"","header-above-stick-meta":"","header-main-stick-meta":"","header-below-stick-meta":"","astra-migrate-meta-layouts":"set","ast-page-background-enabled":"default","ast-page-background-meta":{"desktop":{"background-color":"","background-image":"","background-repeat":"repeat","background-position":"center center","background-size":"auto","background-attachment":"scroll","background-type":"","background-media":"","overlay-type":"","overlay-color":"","overlay-opacity":"","overlay-gradient":""},"tablet":{"background-color":"","background-image":"","background-repeat":"repeat","background-position":"center center","background-size":"auto","background-attachment":"scroll","background-type":"","background-media":"","overlay-type":"","overlay-color":"","overlay-opacity":"","overlay-gradient":""},"mobile":{"background-color":"","background-image":"","background-repeat":"repeat","background-position":"center center","background-size":"auto","background-attachment":"scroll","background-type":"","background-media":"","overlay-type":"","overlay-color":"","overlay-opacity":"","overlay-gradient":""}},"ast-content-background-meta":{"desktop":{"background-color":"var(--ast-global-color-5)","background-image":"","background-repeat":"repeat","background-position":"center center","background-size":"auto","background-attachment":"scroll","background-type":"","background-media":"","overlay-type":"","overlay-color":"","overlay-opacity":"","overlay-gradient":""},"tablet":{"background-color":"var(--ast-global-color-5)","background-image":"","background-repeat":"repeat","background-position":"center center","background-size":"auto","background-attachment":"scroll","background-type":"","background-media":"","overlay-type":"","overlay-color":"","overlay-opacity":"","overlay-gradient":""},"mobile":{"background-color":"var(--ast-global-color-5)","background-image":"","background-repeat":"repeat","background-position":"center center","background-size":"auto","background-attachment":"scroll","background-type":"","background-media":"","overlay-type":"","overlay-color":"","overlay-opacity":"","overlay-gradient":""}},"footnotes":""},"class_list":["post-22480","page","type-page","status-publish","hentry"],"yoast_head":"<!-- This site is optimized with the Yoast SEO plugin v27.4 - https:\/\/yoast.com\/product\/yoast-seo-wordpress\/ -->\n<title>Solicitud de acceso a portal de empleo - 9 ideas | Escuela Digital<\/title>\n<meta name=\"robots\" content=\"index, follow, max-snippet:-1, max-image-preview:large, max-video-preview:-1\" \/>\n<link rel=\"canonical\" href=\"https:\/\/cursos.9ideas.net\/index.php\/portal-de-empleo\/solicitud-de-acceso-a-portal-de-emplo\/\" \/>\n<meta property=\"og:locale\" content=\"es_ES\" \/>\n<meta property=\"og:type\" content=\"article\" \/>\n<meta property=\"og:title\" content=\"Solicitud de acceso a portal de empleo - 9 ideas | Escuela Digital\" \/>\n<meta property=\"og:description\" content=\"Acced\u00e9 al portal de empleo Mir\u00e1 este video de 1 minuto donde te explicamos c\u00f3mo pod\u00e9s acceder al portal de empleo para conocer a todos nuestros estudiantes egresados. Servicio exclusivo para empresas, reclutadores y personal de Recursos Humanos. https:\/\/youtu.be\/CXGXfop7I4Y\" \/>\n<meta property=\"og:url\" content=\"https:\/\/cursos.9ideas.net\/index.php\/portal-de-empleo\/solicitud-de-acceso-a-portal-de-emplo\/\" \/>\n<meta property=\"og:site_name\" content=\"9 ideas | Escuela Digital\" \/>\n<meta property=\"article:modified_time\" content=\"2024-05-30T22:06:27+00:00\" \/>\n<meta name=\"twitter:card\" content=\"summary_large_image\" \/>\n<meta name=\"twitter:label1\" content=\"Tiempo de lectura\" \/>\n\t<meta name=\"twitter:data1\" content=\"1 minuto\" \/>\n<script type=\"application\/ld+json\" class=\"yoast-schema-graph\">{\"@context\":\"https:\\\/\\\/schema.org\",\"@graph\":[{\"@type\":\"WebPage\",\"@id\":\"https:\\\/\\\/cursos.9ideas.net\\\/index.php\\\/portal-de-empleo\\\/solicitud-de-acceso-a-portal-de-emplo\\\/\",\"url\":\"https:\\\/\\\/cursos.9ideas.net\\\/index.php\\\/portal-de-empleo\\\/solicitud-de-acceso-a-portal-de-emplo\\\/\",\"name\":\"Solicitud de acceso a portal de empleo - 9 ideas | Escuela Digital\",\"isPartOf\":{\"@id\":\"https:\\\/\\\/cursos.9ideas.net\\\/#website\"},\"datePublished\":\"2024-05-29T21:06:30+00:00\",\"dateModified\":\"2024-05-30T22:06:27+00:00\",\"breadcrumb\":{\"@id\":\"https:\\\/\\\/cursos.9ideas.net\\\/index.php\\\/portal-de-empleo\\\/solicitud-de-acceso-a-portal-de-emplo\\\/#breadcrumb\"},\"inLanguage\":\"es\",\"potentialAction\":[{\"@type\":\"ReadAction\",\"target\":[\"https:\\\/\\\/cursos.9ideas.net\\\/index.php\\\/portal-de-empleo\\\/solicitud-de-acceso-a-portal-de-emplo\\\/\"]}]},{\"@type\":\"BreadcrumbList\",\"@id\":\"https:\\\/\\\/cursos.9ideas.net\\\/index.php\\\/portal-de-empleo\\\/solicitud-de-acceso-a-portal-de-emplo\\\/#breadcrumb\",\"itemListElement\":[{\"@type\":\"ListItem\",\"position\":1,\"name\":\"Portada\",\"item\":\"https:\\\/\\\/cursos.9ideas.net\\\/\"},{\"@type\":\"ListItem\",\"position\":2,\"name\":\"Portal de Empleo\",\"item\":\"https:\\\/\\\/cursos.9ideas.net\\\/index.php\\\/portal-de-empleo\\\/\"},{\"@type\":\"ListItem\",\"position\":3,\"name\":\"Solicitud de acceso a portal de empleo\"}]},{\"@type\":\"WebSite\",\"@id\":\"https:\\\/\\\/cursos.9ideas.net\\\/#website\",\"url\":\"https:\\\/\\\/cursos.9ideas.net\\\/\",\"name\":\"9 ideas | Escuela Digital\",\"description\":\"Aprend\u00e9 todo sobre Marketing Digital\",\"publisher\":{\"@id\":\"https:\\\/\\\/cursos.9ideas.net\\\/#organization\"},\"potentialAction\":[{\"@type\":\"SearchAction\",\"target\":{\"@type\":\"EntryPoint\",\"urlTemplate\":\"https:\\\/\\\/cursos.9ideas.net\\\/?s={search_term_string}\"},\"query-input\":{\"@type\":\"PropertyValueSpecification\",\"valueRequired\":true,\"valueName\":\"search_term_string\"}}],\"inLanguage\":\"es\"},{\"@type\":\"Organization\",\"@id\":\"https:\\\/\\\/cursos.9ideas.net\\\/#organization\",\"name\":\"9 ideas | Escuela Digital\",\"url\":\"https:\\\/\\\/cursos.9ideas.net\\\/\",\"logo\":{\"@type\":\"ImageObject\",\"inLanguage\":\"es\",\"@id\":\"https:\\\/\\\/cursos.9ideas.net\\\/#\\\/schema\\\/logo\\\/image\\\/\",\"url\":\"https:\\\/\\\/cursos.9ideas.net\\\/wp-content\\\/uploads\\\/2022\\\/08\\\/cropped-9-ideas-escuela-digital.png\",\"contentUrl\":\"https:\\\/\\\/cursos.9ideas.net\\\/wp-content\\\/uploads\\\/2022\\\/08\\\/cropped-9-ideas-escuela-digital.png\",\"width\":300,\"height\":100,\"caption\":\"9 ideas | Escuela Digital\"},\"image\":{\"@id\":\"https:\\\/\\\/cursos.9ideas.net\\\/#\\\/schema\\\/logo\\\/image\\\/\"}}]}<\/script>\n<!-- \/ Yoast SEO plugin. -->","yoast_head_json":{"title":"Solicitud de acceso a portal de empleo - 9 ideas | Escuela Digital","robots":{"index":"index","follow":"follow","max-snippet":"max-snippet:-1","max-image-preview":"max-image-preview:large","max-video-preview":"max-video-preview:-1"},"canonical":"https:\/\/cursos.9ideas.net\/index.php\/portal-de-empleo\/solicitud-de-acceso-a-portal-de-emplo\/","og_locale":"es_ES","og_type":"article","og_title":"Solicitud de acceso a portal de empleo - 9 ideas | Escuela Digital","og_description":"Acced\u00e9 al portal de empleo Mir\u00e1 este video de 1 minuto donde te explicamos c\u00f3mo pod\u00e9s acceder al portal de empleo para conocer a todos nuestros estudiantes egresados. Servicio exclusivo para empresas, reclutadores y personal de Recursos Humanos. https:\/\/youtu.be\/CXGXfop7I4Y","og_url":"https:\/\/cursos.9ideas.net\/index.php\/portal-de-empleo\/solicitud-de-acceso-a-portal-de-emplo\/","og_site_name":"9 ideas | Escuela Digital","article_modified_time":"2024-05-30T22:06:27+00:00","twitter_card":"summary_large_image","twitter_misc":{"Tiempo de lectura":"1 minuto"},"schema":{"@context":"https:\/\/schema.org","@graph":[{"@type":"WebPage","@id":"https:\/\/cursos.9ideas.net\/index.php\/portal-de-empleo\/solicitud-de-acceso-a-portal-de-emplo\/","url":"https:\/\/cursos.9ideas.net\/index.php\/portal-de-empleo\/solicitud-de-acceso-a-portal-de-emplo\/","name":"Solicitud de acceso a portal de empleo - 9 ideas | Escuela Digital","isPartOf":{"@id":"https:\/\/cursos.9ideas.net\/#website"},"datePublished":"2024-05-29T21:06:30+00:00","dateModified":"2024-05-30T22:06:27+00:00","breadcrumb":{"@id":"https:\/\/cursos.9ideas.net\/index.php\/portal-de-empleo\/solicitud-de-acceso-a-portal-de-emplo\/#breadcrumb"},"inLanguage":"es","potentialAction":[{"@type":"ReadAction","target":["https:\/\/cursos.9ideas.net\/index.php\/portal-de-empleo\/solicitud-de-acceso-a-portal-de-emplo\/"]}]},{"@type":"BreadcrumbList","@id":"https:\/\/cursos.9ideas.net\/index.php\/portal-de-empleo\/solicitud-de-acceso-a-portal-de-emplo\/#breadcrumb","itemListElement":[{"@type":"ListItem","position":1,"name":"Portada","item":"https:\/\/cursos.9ideas.net\/"},{"@type":"ListItem","position":2,"name":"Portal de Empleo","item":"https:\/\/cursos.9ideas.net\/index.php\/portal-de-empleo\/"},{"@type":"ListItem","position":3,"name":"Solicitud de acceso a portal de empleo"}]},{"@type":"WebSite","@id":"https:\/\/cursos.9ideas.net\/#website","url":"https:\/\/cursos.9ideas.net\/","name":"9 ideas | Escuela Digital","description":"Aprend\u00e9 todo sobre Marketing Digital","publisher":{"@id":"https:\/\/cursos.9ideas.net\/#organization"},"potentialAction":[{"@type":"SearchAction","target":{"@type":"EntryPoint","urlTemplate":"https:\/\/cursos.9ideas.net\/?s={search_term_string}"},"query-input":{"@type":"PropertyValueSpecification","valueRequired":true,"valueName":"search_term_string"}}],"inLanguage":"es"},{"@type":"Organization","@id":"https:\/\/cursos.9ideas.net\/#organization","name":"9 ideas | Escuela Digital","url":"https:\/\/cursos.9ideas.net\/","logo":{"@type":"ImageObject","inLanguage":"es","@id":"https:\/\/cursos.9ideas.net\/#\/schema\/logo\/image\/","url":"https:\/\/cursos.9ideas.net\/wp-content\/uploads\/2022\/08\/cropped-9-ideas-escuela-digital.png","contentUrl":"https:\/\/cursos.9ideas.net\/wp-content\/uploads\/2022\/08\/cropped-9-ideas-escuela-digital.png","width":300,"height":100,"caption":"9 ideas | Escuela Digital"},"image":{"@id":"https:\/\/cursos.9ideas.net\/#\/schema\/logo\/image\/"}}]}},"_hostinger_reach_plugin_has_subscription_block":false,"_hostinger_reach_plugin_is_elementor":false,"_links":{"self":[{"href":"https:\/\/cursos.9ideas.net\/index.php\/wp-json\/wp\/v2\/pages\/22480","targetHints":{"allow":["GET"]}}],"collection":[{"href":"https:\/\/cursos.9ideas.net\/index.php\/wp-json\/wp\/v2\/pages"}],"about":[{"href":"https:\/\/cursos.9ideas.net\/index.php\/wp-json\/wp\/v2\/types\/page"}],"author":[{"embeddable":true,"href":"https:\/\/cursos.9ideas.net\/index.php\/wp-json\/wp\/v2\/users\/3345"}],"replies":[{"embeddable":true,"href":"https:\/\/cursos.9ideas.net\/index.php\/wp-json\/wp\/v2\/comments?post=22480"}],"version-history":[{"count":29,"href":"https:\/\/cursos.9ideas.net\/index.php\/wp-json\/wp\/v2\/pages\/22480\/revisions"}],"predecessor-version":[{"id":22549,"href":"https:\/\/cursos.9ideas.net\/index.php\/wp-json\/wp\/v2\/pages\/22480\/revisions\/22549"}],"up":[{"embeddable":true,"href":"https:\/\/cursos.9ideas.net\/index.php\/wp-json\/wp\/v2\/pages\/22123"}],"wp:attachment":[{"href":"https:\/\/cursos.9ideas.net\/index.php\/wp-json\/wp\/v2\/media?parent=22480"}],"curies":[{"name":"wp","href":"https:\/\/api.w.org\/{rel}","templated":true}]}}