{"id":19159,"date":"2023-02-09T11:06:58","date_gmt":"2023-02-09T14:06:58","guid":{"rendered":"https:\/\/cursos.9ideas.net\/?page_id=19159"},"modified":"2024-12-10T11:45:26","modified_gmt":"2024-12-10T14:45:26","slug":"resultado-test-carrera-de-negocios-digitales","status":"publish","type":"page","link":"https:\/\/cursos.9ideas.net\/index.php\/test-vocacional\/resultado-test-carrera-de-negocios-digitales\/","title":{"rendered":"Resultado Test: Carrera de Negocios Digitales"},"content":{"rendered":"\t\t<div data-elementor-type=\"wp-page\" data-elementor-id=\"19159\" class=\"elementor elementor-19159\">\n\t\t\t\t\t\t<section class=\"elementor-section elementor-top-section elementor-element elementor-element-7cd11cab elementor-section-height-min-height elementor-section-items-bottom elementor-section-boxed elementor-section-height-default\" data-id=\"7cd11cab\" data-element_type=\"section\" data-e-type=\"section\" data-settings=\"{&quot;background_background&quot;:&quot;classic&quot;}\">\n\t\t\t\t\t\t\t<div class=\"elementor-background-overlay\"><\/div>\n\t\t\t\t\t\t\t<div class=\"elementor-container elementor-column-gap-no\">\n\t\t\t\t\t<div class=\"elementor-column elementor-col-100 elementor-top-column elementor-element elementor-element-29907182\" data-id=\"29907182\" data-element_type=\"column\" data-e-type=\"column\">\n\t\t\t<div class=\"elementor-widget-wrap elementor-element-populated\">\n\t\t\t\t\t\t<div class=\"elementor-element elementor-element-943491c elementor-widget elementor-widget-text-editor\" data-id=\"943491c\" data-element_type=\"widget\" data-e-type=\"widget\" data-widget_type=\"text-editor.default\">\n\t\t\t\t<div class=\"elementor-widget-container\">\n\t\t\t\t\t\t\t\t\t<p>TU RESULTADO<\/p>\t\t\t\t\t\t\t\t<\/div>\n\t\t\t\t<\/div>\n\t\t\t\t<div class=\"elementor-element elementor-element-64ccf43c elementor-widget elementor-widget-text-editor\" data-id=\"64ccf43c\" data-element_type=\"widget\" data-e-type=\"widget\" data-widget_type=\"text-editor.default\">\n\t\t\t\t<div class=\"elementor-widget-container\">\n\t\t\t\t\t\t\t\t\t<p>Podr\u00edas encontrar crecimiento profesional estudiando:<\/p>\t\t\t\t\t\t\t\t<\/div>\n\t\t\t\t<\/div>\n\t\t\t\t<div class=\"elementor-element elementor-element-6f7c1af elementor-widget elementor-widget-text-editor\" data-id=\"6f7c1af\" data-element_type=\"widget\" data-e-type=\"widget\" data-widget_type=\"text-editor.default\">\n\t\t\t\t<div class=\"elementor-widget-container\">\n\t\t\t\t\t\t\t\t\t<p><strong><span style=\"font-size: 31px;\">Carrera de Negocios Digitales<\/span><\/strong><\/p>\t\t\t\t\t\t\t\t<\/div>\n\t\t\t\t<\/div>\n\t\t\t\t<div class=\"elementor-element elementor-element-e866163 elementor-widget elementor-widget-text-editor\" data-id=\"e866163\" data-element_type=\"widget\" data-e-type=\"widget\" data-widget_type=\"text-editor.default\">\n\t\t\t\t<div class=\"elementor-widget-container\">\n\t\t\t\t\t\t\t\t\t<p>Estudiando Negocios Digiales pod\u00e9s brindar soluciones a empresas relacionadas a la comercializaci\u00f3n. Podr\u00e1s trabajar en proyectos o asesorando. Esta carrera incluye: Ventas, Excel, Ecommerce y Desarrollo de negocios.<\/p>\t\t\t\t\t\t\t\t<\/div>\n\t\t\t\t<\/div>\n\t\t\t\t<div class=\"elementor-element elementor-element-8fdaca8 elementor-widget elementor-widget-text-editor\" data-id=\"8fdaca8\" data-element_type=\"widget\" data-e-type=\"widget\" data-widget_type=\"text-editor.default\">\n\t\t\t\t<div class=\"elementor-widget-container\">\n\t\t\t\t\t\t\t\t\t<p style=\"text-align: center;\"><strong>\u00bfTe gustar\u00eda que te enviemos el programa de esta carrera?<\/strong><\/p><p style=\"text-align: center;\">Complet\u00e1 el formulario<\/p>\t\t\t\t\t\t\t\t<\/div>\n\t\t\t\t<\/div>\n\t\t\t\t<div class=\"elementor-element elementor-element-940c0a5 elementor-widget elementor-widget-shortcode\" data-id=\"940c0a5\" data-element_type=\"widget\" data-e-type=\"widget\" data-widget_type=\"shortcode.default\">\n\t\t\t\t<div class=\"elementor-widget-container\">\n\t\t\t\t\t\t\t<div class=\"elementor-shortcode\">\n<div class=\"wpcf7 no-js\" id=\"wpcf7-f22694-o1\" lang=\"es-ES\" dir=\"ltr\" data-wpcf7-id=\"22694\">\n<div class=\"screen-reader-response\"><p role=\"status\" aria-live=\"polite\" aria-atomic=\"true\"><\/p> <ul><\/ul><\/div>\n<form action=\"\/index.php\/wp-json\/wp\/v2\/pages\/19159#wpcf7-f22694-o1\" method=\"post\" class=\"wpcf7-form init\" aria-label=\"Formulario de contacto\" novalidate=\"novalidate\" data-status=\"init\">\n<fieldset class=\"hidden-fields-container\"><input type=\"hidden\" name=\"_wpcf7\" value=\"22694\" \/><input type=\"hidden\" name=\"_wpcf7_version\" value=\"6.1.5\" \/><input type=\"hidden\" name=\"_wpcf7_locale\" value=\"es_ES\" \/><input type=\"hidden\" name=\"_wpcf7_unit_tag\" value=\"wpcf7-f22694-o1\" \/><input type=\"hidden\" name=\"_wpcf7_container_post\" value=\"0\" \/><input type=\"hidden\" name=\"_wpcf7_posted_data_hash\" value=\"\" \/>\n<\/fieldset>\n<p><label> Tu nombre completo<br \/>\n<span class=\"wpcf7-form-control-wrap\" data-name=\"your-name\"><input size=\"40\" maxlength=\"400\" class=\"wpcf7-form-control wpcf7-text wpcf7-validates-as-required\" aria-required=\"true\" aria-invalid=\"false\" value=\"\" type=\"text\" name=\"your-name\" \/><\/span> <\/label>\n<\/p>\n<p><label> Tu e-mail<br \/>\n<span class=\"wpcf7-form-control-wrap\" data-name=\"your-email\"><input size=\"40\" maxlength=\"400\" class=\"wpcf7-form-control wpcf7-email wpcf7-validates-as-required wpcf7-text wpcf7-validates-as-email\" aria-required=\"true\" aria-invalid=\"false\" value=\"\" type=\"email\" name=\"your-email\" \/><\/span> <\/label>\n<\/p>\n<p><label> Tu n\u00famero de tel\u00e9fono<br \/>\n<span class=\"wpcf7-form-control-wrap\" data-name=\"tel-514\"><input size=\"40\" maxlength=\"400\" class=\"wpcf7-form-control wpcf7-tel wpcf7-validates-as-required wpcf7-text wpcf7-validates-as-tel\" aria-required=\"true\" aria-invalid=\"false\" value=\"\" type=\"tel\" name=\"tel-514\" \/><\/span> <\/label>\n<\/p>\n<p><label> Tu pa\u00eds<br \/>\n<span class=\"wpcf7-form-control-wrap\" data-name=\"menu-162\"><select class=\"wpcf7-form-control wpcf7-select wpcf7-validates-as-required\" aria-required=\"true\" aria-invalid=\"false\" name=\"menu-162\"><option value=\"\">&#8212;Por favor, elige una opci\u00f3n&#8212;<\/option><option value=\"Argentina\">Argentina<\/option><option value=\"Paraguay\">Paraguay<\/option><\/select><\/span> <\/label>\n<\/p>\n<p><label> \u00bfQue Carrera quer\u00e9s realizar?<br \/>\n<span class=\"wpcf7-form-control-wrap\" data-name=\"menu-252\"><select class=\"wpcf7-form-control wpcf7-select wpcf7-validates-as-required\" aria-required=\"true\" aria-invalid=\"false\" name=\"menu-252\"><option value=\"Inteligencia Artificial\">Inteligencia Artificial<\/option><option value=\"Marketing Digital\">Marketing Digital<\/option><option value=\"Creacion de Contenido\">Creacion de Contenido<\/option><option value=\"Publicidad Digital\">Publicidad Digital<\/option><option value=\"Negocios Digitales\">Negocios Digitales<\/option><\/select><\/span><br \/>\n<input class=\"wpcf7-form-control wpcf7-submit has-spinner\" type=\"submit\" value=\"Inscribirme\" \/><\/label>\n<\/p><div class=\"wpcf7-response-output\" aria-hidden=\"true\"><\/div>\n<\/form>\n<\/div>\n<\/div>\n\t\t\t\t\t\t<\/div>\n\t\t\t\t<\/div>\n\t\t\t\t\t<\/div>\n\t\t<\/div>\n\t\t\t\t\t<\/div>\n\t\t<\/section>\n\t\t\t\t<\/div>\n\t\t","protected":false},"excerpt":{"rendered":"<p>TU RESULTADO Podr\u00edas encontrar crecimiento profesional estudiando: Carrera de Negocios Digitales Estudiando Negocios Digiales pod\u00e9s brindar soluciones a empresas relacionadas a la comercializaci\u00f3n. Podr\u00e1s trabajar en proyectos o asesorando. Esta carrera incluye: Ventas, Excel, Ecommerce y Desarrollo de negocios. \u00bfTe gustar\u00eda que te enviemos el programa de esta carrera? Complet\u00e1 el formulario<\/p>\n","protected":false},"author":3345,"featured_media":0,"parent":19113,"menu_order":0,"comment_status":"closed","ping_status":"closed","template":"","meta":{"_monsterinsights_skip_tracking":false,"_monsterinsights_sitenote_active":false,"_monsterinsights_sitenote_note":"","_monsterinsights_sitenote_category":0,"site-sidebar-layout":"no-sidebar","site-content-layout":"page-builder","ast-site-content-layout":"default","site-content-style":"default","site-sidebar-style":"default","ast-global-header-display":"","ast-banner-title-visibility":"","ast-main-header-display":"","ast-hfb-above-header-display":"","ast-hfb-below-header-display":"","ast-hfb-mobile-header-display":"","site-post-title":"disabled","ast-breadcrumbs-content":"","ast-featured-img":"disabled","footer-sml-layout":"","ast-disable-related-posts":"","theme-transparent-header-meta":"","adv-header-id-meta":"","stick-header-meta":"","header-above-stick-meta":"","header-main-stick-meta":"","header-below-stick-meta":"","astra-migrate-meta-layouts":"default","ast-page-background-enabled":"default","ast-page-background-meta":{"desktop":{"background-color":"","background-image":"","background-repeat":"repeat","background-position":"center center","background-size":"auto","background-attachment":"scroll","background-type":"","background-media":"","overlay-type":"","overlay-color":"","overlay-opacity":"","overlay-gradient":""},"tablet":{"background-color":"","background-image":"","background-repeat":"repeat","background-position":"center center","background-size":"auto","background-attachment":"scroll","background-type":"","background-media":"","overlay-type":"","overlay-color":"","overlay-opacity":"","overlay-gradient":""},"mobile":{"background-color":"","background-image":"","background-repeat":"repeat","background-position":"center center","background-size":"auto","background-attachment":"scroll","background-type":"","background-media":"","overlay-type":"","overlay-color":"","overlay-opacity":"","overlay-gradient":""}},"ast-content-background-meta":{"desktop":{"background-color":"var(--ast-global-color-5)","background-image":"","background-repeat":"repeat","background-position":"center center","background-size":"auto","background-attachment":"scroll","background-type":"","background-media":"","overlay-type":"","overlay-color":"","overlay-opacity":"","overlay-gradient":""},"tablet":{"background-color":"var(--ast-global-color-5)","background-image":"","background-repeat":"repeat","background-position":"center center","background-size":"auto","background-attachment":"scroll","background-type":"","background-media":"","overlay-type":"","overlay-color":"","overlay-opacity":"","overlay-gradient":""},"mobile":{"background-color":"var(--ast-global-color-5)","background-image":"","background-repeat":"repeat","background-position":"center center","background-size":"auto","background-attachment":"scroll","background-type":"","background-media":"","overlay-type":"","overlay-color":"","overlay-opacity":"","overlay-gradient":""}},"footnotes":""},"class_list":["post-19159","page","type-page","status-publish","hentry"],"yoast_head":"<!-- This site is optimized with the Yoast SEO plugin v27.4 - https:\/\/yoast.com\/product\/yoast-seo-wordpress\/ -->\n<title>Resultado Test: Carrera de Negocios Digitales - 9 ideas | Escuela Digital<\/title>\n<meta name=\"robots\" content=\"index, follow, max-snippet:-1, max-image-preview:large, max-video-preview:-1\" \/>\n<link rel=\"canonical\" href=\"https:\/\/cursos.9ideas.net\/index.php\/test-vocacional\/resultado-test-carrera-de-negocios-digitales\/\" \/>\n<meta property=\"og:locale\" content=\"es_ES\" \/>\n<meta property=\"og:type\" content=\"article\" \/>\n<meta property=\"og:title\" content=\"Resultado Test: Carrera de Negocios Digitales - 9 ideas | Escuela Digital\" \/>\n<meta property=\"og:description\" content=\"TU RESULTADO Podr\u00edas encontrar crecimiento profesional estudiando: Carrera de Negocios Digitales Estudiando Negocios Digiales pod\u00e9s brindar soluciones a empresas relacionadas a la comercializaci\u00f3n. Podr\u00e1s trabajar en proyectos o asesorando. Esta carrera incluye: Ventas, Excel, Ecommerce y Desarrollo de negocios. \u00bfTe gustar\u00eda que te enviemos el programa de esta carrera? Complet\u00e1 el formulario\" \/>\n<meta property=\"og:url\" content=\"https:\/\/cursos.9ideas.net\/index.php\/test-vocacional\/resultado-test-carrera-de-negocios-digitales\/\" \/>\n<meta property=\"og:site_name\" content=\"9 ideas | Escuela Digital\" \/>\n<meta property=\"article:modified_time\" content=\"2024-12-10T14:45:26+00:00\" \/>\n<meta name=\"twitter:card\" content=\"summary_large_image\" \/>\n<meta name=\"twitter:label1\" content=\"Tiempo de lectura\" \/>\n\t<meta name=\"twitter:data1\" content=\"1 minuto\" \/>\n<script type=\"application\/ld+json\" class=\"yoast-schema-graph\">{\"@context\":\"https:\\\/\\\/schema.org\",\"@graph\":[{\"@type\":\"WebPage\",\"@id\":\"https:\\\/\\\/cursos.9ideas.net\\\/index.php\\\/test-vocacional\\\/resultado-test-carrera-de-negocios-digitales\\\/\",\"url\":\"https:\\\/\\\/cursos.9ideas.net\\\/index.php\\\/test-vocacional\\\/resultado-test-carrera-de-negocios-digitales\\\/\",\"name\":\"Resultado Test: Carrera de Negocios Digitales - 9 ideas | Escuela Digital\",\"isPartOf\":{\"@id\":\"https:\\\/\\\/cursos.9ideas.net\\\/#website\"},\"datePublished\":\"2023-02-09T14:06:58+00:00\",\"dateModified\":\"2024-12-10T14:45:26+00:00\",\"breadcrumb\":{\"@id\":\"https:\\\/\\\/cursos.9ideas.net\\\/index.php\\\/test-vocacional\\\/resultado-test-carrera-de-negocios-digitales\\\/#breadcrumb\"},\"inLanguage\":\"es\",\"potentialAction\":[{\"@type\":\"ReadAction\",\"target\":[\"https:\\\/\\\/cursos.9ideas.net\\\/index.php\\\/test-vocacional\\\/resultado-test-carrera-de-negocios-digitales\\\/\"]}]},{\"@type\":\"BreadcrumbList\",\"@id\":\"https:\\\/\\\/cursos.9ideas.net\\\/index.php\\\/test-vocacional\\\/resultado-test-carrera-de-negocios-digitales\\\/#breadcrumb\",\"itemListElement\":[{\"@type\":\"ListItem\",\"position\":1,\"name\":\"Portada\",\"item\":\"https:\\\/\\\/cursos.9ideas.net\\\/\"},{\"@type\":\"ListItem\",\"position\":2,\"name\":\"Test de orientaci\u00f3n vocacional\",\"item\":\"https:\\\/\\\/cursos.9ideas.net\\\/index.php\\\/test-vocacional\\\/\"},{\"@type\":\"ListItem\",\"position\":3,\"name\":\"Resultado Test: Carrera de Negocios Digitales\"}]},{\"@type\":\"WebSite\",\"@id\":\"https:\\\/\\\/cursos.9ideas.net\\\/#website\",\"url\":\"https:\\\/\\\/cursos.9ideas.net\\\/\",\"name\":\"9 ideas | Escuela Digital\",\"description\":\"Aprend\u00e9 todo sobre Marketing Digital\",\"publisher\":{\"@id\":\"https:\\\/\\\/cursos.9ideas.net\\\/#organization\"},\"potentialAction\":[{\"@type\":\"SearchAction\",\"target\":{\"@type\":\"EntryPoint\",\"urlTemplate\":\"https:\\\/\\\/cursos.9ideas.net\\\/?s={search_term_string}\"},\"query-input\":{\"@type\":\"PropertyValueSpecification\",\"valueRequired\":true,\"valueName\":\"search_term_string\"}}],\"inLanguage\":\"es\"},{\"@type\":\"Organization\",\"@id\":\"https:\\\/\\\/cursos.9ideas.net\\\/#organization\",\"name\":\"9 ideas | Escuela Digital\",\"url\":\"https:\\\/\\\/cursos.9ideas.net\\\/\",\"logo\":{\"@type\":\"ImageObject\",\"inLanguage\":\"es\",\"@id\":\"https:\\\/\\\/cursos.9ideas.net\\\/#\\\/schema\\\/logo\\\/image\\\/\",\"url\":\"https:\\\/\\\/cursos.9ideas.net\\\/wp-content\\\/uploads\\\/2022\\\/08\\\/cropped-9-ideas-escuela-digital.png\",\"contentUrl\":\"https:\\\/\\\/cursos.9ideas.net\\\/wp-content\\\/uploads\\\/2022\\\/08\\\/cropped-9-ideas-escuela-digital.png\",\"width\":300,\"height\":100,\"caption\":\"9 ideas | Escuela Digital\"},\"image\":{\"@id\":\"https:\\\/\\\/cursos.9ideas.net\\\/#\\\/schema\\\/logo\\\/image\\\/\"}}]}<\/script>\n<!-- \/ Yoast SEO plugin. -->","yoast_head_json":{"title":"Resultado Test: Carrera de Negocios Digitales - 9 ideas | Escuela Digital","robots":{"index":"index","follow":"follow","max-snippet":"max-snippet:-1","max-image-preview":"max-image-preview:large","max-video-preview":"max-video-preview:-1"},"canonical":"https:\/\/cursos.9ideas.net\/index.php\/test-vocacional\/resultado-test-carrera-de-negocios-digitales\/","og_locale":"es_ES","og_type":"article","og_title":"Resultado Test: Carrera de Negocios Digitales - 9 ideas | Escuela Digital","og_description":"TU RESULTADO Podr\u00edas encontrar crecimiento profesional estudiando: Carrera de Negocios Digitales Estudiando Negocios Digiales pod\u00e9s brindar soluciones a empresas relacionadas a la comercializaci\u00f3n. Podr\u00e1s trabajar en proyectos o asesorando. Esta carrera incluye: Ventas, Excel, Ecommerce y Desarrollo de negocios. \u00bfTe gustar\u00eda que te enviemos el programa de esta carrera? Complet\u00e1 el formulario","og_url":"https:\/\/cursos.9ideas.net\/index.php\/test-vocacional\/resultado-test-carrera-de-negocios-digitales\/","og_site_name":"9 ideas | Escuela Digital","article_modified_time":"2024-12-10T14:45:26+00:00","twitter_card":"summary_large_image","twitter_misc":{"Tiempo de lectura":"1 minuto"},"schema":{"@context":"https:\/\/schema.org","@graph":[{"@type":"WebPage","@id":"https:\/\/cursos.9ideas.net\/index.php\/test-vocacional\/resultado-test-carrera-de-negocios-digitales\/","url":"https:\/\/cursos.9ideas.net\/index.php\/test-vocacional\/resultado-test-carrera-de-negocios-digitales\/","name":"Resultado Test: Carrera de Negocios Digitales - 9 ideas | Escuela Digital","isPartOf":{"@id":"https:\/\/cursos.9ideas.net\/#website"},"datePublished":"2023-02-09T14:06:58+00:00","dateModified":"2024-12-10T14:45:26+00:00","breadcrumb":{"@id":"https:\/\/cursos.9ideas.net\/index.php\/test-vocacional\/resultado-test-carrera-de-negocios-digitales\/#breadcrumb"},"inLanguage":"es","potentialAction":[{"@type":"ReadAction","target":["https:\/\/cursos.9ideas.net\/index.php\/test-vocacional\/resultado-test-carrera-de-negocios-digitales\/"]}]},{"@type":"BreadcrumbList","@id":"https:\/\/cursos.9ideas.net\/index.php\/test-vocacional\/resultado-test-carrera-de-negocios-digitales\/#breadcrumb","itemListElement":[{"@type":"ListItem","position":1,"name":"Portada","item":"https:\/\/cursos.9ideas.net\/"},{"@type":"ListItem","position":2,"name":"Test de orientaci\u00f3n vocacional","item":"https:\/\/cursos.9ideas.net\/index.php\/test-vocacional\/"},{"@type":"ListItem","position":3,"name":"Resultado Test: Carrera de Negocios Digitales"}]},{"@type":"WebSite","@id":"https:\/\/cursos.9ideas.net\/#website","url":"https:\/\/cursos.9ideas.net\/","name":"9 ideas | Escuela Digital","description":"Aprend\u00e9 todo sobre Marketing Digital","publisher":{"@id":"https:\/\/cursos.9ideas.net\/#organization"},"potentialAction":[{"@type":"SearchAction","target":{"@type":"EntryPoint","urlTemplate":"https:\/\/cursos.9ideas.net\/?s={search_term_string}"},"query-input":{"@type":"PropertyValueSpecification","valueRequired":true,"valueName":"search_term_string"}}],"inLanguage":"es"},{"@type":"Organization","@id":"https:\/\/cursos.9ideas.net\/#organization","name":"9 ideas | Escuela Digital","url":"https:\/\/cursos.9ideas.net\/","logo":{"@type":"ImageObject","inLanguage":"es","@id":"https:\/\/cursos.9ideas.net\/#\/schema\/logo\/image\/","url":"https:\/\/cursos.9ideas.net\/wp-content\/uploads\/2022\/08\/cropped-9-ideas-escuela-digital.png","contentUrl":"https:\/\/cursos.9ideas.net\/wp-content\/uploads\/2022\/08\/cropped-9-ideas-escuela-digital.png","width":300,"height":100,"caption":"9 ideas | Escuela Digital"},"image":{"@id":"https:\/\/cursos.9ideas.net\/#\/schema\/logo\/image\/"}}]}},"_hostinger_reach_plugin_has_subscription_block":false,"_hostinger_reach_plugin_is_elementor":false,"_links":{"self":[{"href":"https:\/\/cursos.9ideas.net\/index.php\/wp-json\/wp\/v2\/pages\/19159","targetHints":{"allow":["GET"]}}],"collection":[{"href":"https:\/\/cursos.9ideas.net\/index.php\/wp-json\/wp\/v2\/pages"}],"about":[{"href":"https:\/\/cursos.9ideas.net\/index.php\/wp-json\/wp\/v2\/types\/page"}],"author":[{"embeddable":true,"href":"https:\/\/cursos.9ideas.net\/index.php\/wp-json\/wp\/v2\/users\/3345"}],"replies":[{"embeddable":true,"href":"https:\/\/cursos.9ideas.net\/index.php\/wp-json\/wp\/v2\/comments?post=19159"}],"version-history":[{"count":7,"href":"https:\/\/cursos.9ideas.net\/index.php\/wp-json\/wp\/v2\/pages\/19159\/revisions"}],"predecessor-version":[{"id":23304,"href":"https:\/\/cursos.9ideas.net\/index.php\/wp-json\/wp\/v2\/pages\/19159\/revisions\/23304"}],"up":[{"embeddable":true,"href":"https:\/\/cursos.9ideas.net\/index.php\/wp-json\/wp\/v2\/pages\/19113"}],"wp:attachment":[{"href":"https:\/\/cursos.9ideas.net\/index.php\/wp-json\/wp\/v2\/media?parent=19159"}],"curies":[{"name":"wp","href":"https:\/\/api.w.org\/{rel}","templated":true}]}}