{"id":1561,"date":"2021-08-11T13:12:02","date_gmt":"2021-08-11T13:12:02","guid":{"rendered":"https:\/\/cursos.9ideas.net\/?page_id=1561"},"modified":"2022-08-30T21:48:02","modified_gmt":"2022-08-31T00:48:02","slug":"tutorial-antes-que-comiences-el-curso","status":"publish","type":"page","link":"https:\/\/cursos.9ideas.net\/index.php\/tutorial-antes-que-comiences-el-curso\/","title":{"rendered":"Tutorial antes que comiences el curso"},"content":{"rendered":"\t\t<div data-elementor-type=\"wp-page\" data-elementor-id=\"1561\" class=\"elementor elementor-1561\">\n\t\t\t\t\t\t<section class=\"elementor-section elementor-top-section elementor-element elementor-element-1403af92 elementor-section-content-middle elementor-section-boxed elementor-section-height-default elementor-section-height-default\" data-id=\"1403af92\" data-element_type=\"section\" data-e-type=\"section\" data-settings=\"{&quot;background_background&quot;:&quot;classic&quot;}\">\n\t\t\t\t\t\t\t<div class=\"elementor-background-overlay\"><\/div>\n\t\t\t\t\t\t\t<div class=\"elementor-container elementor-column-gap-no\">\n\t\t\t\t\t<div class=\"elementor-column elementor-col-50 elementor-top-column elementor-element elementor-element-2c1aad70\" data-id=\"2c1aad70\" data-element_type=\"column\" data-e-type=\"column\">\n\t\t\t<div class=\"elementor-widget-wrap elementor-element-populated\">\n\t\t\t\t\t\t<div class=\"elementor-element elementor-element-60c2246e elementor-widget elementor-widget-heading\" data-id=\"60c2246e\" data-element_type=\"widget\" data-e-type=\"widget\" data-widget_type=\"heading.default\">\n\t\t\t\t<div class=\"elementor-widget-container\">\n\t\t\t\t\t<h4 class=\"elementor-heading-title elementor-size-default\">Onboarding<\/h4>\t\t\t\t<\/div>\n\t\t\t\t<\/div>\n\t\t\t\t\t<\/div>\n\t\t<\/div>\n\t\t\t\t<div class=\"elementor-column elementor-col-50 elementor-top-column elementor-element elementor-element-4ecfc7bd\" data-id=\"4ecfc7bd\" data-element_type=\"column\" data-e-type=\"column\">\n\t\t\t<div class=\"elementor-widget-wrap elementor-element-populated\">\n\t\t\t\t\t\t<div class=\"elementor-element elementor-element-321e7282 elementor-widget elementor-widget-text-editor\" data-id=\"321e7282\" data-element_type=\"widget\" data-e-type=\"widget\" data-widget_type=\"text-editor.default\">\n\t\t\t\t<div class=\"elementor-widget-container\">\n\t\t\t\t\t\t\t\t\t<p>Antes de comenzar, es fundamental que mires estos tutoriales. Record\u00e1 que ante cualquier consulta, podes recurrir al chat.<\/p>\t\t\t\t\t\t\t\t<\/div>\n\t\t\t\t<\/div>\n\t\t\t\t\t<\/div>\n\t\t<\/div>\n\t\t\t\t\t<\/div>\n\t\t<\/section>\n\t\t\t\t<section class=\"elementor-section elementor-top-section elementor-element elementor-element-458480b elementor-section-boxed elementor-section-height-default elementor-section-height-default\" data-id=\"458480b\" data-element_type=\"section\" data-e-type=\"section\">\n\t\t\t\t\t\t<div class=\"elementor-container elementor-column-gap-default\">\n\t\t\t\t\t<div class=\"elementor-column elementor-col-50 elementor-top-column elementor-element elementor-element-203d15f\" data-id=\"203d15f\" data-element_type=\"column\" data-e-type=\"column\">\n\t\t\t<div class=\"elementor-widget-wrap elementor-element-populated\">\n\t\t\t\t\t\t<div class=\"elementor-element elementor-element-476d2e0 elementor-widget elementor-widget-text-editor\" data-id=\"476d2e0\" data-element_type=\"widget\" data-e-type=\"widget\" data-widget_type=\"text-editor.default\">\n\t\t\t\t<div class=\"elementor-widget-container\">\n\t\t\t\t\t\t\t\t\t<p style=\"text-align: center;\">\u00a1Hola! Primero mir\u00e1 este video<\/p>\t\t\t\t\t\t\t\t<\/div>\n\t\t\t\t<\/div>\n\t\t\t\t<div class=\"elementor-element elementor-element-336aad8 elementor-widget elementor-widget-html\" data-id=\"336aad8\" data-element_type=\"widget\" data-e-type=\"widget\" data-widget_type=\"html.default\">\n\t\t\t\t<div class=\"elementor-widget-container\">\n\t\t\t\t\t<iframe src=\"https:\/\/player.vimeo.com\/video\/743576464?h=a12712653e\" width=\"640\" height=\"360\" frameborder=\"0\" allow=\"autoplay; fullscreen; picture-in-picture\" allowfullscreen><\/iframe>\t\t\t\t<\/div>\n\t\t\t\t<\/div>\n\t\t\t\t\t<\/div>\n\t\t<\/div>\n\t\t\t\t<div class=\"elementor-column elementor-col-50 elementor-top-column elementor-element elementor-element-eed6ff1\" data-id=\"eed6ff1\" data-element_type=\"column\" data-e-type=\"column\">\n\t\t\t<div class=\"elementor-widget-wrap elementor-element-populated\">\n\t\t\t\t\t\t<div class=\"elementor-element elementor-element-f75eb3c elementor-widget elementor-widget-text-editor\" data-id=\"f75eb3c\" data-element_type=\"widget\" data-e-type=\"widget\" data-widget_type=\"text-editor.default\">\n\t\t\t\t<div class=\"elementor-widget-container\">\n\t\t\t\t\t\t\t\t\t<p style=\"text-align: center;\">Ahora mir\u00e1 este&#8230;<\/p>\t\t\t\t\t\t\t\t<\/div>\n\t\t\t\t<\/div>\n\t\t\t\t<div class=\"elementor-element elementor-element-804a835 elementor-widget elementor-widget-html\" data-id=\"804a835\" data-element_type=\"widget\" data-e-type=\"widget\" data-widget_type=\"html.default\">\n\t\t\t\t<div class=\"elementor-widget-container\">\n\t\t\t\t\t<iframe src=\"https:\/\/player.vimeo.com\/video\/743579444?h=a22370ba91\" width=\"640\" height=\"360\" frameborder=\"0\" allow=\"autoplay; fullscreen; picture-in-picture\" allowfullscreen><\/iframe>\t\t\t\t<\/div>\n\t\t\t\t<\/div>\n\t\t\t\t\t<\/div>\n\t\t<\/div>\n\t\t\t\t\t<\/div>\n\t\t<\/section>\n\t\t\t\t<section class=\"elementor-section elementor-top-section elementor-element elementor-element-5137ef5 elementor-section-boxed elementor-section-height-default elementor-section-height-default\" data-id=\"5137ef5\" data-element_type=\"section\" data-e-type=\"section\">\n\t\t\t\t\t\t<div class=\"elementor-container elementor-column-gap-default\">\n\t\t\t\t\t<div class=\"elementor-column elementor-col-50 elementor-top-column elementor-element elementor-element-ea7a321\" data-id=\"ea7a321\" data-element_type=\"column\" data-e-type=\"column\">\n\t\t\t<div class=\"elementor-widget-wrap elementor-element-populated\">\n\t\t\t\t\t\t<div class=\"elementor-element elementor-element-cdb7428 elementor-widget elementor-widget-text-editor\" data-id=\"cdb7428\" data-element_type=\"widget\" data-e-type=\"widget\" data-widget_type=\"text-editor.default\">\n\t\t\t\t<div class=\"elementor-widget-container\">\n\t\t\t\t\t\t\t\t\t<p style=\"text-align: center;\">Es posible que te pase esto. \u00a1Mira como resolverlo!<\/p>\t\t\t\t\t\t\t\t<\/div>\n\t\t\t\t<\/div>\n\t\t\t\t<div class=\"elementor-element elementor-element-7af151c elementor-widget elementor-widget-html\" data-id=\"7af151c\" data-element_type=\"widget\" data-e-type=\"widget\" data-widget_type=\"html.default\">\n\t\t\t\t<div class=\"elementor-widget-container\">\n\t\t\t\t\t<iframe src=\"https:\/\/player.vimeo.com\/video\/743579754?h=aa0729dc81\" width=\"640\" height=\"360\" frameborder=\"0\" allow=\"autoplay; fullscreen; picture-in-picture\" allowfullscreen><\/iframe>\t\t\t\t<\/div>\n\t\t\t\t<\/div>\n\t\t\t\t\t<\/div>\n\t\t<\/div>\n\t\t\t\t<div class=\"elementor-column elementor-col-50 elementor-top-column elementor-element elementor-element-c9ea06e\" data-id=\"c9ea06e\" data-element_type=\"column\" data-e-type=\"column\">\n\t\t\t<div class=\"elementor-widget-wrap elementor-element-populated\">\n\t\t\t\t\t\t<div class=\"elementor-element elementor-element-12bd08c elementor-widget elementor-widget-text-editor\" data-id=\"12bd08c\" data-element_type=\"widget\" data-e-type=\"widget\" data-widget_type=\"text-editor.default\">\n\t\t\t\t<div class=\"elementor-widget-container\">\n\t\t\t\t\t\t\t\t\t<p style=\"text-align: center;\">\u00bfD\u00f3nde hacer tus preguntas? Te lo respondemos ac\u00e1<\/p>\t\t\t\t\t\t\t\t<\/div>\n\t\t\t\t<\/div>\n\t\t\t\t<div class=\"elementor-element elementor-element-f6f3d82 elementor-widget elementor-widget-html\" data-id=\"f6f3d82\" data-element_type=\"widget\" data-e-type=\"widget\" data-widget_type=\"html.default\">\n\t\t\t\t<div class=\"elementor-widget-container\">\n\t\t\t\t\t<iframe src=\"https:\/\/player.vimeo.com\/video\/743579846?h=1d081a08b7\" width=\"640\" height=\"360\" frameborder=\"0\" allow=\"autoplay; fullscreen; picture-in-picture\" allowfullscreen><\/iframe>\t\t\t\t<\/div>\n\t\t\t\t<\/div>\n\t\t\t\t\t<\/div>\n\t\t<\/div>\n\t\t\t\t\t<\/div>\n\t\t<\/section>\n\t\t\t\t<section class=\"elementor-section elementor-top-section elementor-element elementor-element-1ef3539 elementor-section-boxed elementor-section-height-default elementor-section-height-default\" data-id=\"1ef3539\" data-element_type=\"section\" data-e-type=\"section\">\n\t\t\t\t\t\t<div class=\"elementor-container elementor-column-gap-default\">\n\t\t\t\t\t<div class=\"elementor-column elementor-col-50 elementor-top-column elementor-element elementor-element-fcad014\" data-id=\"fcad014\" data-element_type=\"column\" data-e-type=\"column\">\n\t\t\t<div class=\"elementor-widget-wrap elementor-element-populated\">\n\t\t\t\t\t\t<div class=\"elementor-element elementor-element-d34c046 elementor-widget elementor-widget-text-editor\" data-id=\"d34c046\" data-element_type=\"widget\" data-e-type=\"widget\" data-widget_type=\"text-editor.default\">\n\t\t\t\t<div class=\"elementor-widget-container\">\n\t\t\t\t\t\t\t\t\t<p style=\"text-align: center;\">Hablemos de los trabajamos pr\u00e1cticos y actividades<\/p>\t\t\t\t\t\t\t\t<\/div>\n\t\t\t\t<\/div>\n\t\t\t\t<div class=\"elementor-element elementor-element-f8e427c elementor-widget elementor-widget-html\" data-id=\"f8e427c\" data-element_type=\"widget\" data-e-type=\"widget\" data-widget_type=\"html.default\">\n\t\t\t\t<div class=\"elementor-widget-container\">\n\t\t\t\t\t<iframe src=\"https:\/\/player.vimeo.com\/video\/743581794?h=d0317c52e1\" width=\"640\" height=\"360\" frameborder=\"0\" allow=\"autoplay; fullscreen; picture-in-picture\" allowfullscreen><\/iframe>\t\t\t\t<\/div>\n\t\t\t\t<\/div>\n\t\t\t\t\t<\/div>\n\t\t<\/div>\n\t\t\t\t<div class=\"elementor-column elementor-col-50 elementor-top-column elementor-element elementor-element-e3723a0\" data-id=\"e3723a0\" data-element_type=\"column\" data-e-type=\"column\">\n\t\t\t<div class=\"elementor-widget-wrap elementor-element-populated\">\n\t\t\t\t\t\t<div class=\"elementor-element elementor-element-837e13a elementor-widget elementor-widget-text-editor\" data-id=\"837e13a\" data-element_type=\"widget\" data-e-type=\"widget\" data-widget_type=\"text-editor.default\">\n\t\t\t\t<div class=\"elementor-widget-container\">\n\t\t\t\t\t\t\t\t\t<p style=\"text-align: center;\">\u00bfC\u00f3mo pedir tu certificado?<\/p>\t\t\t\t\t\t\t\t<\/div>\n\t\t\t\t<\/div>\n\t\t\t\t<div class=\"elementor-element elementor-element-10a2d01 elementor-widget elementor-widget-html\" data-id=\"10a2d01\" data-element_type=\"widget\" data-e-type=\"widget\" data-widget_type=\"html.default\">\n\t\t\t\t<div class=\"elementor-widget-container\">\n\t\t\t\t\t<iframe src=\"https:\/\/player.vimeo.com\/video\/744811522?h=7d41871c0f\" width=\"640\" height=\"360\" frameborder=\"0\" allow=\"autoplay; fullscreen; picture-in-picture\" allowfullscreen><\/iframe>\t\t\t\t<\/div>\n\t\t\t\t<\/div>\n\t\t\t\t\t<\/div>\n\t\t<\/div>\n\t\t\t\t\t<\/div>\n\t\t<\/section>\n\t\t\t\t<\/div>\n\t\t","protected":false},"excerpt":{"rendered":"<p>Onboarding Antes de comenzar, es fundamental que mires estos tutoriales. Record\u00e1 que ante cualquier consulta, podes recurrir al chat. \u00a1Hola! Primero mir\u00e1 este video Ahora mir\u00e1 este&#8230; Es posible que te pase esto. \u00a1Mira como resolverlo! \u00bfD\u00f3nde hacer tus preguntas? Te lo respondemos ac\u00e1 Hablemos de los trabajamos pr\u00e1cticos y actividades \u00bfC\u00f3mo pedir tu certificado?<\/p>\n","protected":false},"author":3345,"featured_media":0,"parent":0,"menu_order":0,"comment_status":"closed","ping_status":"closed","template":"","meta":{"_monsterinsights_skip_tracking":false,"_monsterinsights_sitenote_active":false,"_monsterinsights_sitenote_note":"","_monsterinsights_sitenote_category":0,"site-sidebar-layout":"no-sidebar","site-content-layout":"page-builder","ast-site-content-layout":"default","site-content-style":"default","site-sidebar-style":"default","ast-global-header-display":"","ast-banner-title-visibility":"","ast-main-header-display":"","ast-hfb-above-header-display":"","ast-hfb-below-header-display":"","ast-hfb-mobile-header-display":"","site-post-title":"disabled","ast-breadcrumbs-content":"","ast-featured-img":"disabled","footer-sml-layout":"","ast-disable-related-posts":"","theme-transparent-header-meta":"default","adv-header-id-meta":"","stick-header-meta":"","header-above-stick-meta":"","header-main-stick-meta":"","header-below-stick-meta":"","astra-migrate-meta-layouts":"default","ast-page-background-enabled":"default","ast-page-background-meta":{"desktop":{"background-color":"","background-image":"","background-repeat":"repeat","background-position":"center center","background-size":"auto","background-attachment":"scroll","background-type":"","background-media":"","overlay-type":"","overlay-color":"","overlay-opacity":"","overlay-gradient":""},"tablet":{"background-color":"","background-image":"","background-repeat":"repeat","background-position":"center center","background-size":"auto","background-attachment":"scroll","background-type":"","background-media":"","overlay-type":"","overlay-color":"","overlay-opacity":"","overlay-gradient":""},"mobile":{"background-color":"","background-image":"","background-repeat":"repeat","background-position":"center center","background-size":"auto","background-attachment":"scroll","background-type":"","background-media":"","overlay-type":"","overlay-color":"","overlay-opacity":"","overlay-gradient":""}},"ast-content-background-meta":{"desktop":{"background-color":"var(--ast-global-color-5)","background-image":"","background-repeat":"repeat","background-position":"center center","background-size":"auto","background-attachment":"scroll","background-type":"","background-media":"","overlay-type":"","overlay-color":"","overlay-opacity":"","overlay-gradient":""},"tablet":{"background-color":"var(--ast-global-color-5)","background-image":"","background-repeat":"repeat","background-position":"center center","background-size":"auto","background-attachment":"scroll","background-type":"","background-media":"","overlay-type":"","overlay-color":"","overlay-opacity":"","overlay-gradient":""},"mobile":{"background-color":"var(--ast-global-color-5)","background-image":"","background-repeat":"repeat","background-position":"center center","background-size":"auto","background-attachment":"scroll","background-type":"","background-media":"","overlay-type":"","overlay-color":"","overlay-opacity":"","overlay-gradient":""}},"footnotes":""},"class_list":["post-1561","page","type-page","status-publish","hentry"],"yoast_head":"<!-- This site is optimized with the Yoast SEO plugin v27.4 - https:\/\/yoast.com\/product\/yoast-seo-wordpress\/ -->\n<title>Tutorial antes que comiences el curso - 9 ideas | Escuela Digital<\/title>\n<meta name=\"robots\" content=\"index, follow, max-snippet:-1, max-image-preview:large, max-video-preview:-1\" \/>\n<link rel=\"canonical\" href=\"https:\/\/cursos.9ideas.net\/index.php\/tutorial-antes-que-comiences-el-curso\/\" \/>\n<meta property=\"og:locale\" content=\"es_ES\" \/>\n<meta property=\"og:type\" content=\"article\" \/>\n<meta property=\"og:title\" content=\"Tutorial antes que comiences el curso - 9 ideas | Escuela Digital\" \/>\n<meta property=\"og:description\" content=\"Onboarding Antes de comenzar, es fundamental que mires estos tutoriales. Record\u00e1 que ante cualquier consulta, podes recurrir al chat. \u00a1Hola! Primero mir\u00e1 este video Ahora mir\u00e1 este&#8230; Es posible que te pase esto. \u00a1Mira como resolverlo! \u00bfD\u00f3nde hacer tus preguntas? Te lo respondemos ac\u00e1 Hablemos de los trabajamos pr\u00e1cticos y actividades \u00bfC\u00f3mo pedir tu certificado?\" \/>\n<meta property=\"og:url\" content=\"https:\/\/cursos.9ideas.net\/index.php\/tutorial-antes-que-comiences-el-curso\/\" \/>\n<meta property=\"og:site_name\" content=\"9 ideas | Escuela Digital\" \/>\n<meta property=\"article:modified_time\" content=\"2022-08-31T00:48:02+00:00\" \/>\n<meta name=\"twitter:card\" content=\"summary_large_image\" \/>\n<script type=\"application\/ld+json\" class=\"yoast-schema-graph\">{\"@context\":\"https:\\\/\\\/schema.org\",\"@graph\":[{\"@type\":\"WebPage\",\"@id\":\"https:\\\/\\\/cursos.9ideas.net\\\/index.php\\\/tutorial-antes-que-comiences-el-curso\\\/\",\"url\":\"https:\\\/\\\/cursos.9ideas.net\\\/index.php\\\/tutorial-antes-que-comiences-el-curso\\\/\",\"name\":\"Tutorial antes que comiences el curso - 9 ideas | Escuela Digital\",\"isPartOf\":{\"@id\":\"https:\\\/\\\/cursos.9ideas.net\\\/#website\"},\"datePublished\":\"2021-08-11T13:12:02+00:00\",\"dateModified\":\"2022-08-31T00:48:02+00:00\",\"breadcrumb\":{\"@id\":\"https:\\\/\\\/cursos.9ideas.net\\\/index.php\\\/tutorial-antes-que-comiences-el-curso\\\/#breadcrumb\"},\"inLanguage\":\"es\",\"potentialAction\":[{\"@type\":\"ReadAction\",\"target\":[\"https:\\\/\\\/cursos.9ideas.net\\\/index.php\\\/tutorial-antes-que-comiences-el-curso\\\/\"]}]},{\"@type\":\"BreadcrumbList\",\"@id\":\"https:\\\/\\\/cursos.9ideas.net\\\/index.php\\\/tutorial-antes-que-comiences-el-curso\\\/#breadcrumb\",\"itemListElement\":[{\"@type\":\"ListItem\",\"position\":1,\"name\":\"Portada\",\"item\":\"https:\\\/\\\/cursos.9ideas.net\\\/\"},{\"@type\":\"ListItem\",\"position\":2,\"name\":\"Tutorial antes que comiences el curso\"}]},{\"@type\":\"WebSite\",\"@id\":\"https:\\\/\\\/cursos.9ideas.net\\\/#website\",\"url\":\"https:\\\/\\\/cursos.9ideas.net\\\/\",\"name\":\"9 ideas | Escuela Digital\",\"description\":\"Aprend\u00e9 todo sobre Marketing Digital\",\"publisher\":{\"@id\":\"https:\\\/\\\/cursos.9ideas.net\\\/#organization\"},\"potentialAction\":[{\"@type\":\"SearchAction\",\"target\":{\"@type\":\"EntryPoint\",\"urlTemplate\":\"https:\\\/\\\/cursos.9ideas.net\\\/?s={search_term_string}\"},\"query-input\":{\"@type\":\"PropertyValueSpecification\",\"valueRequired\":true,\"valueName\":\"search_term_string\"}}],\"inLanguage\":\"es\"},{\"@type\":\"Organization\",\"@id\":\"https:\\\/\\\/cursos.9ideas.net\\\/#organization\",\"name\":\"9 ideas | Escuela Digital\",\"url\":\"https:\\\/\\\/cursos.9ideas.net\\\/\",\"logo\":{\"@type\":\"ImageObject\",\"inLanguage\":\"es\",\"@id\":\"https:\\\/\\\/cursos.9ideas.net\\\/#\\\/schema\\\/logo\\\/image\\\/\",\"url\":\"https:\\\/\\\/cursos.9ideas.net\\\/wp-content\\\/uploads\\\/2022\\\/08\\\/cropped-9-ideas-escuela-digital.png\",\"contentUrl\":\"https:\\\/\\\/cursos.9ideas.net\\\/wp-content\\\/uploads\\\/2022\\\/08\\\/cropped-9-ideas-escuela-digital.png\",\"width\":300,\"height\":100,\"caption\":\"9 ideas | Escuela Digital\"},\"image\":{\"@id\":\"https:\\\/\\\/cursos.9ideas.net\\\/#\\\/schema\\\/logo\\\/image\\\/\"}}]}<\/script>\n<!-- \/ Yoast SEO plugin. -->","yoast_head_json":{"title":"Tutorial antes que comiences el curso - 9 ideas | Escuela Digital","robots":{"index":"index","follow":"follow","max-snippet":"max-snippet:-1","max-image-preview":"max-image-preview:large","max-video-preview":"max-video-preview:-1"},"canonical":"https:\/\/cursos.9ideas.net\/index.php\/tutorial-antes-que-comiences-el-curso\/","og_locale":"es_ES","og_type":"article","og_title":"Tutorial antes que comiences el curso - 9 ideas | Escuela Digital","og_description":"Onboarding Antes de comenzar, es fundamental que mires estos tutoriales. Record\u00e1 que ante cualquier consulta, podes recurrir al chat. \u00a1Hola! Primero mir\u00e1 este video Ahora mir\u00e1 este&#8230; Es posible que te pase esto. \u00a1Mira como resolverlo! \u00bfD\u00f3nde hacer tus preguntas? Te lo respondemos ac\u00e1 Hablemos de los trabajamos pr\u00e1cticos y actividades \u00bfC\u00f3mo pedir tu certificado?","og_url":"https:\/\/cursos.9ideas.net\/index.php\/tutorial-antes-que-comiences-el-curso\/","og_site_name":"9 ideas | Escuela Digital","article_modified_time":"2022-08-31T00:48:02+00:00","twitter_card":"summary_large_image","schema":{"@context":"https:\/\/schema.org","@graph":[{"@type":"WebPage","@id":"https:\/\/cursos.9ideas.net\/index.php\/tutorial-antes-que-comiences-el-curso\/","url":"https:\/\/cursos.9ideas.net\/index.php\/tutorial-antes-que-comiences-el-curso\/","name":"Tutorial antes que comiences el curso - 9 ideas | Escuela Digital","isPartOf":{"@id":"https:\/\/cursos.9ideas.net\/#website"},"datePublished":"2021-08-11T13:12:02+00:00","dateModified":"2022-08-31T00:48:02+00:00","breadcrumb":{"@id":"https:\/\/cursos.9ideas.net\/index.php\/tutorial-antes-que-comiences-el-curso\/#breadcrumb"},"inLanguage":"es","potentialAction":[{"@type":"ReadAction","target":["https:\/\/cursos.9ideas.net\/index.php\/tutorial-antes-que-comiences-el-curso\/"]}]},{"@type":"BreadcrumbList","@id":"https:\/\/cursos.9ideas.net\/index.php\/tutorial-antes-que-comiences-el-curso\/#breadcrumb","itemListElement":[{"@type":"ListItem","position":1,"name":"Portada","item":"https:\/\/cursos.9ideas.net\/"},{"@type":"ListItem","position":2,"name":"Tutorial antes que comiences el curso"}]},{"@type":"WebSite","@id":"https:\/\/cursos.9ideas.net\/#website","url":"https:\/\/cursos.9ideas.net\/","name":"9 ideas | Escuela Digital","description":"Aprend\u00e9 todo sobre Marketing Digital","publisher":{"@id":"https:\/\/cursos.9ideas.net\/#organization"},"potentialAction":[{"@type":"SearchAction","target":{"@type":"EntryPoint","urlTemplate":"https:\/\/cursos.9ideas.net\/?s={search_term_string}"},"query-input":{"@type":"PropertyValueSpecification","valueRequired":true,"valueName":"search_term_string"}}],"inLanguage":"es"},{"@type":"Organization","@id":"https:\/\/cursos.9ideas.net\/#organization","name":"9 ideas | Escuela Digital","url":"https:\/\/cursos.9ideas.net\/","logo":{"@type":"ImageObject","inLanguage":"es","@id":"https:\/\/cursos.9ideas.net\/#\/schema\/logo\/image\/","url":"https:\/\/cursos.9ideas.net\/wp-content\/uploads\/2022\/08\/cropped-9-ideas-escuela-digital.png","contentUrl":"https:\/\/cursos.9ideas.net\/wp-content\/uploads\/2022\/08\/cropped-9-ideas-escuela-digital.png","width":300,"height":100,"caption":"9 ideas | Escuela Digital"},"image":{"@id":"https:\/\/cursos.9ideas.net\/#\/schema\/logo\/image\/"}}]}},"_hostinger_reach_plugin_has_subscription_block":false,"_hostinger_reach_plugin_is_elementor":false,"_links":{"self":[{"href":"https:\/\/cursos.9ideas.net\/index.php\/wp-json\/wp\/v2\/pages\/1561","targetHints":{"allow":["GET"]}}],"collection":[{"href":"https:\/\/cursos.9ideas.net\/index.php\/wp-json\/wp\/v2\/pages"}],"about":[{"href":"https:\/\/cursos.9ideas.net\/index.php\/wp-json\/wp\/v2\/types\/page"}],"author":[{"embeddable":true,"href":"https:\/\/cursos.9ideas.net\/index.php\/wp-json\/wp\/v2\/users\/3345"}],"replies":[{"embeddable":true,"href":"https:\/\/cursos.9ideas.net\/index.php\/wp-json\/wp\/v2\/comments?post=1561"}],"version-history":[{"count":79,"href":"https:\/\/cursos.9ideas.net\/index.php\/wp-json\/wp\/v2\/pages\/1561\/revisions"}],"predecessor-version":[{"id":13351,"href":"https:\/\/cursos.9ideas.net\/index.php\/wp-json\/wp\/v2\/pages\/1561\/revisions\/13351"}],"wp:attachment":[{"href":"https:\/\/cursos.9ideas.net\/index.php\/wp-json\/wp\/v2\/media?parent=1561"}],"curies":[{"name":"wp","href":"https:\/\/api.w.org\/{rel}","templated":true}]}}