{"id":15073,"date":"2022-09-22T13:56:39","date_gmt":"2022-09-22T16:56:39","guid":{"rendered":"https:\/\/cursos.9ideas.net\/?page_id=15073"},"modified":"2022-09-22T13:57:42","modified_gmt":"2022-09-22T16:57:42","slug":"paga-tu-curso-beca-edicion-de-video","status":"publish","type":"page","link":"https:\/\/cursos.9ideas.net\/index.php\/curso-de-edicion-de-video-para-redes-sociales\/paga-tu-curso-beca-edicion-de-video\/","title":{"rendered":"Pag\u00e1 tu curso | BECA Edici\u00f3n de Video"},"content":{"rendered":"\t\t<div data-elementor-type=\"wp-page\" data-elementor-id=\"15073\" class=\"elementor elementor-15073\">\n\t\t\t\t\t\t<section class=\"elementor-section elementor-top-section elementor-element elementor-element-e19b317 elementor-section-content-middle elementor-section-boxed elementor-section-height-default elementor-section-height-default\" data-id=\"e19b317\" data-element_type=\"section\" data-e-type=\"section\" data-settings=\"{&quot;background_background&quot;:&quot;classic&quot;}\">\n\t\t\t\t\t\t\t<div class=\"elementor-background-overlay\"><\/div>\n\t\t\t\t\t\t\t<div class=\"elementor-container elementor-column-gap-no\">\n\t\t\t\t\t<div class=\"elementor-column elementor-col-50 elementor-top-column elementor-element elementor-element-f47b6a3\" data-id=\"f47b6a3\" data-element_type=\"column\" data-e-type=\"column\">\n\t\t\t<div class=\"elementor-widget-wrap elementor-element-populated\">\n\t\t\t\t\t\t<div class=\"elementor-element elementor-element-633adee elementor-widget elementor-widget-heading\" data-id=\"633adee\" data-element_type=\"widget\" data-e-type=\"widget\" data-widget_type=\"heading.default\">\n\t\t\t\t<div class=\"elementor-widget-container\">\n\t\t\t\t\t<h4 class=\"elementor-heading-title elementor-size-default\">Resumen de tu compra<\/h4>\t\t\t\t<\/div>\n\t\t\t\t<\/div>\n\t\t\t\t\t<\/div>\n\t\t<\/div>\n\t\t\t\t<div class=\"elementor-column elementor-col-50 elementor-top-column elementor-element elementor-element-2fdb537\" data-id=\"2fdb537\" data-element_type=\"column\" data-e-type=\"column\">\n\t\t\t<div class=\"elementor-widget-wrap elementor-element-populated\">\n\t\t\t\t\t\t<div class=\"elementor-element elementor-element-c1a55b1 elementor-widget elementor-widget-text-editor\" data-id=\"c1a55b1\" data-element_type=\"widget\" data-e-type=\"widget\" data-widget_type=\"text-editor.default\">\n\t\t\t\t<div class=\"elementor-widget-container\">\n\t\t\t\t\t\t\t\t\t<p><span style=\"font-size: 16px;\">Edici\u00f3n de video para Redes Sociales | Beca 90 d\u00edas<\/span><\/p><p>16 USD<\/p>\t\t\t\t\t\t\t\t<\/div>\n\t\t\t\t<\/div>\n\t\t\t\t\t<\/div>\n\t\t<\/div>\n\t\t\t\t\t<\/div>\n\t\t<\/section>\n\t\t\t\t<section class=\"elementor-section elementor-top-section elementor-element elementor-element-616ceda elementor-section-boxed elementor-section-height-default elementor-section-height-default\" data-id=\"616ceda\" data-element_type=\"section\" data-e-type=\"section\">\n\t\t\t\t\t\t<div class=\"elementor-container elementor-column-gap-default\">\n\t\t\t\t\t<div class=\"elementor-column elementor-col-100 elementor-top-column elementor-element elementor-element-ba9ee2e\" data-id=\"ba9ee2e\" data-element_type=\"column\" data-e-type=\"column\">\n\t\t\t<div class=\"elementor-widget-wrap elementor-element-populated\">\n\t\t\t\t\t\t<div class=\"elementor-element elementor-element-18ecc44 elementor-widget elementor-widget-html\" data-id=\"18ecc44\" data-element_type=\"widget\" data-e-type=\"widget\" data-widget_type=\"html.default\">\n\t\t\t\t<div class=\"elementor-widget-container\">\n\t\t\t\t\t<div id=\"smart-button-container\">\r\n      <div style=\"text-align: center;\">\r\n        <div id=\"paypal-button-container\"><\/div>\r\n      <\/div>\r\n    <\/div>\r\n  <script src=\"https:\/\/www.paypal.com\/sdk\/js?client-id=sb&enable-funding=venmo&currency=USD\" data-sdk-integration-source=\"button-factory\"><\/script>\r\n  <script>\r\n    function initPayPalButton() {\r\n      paypal.Buttons({\r\n        style: {\r\n          shape: 'rect',\r\n          color: 'white',\r\n          layout: 'vertical',\r\n          label: 'pay',\r\n          \r\n        },\r\n\r\n        createOrder: function(data, actions) {\r\n          return actions.order.create({\r\n            purchase_units: [{\"description\":\"Beca Curso Edici\u00f3n de Video\",\"amount\":{\"currency_code\":\"USD\",\"value\":16}}]\r\n          });\r\n        },\r\n\r\n        onApprove: function(data, actions) {\r\n          return actions.order.capture().then(function(orderData) {\r\n            \r\n            \/\/ Full available details\r\n            console.log('Capture result', orderData, JSON.stringify(orderData, null, 2));\r\n\r\n            \/\/ Show a success message within this page, e.g.\r\n            const element = document.getElementById('paypal-button-container');\r\n            element.innerHTML = '';\r\n            element.innerHTML = '<h3>Thank you for your payment!<\/h3>';\r\n\r\n            \/\/ Or go to another URL:  actions.redirect('thank_you.html');\r\n            \r\n          });\r\n        },\r\n\r\n        onError: function(err) {\r\n          console.log(err);\r\n        }\r\n      }).render('#paypal-button-container');\r\n    }\r\n    initPayPalButton();\r\n  <\/script>\t\t\t\t<\/div>\n\t\t\t\t<\/div>\n\t\t\t\t\t<\/div>\n\t\t<\/div>\n\t\t\t\t\t<\/div>\n\t\t<\/section>\n\t\t\t\t<\/div>\n\t\t","protected":false},"excerpt":{"rendered":"<p>Resumen de tu compra Edici\u00f3n de video para Redes Sociales | Beca 90 d\u00edas 16 USD<\/p>\n","protected":false},"author":3345,"featured_media":0,"parent":3305,"menu_order":0,"comment_status":"closed","ping_status":"closed","template":"","meta":{"_monsterinsights_skip_tracking":false,"_monsterinsights_sitenote_active":false,"_monsterinsights_sitenote_note":"","_monsterinsights_sitenote_category":0,"site-sidebar-layout":"no-sidebar","site-content-layout":"page-builder","ast-site-content-layout":"default","site-content-style":"default","site-sidebar-style":"default","ast-global-header-display":"","ast-banner-title-visibility":"","ast-main-header-display":"","ast-hfb-above-header-display":"","ast-hfb-below-header-display":"","ast-hfb-mobile-header-display":"","site-post-title":"disabled","ast-breadcrumbs-content":"","ast-featured-img":"disabled","footer-sml-layout":"","ast-disable-related-posts":"","theme-transparent-header-meta":"","adv-header-id-meta":"","stick-header-meta":"","header-above-stick-meta":"","header-main-stick-meta":"","header-below-stick-meta":"","astra-migrate-meta-layouts":"default","ast-page-background-enabled":"default","ast-page-background-meta":{"desktop":{"background-color":"","background-image":"","background-repeat":"repeat","background-position":"center center","background-size":"auto","background-attachment":"scroll","background-type":"","background-media":"","overlay-type":"","overlay-color":"","overlay-opacity":"","overlay-gradient":""},"tablet":{"background-color":"","background-image":"","background-repeat":"repeat","background-position":"center center","background-size":"auto","background-attachment":"scroll","background-type":"","background-media":"","overlay-type":"","overlay-color":"","overlay-opacity":"","overlay-gradient":""},"mobile":{"background-color":"","background-image":"","background-repeat":"repeat","background-position":"center center","background-size":"auto","background-attachment":"scroll","background-type":"","background-media":"","overlay-type":"","overlay-color":"","overlay-opacity":"","overlay-gradient":""}},"ast-content-background-meta":{"desktop":{"background-color":"var(--ast-global-color-5)","background-image":"","background-repeat":"repeat","background-position":"center center","background-size":"auto","background-attachment":"scroll","background-type":"","background-media":"","overlay-type":"","overlay-color":"","overlay-opacity":"","overlay-gradient":""},"tablet":{"background-color":"var(--ast-global-color-5)","background-image":"","background-repeat":"repeat","background-position":"center center","background-size":"auto","background-attachment":"scroll","background-type":"","background-media":"","overlay-type":"","overlay-color":"","overlay-opacity":"","overlay-gradient":""},"mobile":{"background-color":"var(--ast-global-color-5)","background-image":"","background-repeat":"repeat","background-position":"center center","background-size":"auto","background-attachment":"scroll","background-type":"","background-media":"","overlay-type":"","overlay-color":"","overlay-opacity":"","overlay-gradient":""}},"footnotes":""},"class_list":["post-15073","page","type-page","status-publish","hentry"],"yoast_head":"<!-- This site is optimized with the Yoast SEO plugin v27.1.1 - https:\/\/yoast.com\/product\/yoast-seo-wordpress\/ -->\n<title>Pag\u00e1 tu curso | BECA Edici\u00f3n de Video - 9 ideas | Escuela Digital<\/title>\n<meta name=\"robots\" content=\"index, follow, max-snippet:-1, max-image-preview:large, max-video-preview:-1\" \/>\n<link rel=\"canonical\" href=\"https:\/\/cursos.9ideas.net\/index.php\/curso-de-edicion-de-video-para-redes-sociales\/paga-tu-curso-beca-edicion-de-video\/\" \/>\n<meta property=\"og:locale\" content=\"es_ES\" \/>\n<meta property=\"og:type\" content=\"article\" \/>\n<meta property=\"og:title\" content=\"Pag\u00e1 tu curso | BECA Edici\u00f3n de Video - 9 ideas | Escuela Digital\" \/>\n<meta property=\"og:description\" content=\"Resumen de tu compra Edici\u00f3n de video para Redes Sociales | Beca 90 d\u00edas 16 USD\" \/>\n<meta property=\"og:url\" content=\"https:\/\/cursos.9ideas.net\/index.php\/curso-de-edicion-de-video-para-redes-sociales\/paga-tu-curso-beca-edicion-de-video\/\" \/>\n<meta property=\"og:site_name\" content=\"9 ideas | Escuela Digital\" \/>\n<meta property=\"article:modified_time\" content=\"2022-09-22T16:57:42+00:00\" \/>\n<meta name=\"twitter:card\" content=\"summary_large_image\" \/>\n<script type=\"application\/ld+json\" class=\"yoast-schema-graph\">{\"@context\":\"https:\/\/schema.org\",\"@graph\":[{\"@type\":\"WebPage\",\"@id\":\"https:\/\/cursos.9ideas.net\/index.php\/curso-de-edicion-de-video-para-redes-sociales\/paga-tu-curso-beca-edicion-de-video\/\",\"url\":\"https:\/\/cursos.9ideas.net\/index.php\/curso-de-edicion-de-video-para-redes-sociales\/paga-tu-curso-beca-edicion-de-video\/\",\"name\":\"Pag\u00e1 tu curso | BECA Edici\u00f3n de Video - 9 ideas | Escuela Digital\",\"isPartOf\":{\"@id\":\"https:\/\/cursos.9ideas.net\/#website\"},\"datePublished\":\"2022-09-22T16:56:39+00:00\",\"dateModified\":\"2022-09-22T16:57:42+00:00\",\"breadcrumb\":{\"@id\":\"https:\/\/cursos.9ideas.net\/index.php\/curso-de-edicion-de-video-para-redes-sociales\/paga-tu-curso-beca-edicion-de-video\/#breadcrumb\"},\"inLanguage\":\"es\",\"potentialAction\":[{\"@type\":\"ReadAction\",\"target\":[\"https:\/\/cursos.9ideas.net\/index.php\/curso-de-edicion-de-video-para-redes-sociales\/paga-tu-curso-beca-edicion-de-video\/\"]}]},{\"@type\":\"BreadcrumbList\",\"@id\":\"https:\/\/cursos.9ideas.net\/index.php\/curso-de-edicion-de-video-para-redes-sociales\/paga-tu-curso-beca-edicion-de-video\/#breadcrumb\",\"itemListElement\":[{\"@type\":\"ListItem\",\"position\":1,\"name\":\"Portada\",\"item\":\"https:\/\/cursos.9ideas.net\/\"},{\"@type\":\"ListItem\",\"position\":2,\"name\":\"Curso de Edici\u00f3n de Video para Redes Sociales\",\"item\":\"https:\/\/cursos.9ideas.net\/index.php\/curso-de-edicion-de-video-para-redes-sociales\/\"},{\"@type\":\"ListItem\",\"position\":3,\"name\":\"Pag\u00e1 tu curso | BECA Edici\u00f3n de Video\"}]},{\"@type\":\"WebSite\",\"@id\":\"https:\/\/cursos.9ideas.net\/#website\",\"url\":\"https:\/\/cursos.9ideas.net\/\",\"name\":\"9 ideas | Escuela Digital\",\"description\":\"Aprend\u00e9 todo sobre Marketing Digital\",\"publisher\":{\"@id\":\"https:\/\/cursos.9ideas.net\/#organization\"},\"potentialAction\":[{\"@type\":\"SearchAction\",\"target\":{\"@type\":\"EntryPoint\",\"urlTemplate\":\"https:\/\/cursos.9ideas.net\/?s={search_term_string}\"},\"query-input\":{\"@type\":\"PropertyValueSpecification\",\"valueRequired\":true,\"valueName\":\"search_term_string\"}}],\"inLanguage\":\"es\"},{\"@type\":\"Organization\",\"@id\":\"https:\/\/cursos.9ideas.net\/#organization\",\"name\":\"9 ideas | Escuela Digital\",\"url\":\"https:\/\/cursos.9ideas.net\/\",\"logo\":{\"@type\":\"ImageObject\",\"inLanguage\":\"es\",\"@id\":\"https:\/\/cursos.9ideas.net\/#\/schema\/logo\/image\/\",\"url\":\"https:\/\/cursos.9ideas.net\/wp-content\/uploads\/2022\/08\/cropped-9-ideas-escuela-digital.png\",\"contentUrl\":\"https:\/\/cursos.9ideas.net\/wp-content\/uploads\/2022\/08\/cropped-9-ideas-escuela-digital.png\",\"width\":300,\"height\":100,\"caption\":\"9 ideas | Escuela Digital\"},\"image\":{\"@id\":\"https:\/\/cursos.9ideas.net\/#\/schema\/logo\/image\/\"}}]}<\/script>\n<!-- \/ Yoast SEO plugin. -->","yoast_head_json":{"title":"Pag\u00e1 tu curso | BECA Edici\u00f3n de Video - 9 ideas | Escuela Digital","robots":{"index":"index","follow":"follow","max-snippet":"max-snippet:-1","max-image-preview":"max-image-preview:large","max-video-preview":"max-video-preview:-1"},"canonical":"https:\/\/cursos.9ideas.net\/index.php\/curso-de-edicion-de-video-para-redes-sociales\/paga-tu-curso-beca-edicion-de-video\/","og_locale":"es_ES","og_type":"article","og_title":"Pag\u00e1 tu curso | BECA Edici\u00f3n de Video - 9 ideas | Escuela Digital","og_description":"Resumen de tu compra Edici\u00f3n de video para Redes Sociales | Beca 90 d\u00edas 16 USD","og_url":"https:\/\/cursos.9ideas.net\/index.php\/curso-de-edicion-de-video-para-redes-sociales\/paga-tu-curso-beca-edicion-de-video\/","og_site_name":"9 ideas | Escuela Digital","article_modified_time":"2022-09-22T16:57:42+00:00","twitter_card":"summary_large_image","schema":{"@context":"https:\/\/schema.org","@graph":[{"@type":"WebPage","@id":"https:\/\/cursos.9ideas.net\/index.php\/curso-de-edicion-de-video-para-redes-sociales\/paga-tu-curso-beca-edicion-de-video\/","url":"https:\/\/cursos.9ideas.net\/index.php\/curso-de-edicion-de-video-para-redes-sociales\/paga-tu-curso-beca-edicion-de-video\/","name":"Pag\u00e1 tu curso | BECA Edici\u00f3n de Video - 9 ideas | Escuela Digital","isPartOf":{"@id":"https:\/\/cursos.9ideas.net\/#website"},"datePublished":"2022-09-22T16:56:39+00:00","dateModified":"2022-09-22T16:57:42+00:00","breadcrumb":{"@id":"https:\/\/cursos.9ideas.net\/index.php\/curso-de-edicion-de-video-para-redes-sociales\/paga-tu-curso-beca-edicion-de-video\/#breadcrumb"},"inLanguage":"es","potentialAction":[{"@type":"ReadAction","target":["https:\/\/cursos.9ideas.net\/index.php\/curso-de-edicion-de-video-para-redes-sociales\/paga-tu-curso-beca-edicion-de-video\/"]}]},{"@type":"BreadcrumbList","@id":"https:\/\/cursos.9ideas.net\/index.php\/curso-de-edicion-de-video-para-redes-sociales\/paga-tu-curso-beca-edicion-de-video\/#breadcrumb","itemListElement":[{"@type":"ListItem","position":1,"name":"Portada","item":"https:\/\/cursos.9ideas.net\/"},{"@type":"ListItem","position":2,"name":"Curso de Edici\u00f3n de Video para Redes Sociales","item":"https:\/\/cursos.9ideas.net\/index.php\/curso-de-edicion-de-video-para-redes-sociales\/"},{"@type":"ListItem","position":3,"name":"Pag\u00e1 tu curso | BECA Edici\u00f3n de Video"}]},{"@type":"WebSite","@id":"https:\/\/cursos.9ideas.net\/#website","url":"https:\/\/cursos.9ideas.net\/","name":"9 ideas | Escuela Digital","description":"Aprend\u00e9 todo sobre Marketing Digital","publisher":{"@id":"https:\/\/cursos.9ideas.net\/#organization"},"potentialAction":[{"@type":"SearchAction","target":{"@type":"EntryPoint","urlTemplate":"https:\/\/cursos.9ideas.net\/?s={search_term_string}"},"query-input":{"@type":"PropertyValueSpecification","valueRequired":true,"valueName":"search_term_string"}}],"inLanguage":"es"},{"@type":"Organization","@id":"https:\/\/cursos.9ideas.net\/#organization","name":"9 ideas | Escuela Digital","url":"https:\/\/cursos.9ideas.net\/","logo":{"@type":"ImageObject","inLanguage":"es","@id":"https:\/\/cursos.9ideas.net\/#\/schema\/logo\/image\/","url":"https:\/\/cursos.9ideas.net\/wp-content\/uploads\/2022\/08\/cropped-9-ideas-escuela-digital.png","contentUrl":"https:\/\/cursos.9ideas.net\/wp-content\/uploads\/2022\/08\/cropped-9-ideas-escuela-digital.png","width":300,"height":100,"caption":"9 ideas | Escuela Digital"},"image":{"@id":"https:\/\/cursos.9ideas.net\/#\/schema\/logo\/image\/"}}]}},"_hostinger_reach_plugin_has_subscription_block":false,"_hostinger_reach_plugin_is_elementor":false,"_links":{"self":[{"href":"https:\/\/cursos.9ideas.net\/index.php\/wp-json\/wp\/v2\/pages\/15073","targetHints":{"allow":["GET"]}}],"collection":[{"href":"https:\/\/cursos.9ideas.net\/index.php\/wp-json\/wp\/v2\/pages"}],"about":[{"href":"https:\/\/cursos.9ideas.net\/index.php\/wp-json\/wp\/v2\/types\/page"}],"author":[{"embeddable":true,"href":"https:\/\/cursos.9ideas.net\/index.php\/wp-json\/wp\/v2\/users\/3345"}],"replies":[{"embeddable":true,"href":"https:\/\/cursos.9ideas.net\/index.php\/wp-json\/wp\/v2\/comments?post=15073"}],"version-history":[{"count":13,"href":"https:\/\/cursos.9ideas.net\/index.php\/wp-json\/wp\/v2\/pages\/15073\/revisions"}],"predecessor-version":[{"id":15086,"href":"https:\/\/cursos.9ideas.net\/index.php\/wp-json\/wp\/v2\/pages\/15073\/revisions\/15086"}],"up":[{"embeddable":true,"href":"https:\/\/cursos.9ideas.net\/index.php\/wp-json\/wp\/v2\/pages\/3305"}],"wp:attachment":[{"href":"https:\/\/cursos.9ideas.net\/index.php\/wp-json\/wp\/v2\/media?parent=15073"}],"curies":[{"name":"wp","href":"https:\/\/api.w.org\/{rel}","templated":true}]}}