{"id":14232,"date":"2022-09-11T13:30:57","date_gmt":"2022-09-11T16:30:57","guid":{"rendered":"https:\/\/cursos.9ideas.net\/?page_id=14232"},"modified":"2022-09-11T13:40:46","modified_gmt":"2022-09-11T16:40:46","slug":"podcast","status":"publish","type":"page","link":"https:\/\/cursos.9ideas.net\/index.php\/podcast\/","title":{"rendered":"Podcast"},"content":{"rendered":"\t\t<div data-elementor-type=\"wp-page\" data-elementor-id=\"14232\" class=\"elementor elementor-14232\">\n\t\t\t\t\t\t<section class=\"elementor-section elementor-top-section elementor-element elementor-element-20c43f7 elementor-section-boxed elementor-section-height-default elementor-section-height-default\" data-id=\"20c43f7\" data-element_type=\"section\" data-e-type=\"section\" data-settings=\"{&quot;background_background&quot;:&quot;classic&quot;}\">\n\t\t\t\t\t\t<div class=\"elementor-container elementor-column-gap-default\">\n\t\t\t\t\t<div class=\"elementor-column elementor-col-100 elementor-top-column elementor-element elementor-element-78b0382\" data-id=\"78b0382\" data-element_type=\"column\" data-e-type=\"column\">\n\t\t\t<div class=\"elementor-widget-wrap elementor-element-populated\">\n\t\t\t\t\t\t<div class=\"elementor-element elementor-element-c973312 elementor-widget elementor-widget-heading\" data-id=\"c973312\" data-element_type=\"widget\" data-e-type=\"widget\" data-widget_type=\"heading.default\">\n\t\t\t\t<div class=\"elementor-widget-container\">\n\t\t\t\t\t<h2 class=\"elementor-heading-title elementor-size-default\">CHARLAS Y ENTREVISTAS<\/h2>\t\t\t\t<\/div>\n\t\t\t\t<\/div>\n\t\t\t\t\t<\/div>\n\t\t<\/div>\n\t\t\t\t\t<\/div>\n\t\t<\/section>\n\t\t\t\t<section class=\"elementor-section elementor-top-section elementor-element elementor-element-917fb62 elementor-section-boxed elementor-section-height-default elementor-section-height-default\" data-id=\"917fb62\" data-element_type=\"section\" data-e-type=\"section\">\n\t\t\t\t\t\t\t<div class=\"elementor-background-overlay\"><\/div>\n\t\t\t\t\t\t\t<div class=\"elementor-container elementor-column-gap-default\">\n\t\t\t\t\t<div class=\"elementor-column elementor-col-100 elementor-top-column elementor-element elementor-element-365e39d\" data-id=\"365e39d\" data-element_type=\"column\" data-e-type=\"column\">\n\t\t\t<div class=\"elementor-widget-wrap elementor-element-populated\">\n\t\t\t\t\t\t<div class=\"elementor-element elementor-element-0eb8275 elementor-widget elementor-widget-text-editor\" data-id=\"0eb8275\" data-element_type=\"widget\" data-e-type=\"widget\" data-widget_type=\"text-editor.default\">\n\t\t\t\t<div class=\"elementor-widget-container\">\n\t\t\t\t\t\t\t\t\t<p>Conoc\u00e9 casos. Escuch\u00e1 testimonios. Aprend\u00e9 de referentes de la industria.<\/p><p>Escuchalo en Spotify o miralo en youtube.<\/p>\t\t\t\t\t\t\t\t<\/div>\n\t\t\t\t<\/div>\n\t\t\t\t\t<\/div>\n\t\t<\/div>\n\t\t\t\t\t<\/div>\n\t\t<\/section>\n\t\t\t\t<section class=\"elementor-section elementor-top-section elementor-element elementor-element-dbc8e71 elementor-section-boxed elementor-section-height-default elementor-section-height-default\" data-id=\"dbc8e71\" data-element_type=\"section\" data-e-type=\"section\">\n\t\t\t\t\t\t<div class=\"elementor-container elementor-column-gap-default\">\n\t\t\t\t\t<div class=\"elementor-column elementor-col-50 elementor-top-column elementor-element elementor-element-5cf710a\" data-id=\"5cf710a\" data-element_type=\"column\" data-e-type=\"column\">\n\t\t\t<div class=\"elementor-widget-wrap elementor-element-populated\">\n\t\t\t\t\t\t<div class=\"elementor-element elementor-element-d5fe081 elementor-widget elementor-widget-video\" data-id=\"d5fe081\" data-element_type=\"widget\" data-e-type=\"widget\" data-settings=\"{&quot;youtube_url&quot;:&quot;https:\\\/\\\/youtu.be\\\/9lh8QKc55EY&quot;,&quot;video_type&quot;:&quot;youtube&quot;,&quot;controls&quot;:&quot;yes&quot;}\" data-widget_type=\"video.default\">\n\t\t\t\t<div class=\"elementor-widget-container\">\n\t\t\t\t\t\t\t<div class=\"elementor-wrapper elementor-open-inline\">\n\t\t\t<div class=\"elementor-video\"><\/div>\t\t<\/div>\n\t\t\t\t\t\t<\/div>\n\t\t\t\t<\/div>\n\t\t\t\t\t<\/div>\n\t\t<\/div>\n\t\t\t\t<div class=\"elementor-column elementor-col-50 elementor-top-column elementor-element elementor-element-497b953\" data-id=\"497b953\" data-element_type=\"column\" data-e-type=\"column\">\n\t\t\t<div class=\"elementor-widget-wrap elementor-element-populated\">\n\t\t\t\t\t\t<div class=\"elementor-element elementor-element-66341be elementor-widget elementor-widget-video\" data-id=\"66341be\" data-element_type=\"widget\" data-e-type=\"widget\" data-settings=\"{&quot;youtube_url&quot;:&quot;https:\\\/\\\/youtu.be\\\/wi6cMWThQp4&quot;,&quot;video_type&quot;:&quot;youtube&quot;,&quot;controls&quot;:&quot;yes&quot;}\" data-widget_type=\"video.default\">\n\t\t\t\t<div class=\"elementor-widget-container\">\n\t\t\t\t\t\t\t<div class=\"elementor-wrapper elementor-open-inline\">\n\t\t\t<div class=\"elementor-video\"><\/div>\t\t<\/div>\n\t\t\t\t\t\t<\/div>\n\t\t\t\t<\/div>\n\t\t\t\t\t<\/div>\n\t\t<\/div>\n\t\t\t\t\t<\/div>\n\t\t<\/section>\n\t\t\t\t<section class=\"elementor-section elementor-top-section elementor-element elementor-element-b9ec916 elementor-section-boxed elementor-section-height-default elementor-section-height-default\" data-id=\"b9ec916\" data-element_type=\"section\" data-e-type=\"section\">\n\t\t\t\t\t\t<div class=\"elementor-container elementor-column-gap-default\">\n\t\t\t\t\t<div class=\"elementor-column elementor-col-50 elementor-top-column elementor-element elementor-element-3141b57\" data-id=\"3141b57\" data-element_type=\"column\" data-e-type=\"column\">\n\t\t\t<div class=\"elementor-widget-wrap elementor-element-populated\">\n\t\t\t\t\t\t<div class=\"elementor-element elementor-element-4295c19 elementor-widget elementor-widget-video\" data-id=\"4295c19\" data-element_type=\"widget\" data-e-type=\"widget\" data-settings=\"{&quot;youtube_url&quot;:&quot;https:\\\/\\\/youtu.be\\\/rXemyDC31K8&quot;,&quot;video_type&quot;:&quot;youtube&quot;,&quot;controls&quot;:&quot;yes&quot;}\" data-widget_type=\"video.default\">\n\t\t\t\t<div class=\"elementor-widget-container\">\n\t\t\t\t\t\t\t<div class=\"elementor-wrapper elementor-open-inline\">\n\t\t\t<div class=\"elementor-video\"><\/div>\t\t<\/div>\n\t\t\t\t\t\t<\/div>\n\t\t\t\t<\/div>\n\t\t\t\t\t<\/div>\n\t\t<\/div>\n\t\t\t\t<div class=\"elementor-column elementor-col-50 elementor-top-column elementor-element elementor-element-cef3f57\" data-id=\"cef3f57\" data-element_type=\"column\" data-e-type=\"column\">\n\t\t\t<div class=\"elementor-widget-wrap elementor-element-populated\">\n\t\t\t\t\t\t<div class=\"elementor-element elementor-element-a763ee5 elementor-widget elementor-widget-video\" data-id=\"a763ee5\" data-element_type=\"widget\" data-e-type=\"widget\" data-settings=\"{&quot;youtube_url&quot;:&quot;https:\\\/\\\/youtu.be\\\/PKhxb5iYkD0&quot;,&quot;video_type&quot;:&quot;youtube&quot;,&quot;controls&quot;:&quot;yes&quot;}\" data-widget_type=\"video.default\">\n\t\t\t\t<div class=\"elementor-widget-container\">\n\t\t\t\t\t\t\t<div class=\"elementor-wrapper elementor-open-inline\">\n\t\t\t<div class=\"elementor-video\"><\/div>\t\t<\/div>\n\t\t\t\t\t\t<\/div>\n\t\t\t\t<\/div>\n\t\t\t\t\t<\/div>\n\t\t<\/div>\n\t\t\t\t\t<\/div>\n\t\t<\/section>\n\t\t\t\t<section class=\"elementor-section elementor-top-section elementor-element elementor-element-9d41d4b elementor-section-boxed elementor-section-height-default elementor-section-height-default\" data-id=\"9d41d4b\" data-element_type=\"section\" data-e-type=\"section\">\n\t\t\t\t\t\t<div class=\"elementor-container elementor-column-gap-default\">\n\t\t\t\t\t<div class=\"elementor-column elementor-col-50 elementor-top-column elementor-element elementor-element-422ec98\" data-id=\"422ec98\" data-element_type=\"column\" data-e-type=\"column\">\n\t\t\t<div class=\"elementor-widget-wrap elementor-element-populated\">\n\t\t\t\t\t\t<div class=\"elementor-element elementor-element-5227d31 elementor-widget elementor-widget-video\" data-id=\"5227d31\" data-element_type=\"widget\" data-e-type=\"widget\" data-settings=\"{&quot;youtube_url&quot;:&quot;https:\\\/\\\/youtu.be\\\/5MAoJrsS78w&quot;,&quot;video_type&quot;:&quot;youtube&quot;,&quot;controls&quot;:&quot;yes&quot;}\" data-widget_type=\"video.default\">\n\t\t\t\t<div class=\"elementor-widget-container\">\n\t\t\t\t\t\t\t<div class=\"elementor-wrapper elementor-open-inline\">\n\t\t\t<div class=\"elementor-video\"><\/div>\t\t<\/div>\n\t\t\t\t\t\t<\/div>\n\t\t\t\t<\/div>\n\t\t\t\t\t<\/div>\n\t\t<\/div>\n\t\t\t\t<div class=\"elementor-column elementor-col-50 elementor-top-column elementor-element elementor-element-a39e036\" data-id=\"a39e036\" data-element_type=\"column\" data-e-type=\"column\">\n\t\t\t<div class=\"elementor-widget-wrap elementor-element-populated\">\n\t\t\t\t\t\t<div class=\"elementor-element elementor-element-8555bae elementor-widget elementor-widget-video\" data-id=\"8555bae\" data-element_type=\"widget\" data-e-type=\"widget\" data-settings=\"{&quot;youtube_url&quot;:&quot;https:\\\/\\\/youtu.be\\\/Q-0VajzbxEY&quot;,&quot;video_type&quot;:&quot;youtube&quot;,&quot;controls&quot;:&quot;yes&quot;}\" data-widget_type=\"video.default\">\n\t\t\t\t<div class=\"elementor-widget-container\">\n\t\t\t\t\t\t\t<div class=\"elementor-wrapper elementor-open-inline\">\n\t\t\t<div class=\"elementor-video\"><\/div>\t\t<\/div>\n\t\t\t\t\t\t<\/div>\n\t\t\t\t<\/div>\n\t\t\t\t\t<\/div>\n\t\t<\/div>\n\t\t\t\t\t<\/div>\n\t\t<\/section>\n\t\t\t\t<section class=\"elementor-section elementor-top-section elementor-element elementor-element-915e870 elementor-section-boxed elementor-section-height-default elementor-section-height-default\" data-id=\"915e870\" data-element_type=\"section\" data-e-type=\"section\">\n\t\t\t\t\t\t<div class=\"elementor-container elementor-column-gap-default\">\n\t\t\t\t\t<div class=\"elementor-column elementor-col-50 elementor-top-column elementor-element elementor-element-ca00073\" data-id=\"ca00073\" data-element_type=\"column\" data-e-type=\"column\">\n\t\t\t<div class=\"elementor-widget-wrap elementor-element-populated\">\n\t\t\t\t\t\t\t<\/div>\n\t\t<\/div>\n\t\t\t\t<div class=\"elementor-column elementor-col-50 elementor-top-column elementor-element elementor-element-d20e382\" data-id=\"d20e382\" data-element_type=\"column\" data-e-type=\"column\">\n\t\t\t<div class=\"elementor-widget-wrap elementor-element-populated\">\n\t\t\t\t\t\t<div class=\"elementor-element elementor-element-d192e01 elementor-widget elementor-widget-video\" data-id=\"d192e01\" data-element_type=\"widget\" data-e-type=\"widget\" data-settings=\"{&quot;youtube_url&quot;:&quot;https:\\\/\\\/youtu.be\\\/HVbf_sOaCwY&quot;,&quot;video_type&quot;:&quot;youtube&quot;,&quot;controls&quot;:&quot;yes&quot;}\" data-widget_type=\"video.default\">\n\t\t\t\t<div class=\"elementor-widget-container\">\n\t\t\t\t\t\t\t<div class=\"elementor-wrapper elementor-open-inline\">\n\t\t\t<div class=\"elementor-video\"><\/div>\t\t<\/div>\n\t\t\t\t\t\t<\/div>\n\t\t\t\t<\/div>\n\t\t\t\t\t<\/div>\n\t\t<\/div>\n\t\t\t\t\t<\/div>\n\t\t<\/section>\n\t\t\t\t<section class=\"elementor-section elementor-top-section elementor-element elementor-element-ee49497 elementor-section-boxed elementor-section-height-default elementor-section-height-default\" data-id=\"ee49497\" data-element_type=\"section\" data-e-type=\"section\">\n\t\t\t\t\t\t<div class=\"elementor-container elementor-column-gap-default\">\n\t\t\t\t\t<div class=\"elementor-column elementor-col-100 elementor-top-column elementor-element elementor-element-e28531c\" data-id=\"e28531c\" data-element_type=\"column\" data-e-type=\"column\">\n\t\t\t<div class=\"elementor-widget-wrap elementor-element-populated\">\n\t\t\t\t\t\t<div class=\"elementor-element elementor-element-37b8231 elementor-widget elementor-widget-html\" data-id=\"37b8231\" data-element_type=\"widget\" data-e-type=\"widget\" data-widget_type=\"html.default\">\n\t\t\t\t<div class=\"elementor-widget-container\">\n\t\t\t\t\t<iframe style=\"border-radius:12px\" src=\"https:\/\/open.spotify.com\/embed\/show\/4tJVY8I4JVtal5Y8A7noEe?utm_source=generator\" width=\"100%\" height=\"352\" frameBorder=\"0\" allowfullscreen=\"\" allow=\"autoplay; clipboard-write; encrypted-media; fullscreen; picture-in-picture\" loading=\"lazy\"><\/iframe>\t\t\t\t<\/div>\n\t\t\t\t<\/div>\n\t\t\t\t\t<\/div>\n\t\t<\/div>\n\t\t\t\t\t<\/div>\n\t\t<\/section>\n\t\t\t\t<\/div>\n\t\t","protected":false},"excerpt":{"rendered":"<p>CHARLAS Y ENTREVISTAS Conoc\u00e9 casos. Escuch\u00e1 testimonios. Aprend\u00e9 de referentes de la industria. Escuchalo en Spotify o miralo en youtube. https:\/\/youtu.be\/9lh8QKc55EYhttps:\/\/youtu.be\/wi6cMWThQp4https:\/\/youtu.be\/rXemyDC31K8https:\/\/youtu.be\/PKhxb5iYkD0https:\/\/youtu.be\/5MAoJrsS78whttps:\/\/youtu.be\/Q-0VajzbxEYhttps:\/\/youtu.be\/HVbf_sOaCwY<\/p>\n","protected":false},"author":3345,"featured_media":0,"parent":0,"menu_order":0,"comment_status":"closed","ping_status":"closed","template":"","meta":{"_monsterinsights_skip_tracking":false,"_monsterinsights_sitenote_active":false,"_monsterinsights_sitenote_note":"","_monsterinsights_sitenote_category":0,"site-sidebar-layout":"no-sidebar","site-content-layout":"page-builder","ast-site-content-layout":"default","site-content-style":"default","site-sidebar-style":"default","ast-global-header-display":"","ast-banner-title-visibility":"","ast-main-header-display":"","ast-hfb-above-header-display":"","ast-hfb-below-header-display":"","ast-hfb-mobile-header-display":"","site-post-title":"disabled","ast-breadcrumbs-content":"","ast-featured-img":"disabled","footer-sml-layout":"","ast-disable-related-posts":"","theme-transparent-header-meta":"","adv-header-id-meta":"","stick-header-meta":"","header-above-stick-meta":"","header-main-stick-meta":"","header-below-stick-meta":"","astra-migrate-meta-layouts":"default","ast-page-background-enabled":"default","ast-page-background-meta":{"desktop":{"background-color":"","background-image":"","background-repeat":"repeat","background-position":"center center","background-size":"auto","background-attachment":"scroll","background-type":"","background-media":"","overlay-type":"","overlay-color":"","overlay-opacity":"","overlay-gradient":""},"tablet":{"background-color":"","background-image":"","background-repeat":"repeat","background-position":"center center","background-size":"auto","background-attachment":"scroll","background-type":"","background-media":"","overlay-type":"","overlay-color":"","overlay-opacity":"","overlay-gradient":""},"mobile":{"background-color":"","background-image":"","background-repeat":"repeat","background-position":"center center","background-size":"auto","background-attachment":"scroll","background-type":"","background-media":"","overlay-type":"","overlay-color":"","overlay-opacity":"","overlay-gradient":""}},"ast-content-background-meta":{"desktop":{"background-color":"var(--ast-global-color-5)","background-image":"","background-repeat":"repeat","background-position":"center center","background-size":"auto","background-attachment":"scroll","background-type":"","background-media":"","overlay-type":"","overlay-color":"","overlay-opacity":"","overlay-gradient":""},"tablet":{"background-color":"var(--ast-global-color-5)","background-image":"","background-repeat":"repeat","background-position":"center center","background-size":"auto","background-attachment":"scroll","background-type":"","background-media":"","overlay-type":"","overlay-color":"","overlay-opacity":"","overlay-gradient":""},"mobile":{"background-color":"var(--ast-global-color-5)","background-image":"","background-repeat":"repeat","background-position":"center center","background-size":"auto","background-attachment":"scroll","background-type":"","background-media":"","overlay-type":"","overlay-color":"","overlay-opacity":"","overlay-gradient":""}},"footnotes":""},"class_list":["post-14232","page","type-page","status-publish","hentry"],"yoast_head":"<!-- This site is optimized with the Yoast SEO plugin v27.1.1 - https:\/\/yoast.com\/product\/yoast-seo-wordpress\/ -->\n<title>Podcast - 9 ideas | Escuela Digital<\/title>\n<meta name=\"robots\" content=\"index, follow, max-snippet:-1, max-image-preview:large, max-video-preview:-1\" \/>\n<link rel=\"canonical\" href=\"https:\/\/cursos.9ideas.net\/index.php\/podcast\/\" \/>\n<meta property=\"og:locale\" content=\"es_ES\" \/>\n<meta property=\"og:type\" content=\"article\" \/>\n<meta property=\"og:title\" content=\"Podcast - 9 ideas | Escuela Digital\" \/>\n<meta property=\"og:description\" content=\"CHARLAS Y ENTREVISTAS Conoc\u00e9 casos. Escuch\u00e1 testimonios. Aprend\u00e9 de referentes de la industria. Escuchalo en Spotify o miralo en youtube. https:\/\/youtu.be\/9lh8QKc55EYhttps:\/\/youtu.be\/wi6cMWThQp4https:\/\/youtu.be\/rXemyDC31K8https:\/\/youtu.be\/PKhxb5iYkD0https:\/\/youtu.be\/5MAoJrsS78whttps:\/\/youtu.be\/Q-0VajzbxEYhttps:\/\/youtu.be\/HVbf_sOaCwY\" \/>\n<meta property=\"og:url\" content=\"https:\/\/cursos.9ideas.net\/index.php\/podcast\/\" \/>\n<meta property=\"og:site_name\" content=\"9 ideas | Escuela Digital\" \/>\n<meta property=\"article:modified_time\" content=\"2022-09-11T16:40:46+00:00\" \/>\n<meta name=\"twitter:card\" content=\"summary_large_image\" \/>\n<script type=\"application\/ld+json\" class=\"yoast-schema-graph\">{\"@context\":\"https:\/\/schema.org\",\"@graph\":[{\"@type\":\"WebPage\",\"@id\":\"https:\/\/cursos.9ideas.net\/index.php\/podcast\/\",\"url\":\"https:\/\/cursos.9ideas.net\/index.php\/podcast\/\",\"name\":\"Podcast - 9 ideas | Escuela Digital\",\"isPartOf\":{\"@id\":\"https:\/\/cursos.9ideas.net\/#website\"},\"datePublished\":\"2022-09-11T16:30:57+00:00\",\"dateModified\":\"2022-09-11T16:40:46+00:00\",\"breadcrumb\":{\"@id\":\"https:\/\/cursos.9ideas.net\/index.php\/podcast\/#breadcrumb\"},\"inLanguage\":\"es\",\"potentialAction\":[{\"@type\":\"ReadAction\",\"target\":[\"https:\/\/cursos.9ideas.net\/index.php\/podcast\/\"]}]},{\"@type\":\"BreadcrumbList\",\"@id\":\"https:\/\/cursos.9ideas.net\/index.php\/podcast\/#breadcrumb\",\"itemListElement\":[{\"@type\":\"ListItem\",\"position\":1,\"name\":\"Portada\",\"item\":\"https:\/\/cursos.9ideas.net\/\"},{\"@type\":\"ListItem\",\"position\":2,\"name\":\"Podcast\"}]},{\"@type\":\"WebSite\",\"@id\":\"https:\/\/cursos.9ideas.net\/#website\",\"url\":\"https:\/\/cursos.9ideas.net\/\",\"name\":\"9 ideas | Escuela Digital\",\"description\":\"Aprend\u00e9 todo sobre Marketing Digital\",\"publisher\":{\"@id\":\"https:\/\/cursos.9ideas.net\/#organization\"},\"potentialAction\":[{\"@type\":\"SearchAction\",\"target\":{\"@type\":\"EntryPoint\",\"urlTemplate\":\"https:\/\/cursos.9ideas.net\/?s={search_term_string}\"},\"query-input\":{\"@type\":\"PropertyValueSpecification\",\"valueRequired\":true,\"valueName\":\"search_term_string\"}}],\"inLanguage\":\"es\"},{\"@type\":\"Organization\",\"@id\":\"https:\/\/cursos.9ideas.net\/#organization\",\"name\":\"9 ideas | Escuela Digital\",\"url\":\"https:\/\/cursos.9ideas.net\/\",\"logo\":{\"@type\":\"ImageObject\",\"inLanguage\":\"es\",\"@id\":\"https:\/\/cursos.9ideas.net\/#\/schema\/logo\/image\/\",\"url\":\"https:\/\/cursos.9ideas.net\/wp-content\/uploads\/2022\/08\/cropped-9-ideas-escuela-digital.png\",\"contentUrl\":\"https:\/\/cursos.9ideas.net\/wp-content\/uploads\/2022\/08\/cropped-9-ideas-escuela-digital.png\",\"width\":300,\"height\":100,\"caption\":\"9 ideas | Escuela Digital\"},\"image\":{\"@id\":\"https:\/\/cursos.9ideas.net\/#\/schema\/logo\/image\/\"}}]}<\/script>\n<!-- \/ Yoast SEO plugin. -->","yoast_head_json":{"title":"Podcast - 9 ideas | Escuela Digital","robots":{"index":"index","follow":"follow","max-snippet":"max-snippet:-1","max-image-preview":"max-image-preview:large","max-video-preview":"max-video-preview:-1"},"canonical":"https:\/\/cursos.9ideas.net\/index.php\/podcast\/","og_locale":"es_ES","og_type":"article","og_title":"Podcast - 9 ideas | Escuela Digital","og_description":"CHARLAS Y ENTREVISTAS Conoc\u00e9 casos. Escuch\u00e1 testimonios. Aprend\u00e9 de referentes de la industria. Escuchalo en Spotify o miralo en youtube. https:\/\/youtu.be\/9lh8QKc55EYhttps:\/\/youtu.be\/wi6cMWThQp4https:\/\/youtu.be\/rXemyDC31K8https:\/\/youtu.be\/PKhxb5iYkD0https:\/\/youtu.be\/5MAoJrsS78whttps:\/\/youtu.be\/Q-0VajzbxEYhttps:\/\/youtu.be\/HVbf_sOaCwY","og_url":"https:\/\/cursos.9ideas.net\/index.php\/podcast\/","og_site_name":"9 ideas | Escuela Digital","article_modified_time":"2022-09-11T16:40:46+00:00","twitter_card":"summary_large_image","schema":{"@context":"https:\/\/schema.org","@graph":[{"@type":"WebPage","@id":"https:\/\/cursos.9ideas.net\/index.php\/podcast\/","url":"https:\/\/cursos.9ideas.net\/index.php\/podcast\/","name":"Podcast - 9 ideas | Escuela Digital","isPartOf":{"@id":"https:\/\/cursos.9ideas.net\/#website"},"datePublished":"2022-09-11T16:30:57+00:00","dateModified":"2022-09-11T16:40:46+00:00","breadcrumb":{"@id":"https:\/\/cursos.9ideas.net\/index.php\/podcast\/#breadcrumb"},"inLanguage":"es","potentialAction":[{"@type":"ReadAction","target":["https:\/\/cursos.9ideas.net\/index.php\/podcast\/"]}]},{"@type":"BreadcrumbList","@id":"https:\/\/cursos.9ideas.net\/index.php\/podcast\/#breadcrumb","itemListElement":[{"@type":"ListItem","position":1,"name":"Portada","item":"https:\/\/cursos.9ideas.net\/"},{"@type":"ListItem","position":2,"name":"Podcast"}]},{"@type":"WebSite","@id":"https:\/\/cursos.9ideas.net\/#website","url":"https:\/\/cursos.9ideas.net\/","name":"9 ideas | Escuela Digital","description":"Aprend\u00e9 todo sobre Marketing Digital","publisher":{"@id":"https:\/\/cursos.9ideas.net\/#organization"},"potentialAction":[{"@type":"SearchAction","target":{"@type":"EntryPoint","urlTemplate":"https:\/\/cursos.9ideas.net\/?s={search_term_string}"},"query-input":{"@type":"PropertyValueSpecification","valueRequired":true,"valueName":"search_term_string"}}],"inLanguage":"es"},{"@type":"Organization","@id":"https:\/\/cursos.9ideas.net\/#organization","name":"9 ideas | Escuela Digital","url":"https:\/\/cursos.9ideas.net\/","logo":{"@type":"ImageObject","inLanguage":"es","@id":"https:\/\/cursos.9ideas.net\/#\/schema\/logo\/image\/","url":"https:\/\/cursos.9ideas.net\/wp-content\/uploads\/2022\/08\/cropped-9-ideas-escuela-digital.png","contentUrl":"https:\/\/cursos.9ideas.net\/wp-content\/uploads\/2022\/08\/cropped-9-ideas-escuela-digital.png","width":300,"height":100,"caption":"9 ideas | Escuela Digital"},"image":{"@id":"https:\/\/cursos.9ideas.net\/#\/schema\/logo\/image\/"}}]}},"_links":{"self":[{"href":"https:\/\/cursos.9ideas.net\/index.php\/wp-json\/wp\/v2\/pages\/14232","targetHints":{"allow":["GET"]}}],"collection":[{"href":"https:\/\/cursos.9ideas.net\/index.php\/wp-json\/wp\/v2\/pages"}],"about":[{"href":"https:\/\/cursos.9ideas.net\/index.php\/wp-json\/wp\/v2\/types\/page"}],"author":[{"embeddable":true,"href":"https:\/\/cursos.9ideas.net\/index.php\/wp-json\/wp\/v2\/users\/3345"}],"replies":[{"embeddable":true,"href":"https:\/\/cursos.9ideas.net\/index.php\/wp-json\/wp\/v2\/comments?post=14232"}],"version-history":[{"count":49,"href":"https:\/\/cursos.9ideas.net\/index.php\/wp-json\/wp\/v2\/pages\/14232\/revisions"}],"predecessor-version":[{"id":14282,"href":"https:\/\/cursos.9ideas.net\/index.php\/wp-json\/wp\/v2\/pages\/14232\/revisions\/14282"}],"wp:attachment":[{"href":"https:\/\/cursos.9ideas.net\/index.php\/wp-json\/wp\/v2\/media?parent=14232"}],"curies":[{"name":"wp","href":"https:\/\/api.w.org\/{rel}","templated":true}]}}