{"id":1310,"date":"2021-07-20T13:30:15","date_gmt":"2021-07-20T13:30:15","guid":{"rendered":"https:\/\/cursos.9ideas.net\/?page_id=1310"},"modified":"2021-12-15T19:47:36","modified_gmt":"2021-12-15T19:47:36","slug":"guia-para-alumnos","status":"publish","type":"page","link":"https:\/\/cursos.9ideas.net\/index.php\/guia-para-alumnos\/","title":{"rendered":"Gu\u00eda para alumnos"},"content":{"rendered":"\t\t<div data-elementor-type=\"wp-page\" data-elementor-id=\"1310\" class=\"elementor elementor-1310\">\n\t\t\t\t\t\t<section class=\"elementor-section elementor-top-section elementor-element elementor-element-526b4bd elementor-section-boxed elementor-section-height-default elementor-section-height-default\" data-id=\"526b4bd\" data-element_type=\"section\" data-e-type=\"section\">\n\t\t\t\t\t\t<div class=\"elementor-container elementor-column-gap-default\">\n\t\t\t\t\t<div class=\"elementor-column elementor-col-100 elementor-top-column elementor-element elementor-element-8c17d0d\" data-id=\"8c17d0d\" data-element_type=\"column\" data-e-type=\"column\">\n\t\t\t<div class=\"elementor-widget-wrap elementor-element-populated\">\n\t\t\t\t\t\t<div class=\"elementor-element elementor-element-b8762ec elementor-widget elementor-widget-heading\" data-id=\"b8762ec\" data-element_type=\"widget\" data-e-type=\"widget\" data-widget_type=\"heading.default\">\n\t\t\t\t<div class=\"elementor-widget-container\">\n\t\t\t\t\t<h2 class=\"elementor-heading-title elementor-size-default\">Gu\u00eda para alumnos<\/h2>\t\t\t\t<\/div>\n\t\t\t\t<\/div>\n\t\t\t\t<div class=\"elementor-element elementor-element-00725a7 elementor-widget elementor-widget-text-editor\" data-id=\"00725a7\" data-element_type=\"widget\" data-e-type=\"widget\" data-widget_type=\"text-editor.default\">\n\t\t\t\t<div class=\"elementor-widget-container\">\n\t\t\t\t\t\t\t\t\t<h5 style=\"text-align: center;\">Ac\u00e1 vas a encontrar todo sobre como usar el aula virtual y el material complementario de cada curso.<\/h5>\t\t\t\t\t\t\t\t<\/div>\n\t\t\t\t<\/div>\n\t\t\t\t\t<\/div>\n\t\t<\/div>\n\t\t\t\t\t<\/div>\n\t\t<\/section>\n\t\t\t\t<section class=\"elementor-section elementor-top-section elementor-element elementor-element-715c452 elementor-section-boxed elementor-section-height-default elementor-section-height-default\" data-id=\"715c452\" data-element_type=\"section\" data-e-type=\"section\" data-settings=\"{&quot;background_background&quot;:&quot;classic&quot;}\">\n\t\t\t\t\t\t<div class=\"elementor-container elementor-column-gap-default\">\n\t\t\t\t\t<div class=\"elementor-column elementor-col-50 elementor-top-column elementor-element elementor-element-93c841c\" data-id=\"93c841c\" data-element_type=\"column\" data-e-type=\"column\">\n\t\t\t<div class=\"elementor-widget-wrap elementor-element-populated\">\n\t\t\t\t\t\t<div class=\"elementor-element elementor-element-83db7ec elementor-widget elementor-widget-heading\" data-id=\"83db7ec\" data-element_type=\"widget\" data-e-type=\"widget\" data-widget_type=\"heading.default\">\n\t\t\t\t<div class=\"elementor-widget-container\">\n\t\t\t\t\t<h3 class=\"elementor-heading-title elementor-size-default\">Ya compr\u00e9 un curso \u00bfAhora que hago?<\/h3>\t\t\t\t<\/div>\n\t\t\t\t<\/div>\n\t\t\t\t<div class=\"elementor-element elementor-element-baa8e0b elementor-widget elementor-widget-text-editor\" data-id=\"baa8e0b\" data-element_type=\"widget\" data-e-type=\"widget\" data-widget_type=\"text-editor.default\">\n\t\t\t\t<div class=\"elementor-widget-container\">\n\t\t\t\t\t\t\t\t\t<h6 style=\"text-align: center;\">Si ya compraste un curso o fuiste becado, te tuvimos que haber entregado tu USUARIO y CONTRASE\u00d1A.\u00a0<\/h6><h6 style=\"text-align: center;\">En caso de que no lo hayamos hecho, comunicate urgente con Gisel, nuestro Chatbot y recibir\u00e1s los datos a la brevedad.<\/h6>\t\t\t\t\t\t\t\t<\/div>\n\t\t\t\t<\/div>\n\t\t\t\t<div class=\"elementor-element elementor-element-d6c2727 elementor-widget elementor-widget-heading\" data-id=\"d6c2727\" data-element_type=\"widget\" data-e-type=\"widget\" data-widget_type=\"heading.default\">\n\t\t\t\t<div class=\"elementor-widget-container\">\n\t\t\t\t\t<h3 class=\"elementor-heading-title elementor-size-default\">\u00bfComo accedo a los cursos?<\/h3>\t\t\t\t<\/div>\n\t\t\t\t<\/div>\n\t\t\t\t<div class=\"elementor-element elementor-element-586c84b elementor-widget elementor-widget-text-editor\" data-id=\"586c84b\" data-element_type=\"widget\" data-e-type=\"widget\" data-widget_type=\"text-editor.default\">\n\t\t\t\t<div class=\"elementor-widget-container\">\n\t\t\t\t\t\t\t\t\t<h6 style=\"text-align: center;\">Ingres\u00e1 con tu USUARIO y CONTRASE\u00d1A en la secci\u00f3n ALUMNOS y luego ACCEDER. All\u00ed ingresas con los datos que te entregamos.<\/h6>\t\t\t\t\t\t\t\t<\/div>\n\t\t\t\t<\/div>\n\t\t\t\t<div class=\"elementor-element elementor-element-8c18c23 elementor-widget elementor-widget-image\" data-id=\"8c18c23\" data-element_type=\"widget\" data-e-type=\"widget\" data-widget_type=\"image.default\">\n\t\t\t\t<div class=\"elementor-widget-container\">\n\t\t\t\t\t\t\t\t\t\t\t\t\t\t\t<img fetchpriority=\"high\" decoding=\"async\" width=\"565\" height=\"325\" src=\"https:\/\/cursos.9ideas.net\/wp-content\/uploads\/2021\/07\/Captura-de-pantalla-2021-07-20-a-las-10.38.58.png\" class=\"attachment-large size-large wp-image-1320\" alt=\"\" srcset=\"https:\/\/cursos.9ideas.net\/wp-content\/uploads\/2021\/07\/Captura-de-pantalla-2021-07-20-a-las-10.38.58.png 565w, https:\/\/cursos.9ideas.net\/wp-content\/uploads\/2021\/07\/Captura-de-pantalla-2021-07-20-a-las-10.38.58-300x173.png 300w\" sizes=\"(max-width: 565px) 100vw, 565px\" \/>\t\t\t\t\t\t\t\t\t\t\t\t\t\t\t<\/div>\n\t\t\t\t<\/div>\n\t\t\t\t<div class=\"elementor-element elementor-element-91f3a69 elementor-widget elementor-widget-spacer\" data-id=\"91f3a69\" data-element_type=\"widget\" data-e-type=\"widget\" data-widget_type=\"spacer.default\">\n\t\t\t\t<div class=\"elementor-widget-container\">\n\t\t\t\t\t\t\t<div class=\"elementor-spacer\">\n\t\t\t<div class=\"elementor-spacer-inner\"><\/div>\n\t\t<\/div>\n\t\t\t\t\t\t<\/div>\n\t\t\t\t<\/div>\n\t\t\t\t<div class=\"elementor-element elementor-element-5d06267 elementor-widget elementor-widget-heading\" data-id=\"5d06267\" data-element_type=\"widget\" data-e-type=\"widget\" data-widget_type=\"heading.default\">\n\t\t\t\t<div class=\"elementor-widget-container\">\n\t\t\t\t\t<h3 class=\"elementor-heading-title elementor-size-default\">No puedo acceder al escritorio<\/h3>\t\t\t\t<\/div>\n\t\t\t\t<\/div>\n\t\t\t\t<div class=\"elementor-element elementor-element-b63b69b elementor-widget elementor-widget-text-editor\" data-id=\"b63b69b\" data-element_type=\"widget\" data-e-type=\"widget\" data-widget_type=\"text-editor.default\">\n\t\t\t\t<div class=\"elementor-widget-container\">\n\t\t\t\t\t\t\t\t\t<h6 style=\"text-align: center;\">En caso de que no puedas acceder al escritorio del aula virtual por que te aparece la siguiente situacion:<\/h6>\t\t\t\t\t\t\t\t<\/div>\n\t\t\t\t<\/div>\n\t\t\t\t<div class=\"elementor-element elementor-element-721d3f6 elementor-widget elementor-widget-image\" data-id=\"721d3f6\" data-element_type=\"widget\" data-e-type=\"widget\" data-widget_type=\"image.default\">\n\t\t\t\t<div class=\"elementor-widget-container\">\n\t\t\t\t\t\t\t\t\t\t\t\t\t\t\t<img decoding=\"async\" width=\"540\" height=\"375\" src=\"https:\/\/cursos.9ideas.net\/wp-content\/uploads\/2021\/07\/Captura-de-pantalla-2021-07-20-a-las-10.45.57.png\" class=\"attachment-large size-large wp-image-1328\" alt=\"\" srcset=\"https:\/\/cursos.9ideas.net\/wp-content\/uploads\/2021\/07\/Captura-de-pantalla-2021-07-20-a-las-10.45.57.png 540w, https:\/\/cursos.9ideas.net\/wp-content\/uploads\/2021\/07\/Captura-de-pantalla-2021-07-20-a-las-10.45.57-300x208.png 300w\" sizes=\"(max-width: 540px) 100vw, 540px\" \/>\t\t\t\t\t\t\t\t\t\t\t\t\t\t\t<\/div>\n\t\t\t\t<\/div>\n\t\t\t\t<div class=\"elementor-element elementor-element-c12b834 elementor-widget elementor-widget-text-editor\" data-id=\"c12b834\" data-element_type=\"widget\" data-e-type=\"widget\" data-widget_type=\"text-editor.default\">\n\t\t\t\t<div class=\"elementor-widget-container\">\n\t\t\t\t\t\t\t\t\t<h6 style=\"text-align: center;\">Hac\u00e9 Click en <strong>SALIR<\/strong> y volv\u00e9 a ingresar con tu Usuario y Contrase\u00f1a.<\/h6><h6 style=\"text-align: center;\">Si el problema persiste informalo a nuestro chat.<\/h6>\t\t\t\t\t\t\t\t<\/div>\n\t\t\t\t<\/div>\n\t\t\t\t\t<\/div>\n\t\t<\/div>\n\t\t\t\t<div class=\"elementor-column elementor-col-50 elementor-top-column elementor-element elementor-element-ca71d65\" data-id=\"ca71d65\" data-element_type=\"column\" data-e-type=\"column\">\n\t\t\t<div class=\"elementor-widget-wrap elementor-element-populated\">\n\t\t\t\t\t\t<div class=\"elementor-element elementor-element-d6333e7 elementor-widget elementor-widget-heading\" data-id=\"d6333e7\" data-element_type=\"widget\" data-e-type=\"widget\" data-widget_type=\"heading.default\">\n\t\t\t\t<div class=\"elementor-widget-container\">\n\t\t\t\t\t<h3 class=\"elementor-heading-title elementor-size-default\">No puedo descargar el material complementario<\/h3>\t\t\t\t<\/div>\n\t\t\t\t<\/div>\n\t\t\t\t<div class=\"elementor-element elementor-element-5369f83 elementor-widget elementor-widget-text-editor\" data-id=\"5369f83\" data-element_type=\"widget\" data-e-type=\"widget\" data-widget_type=\"text-editor.default\">\n\t\t\t\t<div class=\"elementor-widget-container\">\n\t\t\t\t\t\t\t\t\t<h6 style=\"text-align: center;\">Es un problema muy com\u00fan que ocurre porque tu navegador bloquea la descarga. Si te pasa, and\u00e1 al escritorio del aula virtual en la secci\u00f3n MATERIAL COMPLEMENTARIO descarg\u00e1 todo el material desde Google Drive.<\/h6>\t\t\t\t\t\t\t\t<\/div>\n\t\t\t\t<\/div>\n\t\t\t\t<div class=\"elementor-element elementor-element-8e064d0 elementor-widget elementor-widget-heading\" data-id=\"8e064d0\" data-element_type=\"widget\" data-e-type=\"widget\" data-widget_type=\"heading.default\">\n\t\t\t\t<div class=\"elementor-widget-container\">\n\t\t\t\t\t<h3 class=\"elementor-heading-title elementor-size-default\">\u00bfQue pasa si pierdo mi contrase\u00f1a?<\/h3>\t\t\t\t<\/div>\n\t\t\t\t<\/div>\n\t\t\t\t<div class=\"elementor-element elementor-element-1514fc6 elementor-widget elementor-widget-text-editor\" data-id=\"1514fc6\" data-element_type=\"widget\" data-e-type=\"widget\" data-widget_type=\"text-editor.default\">\n\t\t\t\t<div class=\"elementor-widget-container\">\n\t\t\t\t\t\t\t\t\t<h6 style=\"text-align: center;\">En la secci\u00f3n ACCEDER hac\u00e9 Click en \u00bfHas olvidado tu contrase\u00f1a? y segu\u00ed las instrucciones. Vas a recibir un correo electr\u00f3nico para restaurarla.<\/h6>\t\t\t\t\t\t\t\t<\/div>\n\t\t\t\t<\/div>\n\t\t\t\t<div class=\"elementor-element elementor-element-6fa773c elementor-widget elementor-widget-image\" data-id=\"6fa773c\" data-element_type=\"widget\" data-e-type=\"widget\" data-widget_type=\"image.default\">\n\t\t\t\t<div class=\"elementor-widget-container\">\n\t\t\t\t\t\t\t\t\t\t\t\t\t\t\t<img decoding=\"async\" width=\"589\" height=\"377\" src=\"https:\/\/cursos.9ideas.net\/wp-content\/uploads\/2021\/07\/Captura-de-pantalla-2021-07-20-a-las-10.42.42.png\" class=\"attachment-large size-large wp-image-1324\" alt=\"\" srcset=\"https:\/\/cursos.9ideas.net\/wp-content\/uploads\/2021\/07\/Captura-de-pantalla-2021-07-20-a-las-10.42.42.png 589w, https:\/\/cursos.9ideas.net\/wp-content\/uploads\/2021\/07\/Captura-de-pantalla-2021-07-20-a-las-10.42.42-300x192.png 300w\" sizes=\"(max-width: 589px) 100vw, 589px\" \/>\t\t\t\t\t\t\t\t\t\t\t\t\t\t\t<\/div>\n\t\t\t\t<\/div>\n\t\t\t\t<div class=\"elementor-element elementor-element-31c1a81 elementor-widget elementor-widget-heading\" data-id=\"31c1a81\" data-element_type=\"widget\" data-e-type=\"widget\" data-widget_type=\"heading.default\">\n\t\t\t\t<div class=\"elementor-widget-container\">\n\t\t\t\t\t<h3 class=\"elementor-heading-title elementor-size-default\">\u00bfEn que momento puedo pedir mi certificado o la pasant\u00eda?<\/h3>\t\t\t\t<\/div>\n\t\t\t\t<\/div>\n\t\t\t\t<div class=\"elementor-element elementor-element-68ad0ac elementor-widget elementor-widget-text-editor\" data-id=\"68ad0ac\" data-element_type=\"widget\" data-e-type=\"widget\" data-widget_type=\"text-editor.default\">\n\t\t\t\t<div class=\"elementor-widget-container\">\n\t\t\t\t\t\t\t\t\t<h6 style=\"text-align: center;\">Cuando termin\u00e1s el examen, si sacaste el puntaje correspondiente, pod\u00e9s solicitar tu certificado a trav\u00e9s de nuestro chat. Vamos a corroborar la informaci\u00f3n y te lo estaremos enviando por mail.<\/h6><h6 style=\"text-align: center;\">Ten\u00e9 en cuenta que en todo momento hay personas detr\u00e1s de la plataforma atendiendo tus dudas y consultas. No est\u00e1s sol@.<\/h6>\t\t\t\t\t\t\t\t<\/div>\n\t\t\t\t<\/div>\n\t\t\t\t\t<\/div>\n\t\t<\/div>\n\t\t\t\t\t<\/div>\n\t\t<\/section>\n\t\t\t\t<\/div>\n\t\t","protected":false},"excerpt":{"rendered":"<p>Gu\u00eda para alumnos Ac\u00e1 vas a encontrar todo sobre como usar el aula virtual y el material complementario de cada curso. Ya compr\u00e9 un curso \u00bfAhora que hago? Si ya compraste un curso o fuiste becado, te tuvimos que haber entregado tu USUARIO y CONTRASE\u00d1A.&nbsp; En caso de que no lo hayamos hecho, comunicate urgente [&hellip;]<\/p>\n","protected":false},"author":3345,"featured_media":0,"parent":0,"menu_order":0,"comment_status":"closed","ping_status":"closed","template":"","meta":{"_monsterinsights_skip_tracking":false,"_monsterinsights_sitenote_active":false,"_monsterinsights_sitenote_note":"","_monsterinsights_sitenote_category":0,"site-sidebar-layout":"no-sidebar","site-content-layout":"page-builder","ast-site-content-layout":"default","site-content-style":"default","site-sidebar-style":"default","ast-global-header-display":"","ast-banner-title-visibility":"","ast-main-header-display":"","ast-hfb-above-header-display":"","ast-hfb-below-header-display":"","ast-hfb-mobile-header-display":"","site-post-title":"disabled","ast-breadcrumbs-content":"","ast-featured-img":"disabled","footer-sml-layout":"","ast-disable-related-posts":"","theme-transparent-header-meta":"default","adv-header-id-meta":"","stick-header-meta":"","header-above-stick-meta":"","header-main-stick-meta":"","header-below-stick-meta":"","astra-migrate-meta-layouts":"default","ast-page-background-enabled":"default","ast-page-background-meta":{"desktop":{"background-color":"","background-image":"","background-repeat":"repeat","background-position":"center center","background-size":"auto","background-attachment":"scroll","background-type":"","background-media":"","overlay-type":"","overlay-color":"","overlay-opacity":"","overlay-gradient":""},"tablet":{"background-color":"","background-image":"","background-repeat":"repeat","background-position":"center center","background-size":"auto","background-attachment":"scroll","background-type":"","background-media":"","overlay-type":"","overlay-color":"","overlay-opacity":"","overlay-gradient":""},"mobile":{"background-color":"","background-image":"","background-repeat":"repeat","background-position":"center center","background-size":"auto","background-attachment":"scroll","background-type":"","background-media":"","overlay-type":"","overlay-color":"","overlay-opacity":"","overlay-gradient":""}},"ast-content-background-meta":{"desktop":{"background-color":"var(--ast-global-color-5)","background-image":"","background-repeat":"repeat","background-position":"center center","background-size":"auto","background-attachment":"scroll","background-type":"","background-media":"","overlay-type":"","overlay-color":"","overlay-opacity":"","overlay-gradient":""},"tablet":{"background-color":"var(--ast-global-color-5)","background-image":"","background-repeat":"repeat","background-position":"center center","background-size":"auto","background-attachment":"scroll","background-type":"","background-media":"","overlay-type":"","overlay-color":"","overlay-opacity":"","overlay-gradient":""},"mobile":{"background-color":"var(--ast-global-color-5)","background-image":"","background-repeat":"repeat","background-position":"center center","background-size":"auto","background-attachment":"scroll","background-type":"","background-media":"","overlay-type":"","overlay-color":"","overlay-opacity":"","overlay-gradient":""}},"footnotes":""},"class_list":["post-1310","page","type-page","status-publish","hentry"],"yoast_head":"<!-- This site is optimized with the Yoast SEO plugin v27.4 - https:\/\/yoast.com\/product\/yoast-seo-wordpress\/ -->\n<title>Gu\u00eda para alumnos - 9 ideas | Escuela Digital<\/title>\n<meta name=\"robots\" content=\"index, follow, max-snippet:-1, max-image-preview:large, max-video-preview:-1\" \/>\n<link rel=\"canonical\" href=\"https:\/\/cursos.9ideas.net\/index.php\/guia-para-alumnos\/\" \/>\n<meta property=\"og:locale\" content=\"es_ES\" \/>\n<meta property=\"og:type\" content=\"article\" \/>\n<meta property=\"og:title\" content=\"Gu\u00eda para alumnos - 9 ideas | Escuela Digital\" \/>\n<meta property=\"og:description\" content=\"Gu\u00eda para alumnos Ac\u00e1 vas a encontrar todo sobre como usar el aula virtual y el material complementario de cada curso. Ya compr\u00e9 un curso \u00bfAhora que hago? Si ya compraste un curso o fuiste becado, te tuvimos que haber entregado tu USUARIO y CONTRASE\u00d1A.&nbsp; En caso de que no lo hayamos hecho, comunicate urgente [&hellip;]\" \/>\n<meta property=\"og:url\" content=\"https:\/\/cursos.9ideas.net\/index.php\/guia-para-alumnos\/\" \/>\n<meta property=\"og:site_name\" content=\"9 ideas | Escuela Digital\" \/>\n<meta property=\"article:modified_time\" content=\"2021-12-15T19:47:36+00:00\" \/>\n<meta property=\"og:image\" content=\"https:\/\/cursos.9ideas.net\/wp-content\/uploads\/2021\/07\/Captura-de-pantalla-2021-07-20-a-las-10.38.58.png\" \/>\n<meta name=\"twitter:card\" content=\"summary_large_image\" \/>\n<meta name=\"twitter:label1\" content=\"Tiempo de lectura\" \/>\n\t<meta name=\"twitter:data1\" content=\"1 minuto\" \/>\n<script type=\"application\/ld+json\" class=\"yoast-schema-graph\">{\"@context\":\"https:\\\/\\\/schema.org\",\"@graph\":[{\"@type\":\"WebPage\",\"@id\":\"https:\\\/\\\/cursos.9ideas.net\\\/index.php\\\/guia-para-alumnos\\\/\",\"url\":\"https:\\\/\\\/cursos.9ideas.net\\\/index.php\\\/guia-para-alumnos\\\/\",\"name\":\"Gu\u00eda para alumnos - 9 ideas | Escuela Digital\",\"isPartOf\":{\"@id\":\"https:\\\/\\\/cursos.9ideas.net\\\/#website\"},\"primaryImageOfPage\":{\"@id\":\"https:\\\/\\\/cursos.9ideas.net\\\/index.php\\\/guia-para-alumnos\\\/#primaryimage\"},\"image\":{\"@id\":\"https:\\\/\\\/cursos.9ideas.net\\\/index.php\\\/guia-para-alumnos\\\/#primaryimage\"},\"thumbnailUrl\":\"https:\\\/\\\/cursos.9ideas.net\\\/wp-content\\\/uploads\\\/2021\\\/07\\\/Captura-de-pantalla-2021-07-20-a-las-10.38.58.png\",\"datePublished\":\"2021-07-20T13:30:15+00:00\",\"dateModified\":\"2021-12-15T19:47:36+00:00\",\"breadcrumb\":{\"@id\":\"https:\\\/\\\/cursos.9ideas.net\\\/index.php\\\/guia-para-alumnos\\\/#breadcrumb\"},\"inLanguage\":\"es\",\"potentialAction\":[{\"@type\":\"ReadAction\",\"target\":[\"https:\\\/\\\/cursos.9ideas.net\\\/index.php\\\/guia-para-alumnos\\\/\"]}]},{\"@type\":\"ImageObject\",\"inLanguage\":\"es\",\"@id\":\"https:\\\/\\\/cursos.9ideas.net\\\/index.php\\\/guia-para-alumnos\\\/#primaryimage\",\"url\":\"https:\\\/\\\/cursos.9ideas.net\\\/wp-content\\\/uploads\\\/2021\\\/07\\\/Captura-de-pantalla-2021-07-20-a-las-10.38.58.png\",\"contentUrl\":\"https:\\\/\\\/cursos.9ideas.net\\\/wp-content\\\/uploads\\\/2021\\\/07\\\/Captura-de-pantalla-2021-07-20-a-las-10.38.58.png\"},{\"@type\":\"BreadcrumbList\",\"@id\":\"https:\\\/\\\/cursos.9ideas.net\\\/index.php\\\/guia-para-alumnos\\\/#breadcrumb\",\"itemListElement\":[{\"@type\":\"ListItem\",\"position\":1,\"name\":\"Portada\",\"item\":\"https:\\\/\\\/cursos.9ideas.net\\\/\"},{\"@type\":\"ListItem\",\"position\":2,\"name\":\"Gu\u00eda para alumnos\"}]},{\"@type\":\"WebSite\",\"@id\":\"https:\\\/\\\/cursos.9ideas.net\\\/#website\",\"url\":\"https:\\\/\\\/cursos.9ideas.net\\\/\",\"name\":\"9 ideas | Escuela Digital\",\"description\":\"Aprend\u00e9 todo sobre Marketing Digital\",\"publisher\":{\"@id\":\"https:\\\/\\\/cursos.9ideas.net\\\/#organization\"},\"potentialAction\":[{\"@type\":\"SearchAction\",\"target\":{\"@type\":\"EntryPoint\",\"urlTemplate\":\"https:\\\/\\\/cursos.9ideas.net\\\/?s={search_term_string}\"},\"query-input\":{\"@type\":\"PropertyValueSpecification\",\"valueRequired\":true,\"valueName\":\"search_term_string\"}}],\"inLanguage\":\"es\"},{\"@type\":\"Organization\",\"@id\":\"https:\\\/\\\/cursos.9ideas.net\\\/#organization\",\"name\":\"9 ideas | Escuela Digital\",\"url\":\"https:\\\/\\\/cursos.9ideas.net\\\/\",\"logo\":{\"@type\":\"ImageObject\",\"inLanguage\":\"es\",\"@id\":\"https:\\\/\\\/cursos.9ideas.net\\\/#\\\/schema\\\/logo\\\/image\\\/\",\"url\":\"https:\\\/\\\/cursos.9ideas.net\\\/wp-content\\\/uploads\\\/2022\\\/08\\\/cropped-9-ideas-escuela-digital.png\",\"contentUrl\":\"https:\\\/\\\/cursos.9ideas.net\\\/wp-content\\\/uploads\\\/2022\\\/08\\\/cropped-9-ideas-escuela-digital.png\",\"width\":300,\"height\":100,\"caption\":\"9 ideas | Escuela Digital\"},\"image\":{\"@id\":\"https:\\\/\\\/cursos.9ideas.net\\\/#\\\/schema\\\/logo\\\/image\\\/\"}}]}<\/script>\n<!-- \/ Yoast SEO plugin. -->","yoast_head_json":{"title":"Gu\u00eda para alumnos - 9 ideas | Escuela Digital","robots":{"index":"index","follow":"follow","max-snippet":"max-snippet:-1","max-image-preview":"max-image-preview:large","max-video-preview":"max-video-preview:-1"},"canonical":"https:\/\/cursos.9ideas.net\/index.php\/guia-para-alumnos\/","og_locale":"es_ES","og_type":"article","og_title":"Gu\u00eda para alumnos - 9 ideas | Escuela Digital","og_description":"Gu\u00eda para alumnos Ac\u00e1 vas a encontrar todo sobre como usar el aula virtual y el material complementario de cada curso. Ya compr\u00e9 un curso \u00bfAhora que hago? Si ya compraste un curso o fuiste becado, te tuvimos que haber entregado tu USUARIO y CONTRASE\u00d1A.&nbsp; En caso de que no lo hayamos hecho, comunicate urgente [&hellip;]","og_url":"https:\/\/cursos.9ideas.net\/index.php\/guia-para-alumnos\/","og_site_name":"9 ideas | Escuela Digital","article_modified_time":"2021-12-15T19:47:36+00:00","og_image":[{"url":"https:\/\/cursos.9ideas.net\/wp-content\/uploads\/2021\/07\/Captura-de-pantalla-2021-07-20-a-las-10.38.58.png","type":"","width":"","height":""}],"twitter_card":"summary_large_image","twitter_misc":{"Tiempo de lectura":"1 minuto"},"schema":{"@context":"https:\/\/schema.org","@graph":[{"@type":"WebPage","@id":"https:\/\/cursos.9ideas.net\/index.php\/guia-para-alumnos\/","url":"https:\/\/cursos.9ideas.net\/index.php\/guia-para-alumnos\/","name":"Gu\u00eda para alumnos - 9 ideas | Escuela Digital","isPartOf":{"@id":"https:\/\/cursos.9ideas.net\/#website"},"primaryImageOfPage":{"@id":"https:\/\/cursos.9ideas.net\/index.php\/guia-para-alumnos\/#primaryimage"},"image":{"@id":"https:\/\/cursos.9ideas.net\/index.php\/guia-para-alumnos\/#primaryimage"},"thumbnailUrl":"https:\/\/cursos.9ideas.net\/wp-content\/uploads\/2021\/07\/Captura-de-pantalla-2021-07-20-a-las-10.38.58.png","datePublished":"2021-07-20T13:30:15+00:00","dateModified":"2021-12-15T19:47:36+00:00","breadcrumb":{"@id":"https:\/\/cursos.9ideas.net\/index.php\/guia-para-alumnos\/#breadcrumb"},"inLanguage":"es","potentialAction":[{"@type":"ReadAction","target":["https:\/\/cursos.9ideas.net\/index.php\/guia-para-alumnos\/"]}]},{"@type":"ImageObject","inLanguage":"es","@id":"https:\/\/cursos.9ideas.net\/index.php\/guia-para-alumnos\/#primaryimage","url":"https:\/\/cursos.9ideas.net\/wp-content\/uploads\/2021\/07\/Captura-de-pantalla-2021-07-20-a-las-10.38.58.png","contentUrl":"https:\/\/cursos.9ideas.net\/wp-content\/uploads\/2021\/07\/Captura-de-pantalla-2021-07-20-a-las-10.38.58.png"},{"@type":"BreadcrumbList","@id":"https:\/\/cursos.9ideas.net\/index.php\/guia-para-alumnos\/#breadcrumb","itemListElement":[{"@type":"ListItem","position":1,"name":"Portada","item":"https:\/\/cursos.9ideas.net\/"},{"@type":"ListItem","position":2,"name":"Gu\u00eda para alumnos"}]},{"@type":"WebSite","@id":"https:\/\/cursos.9ideas.net\/#website","url":"https:\/\/cursos.9ideas.net\/","name":"9 ideas | Escuela Digital","description":"Aprend\u00e9 todo sobre Marketing Digital","publisher":{"@id":"https:\/\/cursos.9ideas.net\/#organization"},"potentialAction":[{"@type":"SearchAction","target":{"@type":"EntryPoint","urlTemplate":"https:\/\/cursos.9ideas.net\/?s={search_term_string}"},"query-input":{"@type":"PropertyValueSpecification","valueRequired":true,"valueName":"search_term_string"}}],"inLanguage":"es"},{"@type":"Organization","@id":"https:\/\/cursos.9ideas.net\/#organization","name":"9 ideas | Escuela Digital","url":"https:\/\/cursos.9ideas.net\/","logo":{"@type":"ImageObject","inLanguage":"es","@id":"https:\/\/cursos.9ideas.net\/#\/schema\/logo\/image\/","url":"https:\/\/cursos.9ideas.net\/wp-content\/uploads\/2022\/08\/cropped-9-ideas-escuela-digital.png","contentUrl":"https:\/\/cursos.9ideas.net\/wp-content\/uploads\/2022\/08\/cropped-9-ideas-escuela-digital.png","width":300,"height":100,"caption":"9 ideas | Escuela Digital"},"image":{"@id":"https:\/\/cursos.9ideas.net\/#\/schema\/logo\/image\/"}}]}},"_hostinger_reach_plugin_has_subscription_block":false,"_hostinger_reach_plugin_is_elementor":false,"_links":{"self":[{"href":"https:\/\/cursos.9ideas.net\/index.php\/wp-json\/wp\/v2\/pages\/1310","targetHints":{"allow":["GET"]}}],"collection":[{"href":"https:\/\/cursos.9ideas.net\/index.php\/wp-json\/wp\/v2\/pages"}],"about":[{"href":"https:\/\/cursos.9ideas.net\/index.php\/wp-json\/wp\/v2\/types\/page"}],"author":[{"embeddable":true,"href":"https:\/\/cursos.9ideas.net\/index.php\/wp-json\/wp\/v2\/users\/3345"}],"replies":[{"embeddable":true,"href":"https:\/\/cursos.9ideas.net\/index.php\/wp-json\/wp\/v2\/comments?post=1310"}],"version-history":[{"count":14,"href":"https:\/\/cursos.9ideas.net\/index.php\/wp-json\/wp\/v2\/pages\/1310\/revisions"}],"predecessor-version":[{"id":3486,"href":"https:\/\/cursos.9ideas.net\/index.php\/wp-json\/wp\/v2\/pages\/1310\/revisions\/3486"}],"wp:attachment":[{"href":"https:\/\/cursos.9ideas.net\/index.php\/wp-json\/wp\/v2\/media?parent=1310"}],"curies":[{"name":"wp","href":"https:\/\/api.w.org\/{rel}","templated":true}]}}