{"id":12667,"date":"2022-08-08T07:09:13","date_gmt":"2022-08-08T10:09:13","guid":{"rendered":"https:\/\/cursos.9ideas.net\/?page_id=12667"},"modified":"2022-08-08T07:56:18","modified_gmt":"2022-08-08T10:56:18","slug":"sumate-a-nuestro-equipo-como-profe","status":"publish","type":"page","link":"https:\/\/cursos.9ideas.net\/index.php\/sumate-a-nuestro-equipo-como-profe\/","title":{"rendered":"Sumate a nuestro Equipo como Profe"},"content":{"rendered":"\t\t<div data-elementor-type=\"wp-page\" data-elementor-id=\"12667\" class=\"elementor elementor-12667\">\n\t\t\t\t\t\t<section class=\"elementor-section elementor-top-section elementor-element elementor-element-58f900a7 elementor-section-height-min-height elementor-section-content-middle elementor-section-boxed elementor-section-height-default elementor-section-items-middle\" data-id=\"58f900a7\" data-element_type=\"section\" data-e-type=\"section\" data-settings=\"{&quot;background_background&quot;:&quot;classic&quot;}\">\n\t\t\t\t\t\t\t<div class=\"elementor-background-overlay\"><\/div>\n\t\t\t\t\t\t\t<div class=\"elementor-container elementor-column-gap-no\">\n\t\t\t\t\t<div class=\"elementor-column elementor-col-100 elementor-top-column elementor-element elementor-element-354bc875\" data-id=\"354bc875\" data-element_type=\"column\" data-e-type=\"column\">\n\t\t\t<div class=\"elementor-widget-wrap elementor-element-populated\">\n\t\t\t\t\t\t<div class=\"elementor-element elementor-element-734c5c7c elementor-widget elementor-widget-heading\" data-id=\"734c5c7c\" data-element_type=\"widget\" data-e-type=\"widget\" data-widget_type=\"heading.default\">\n\t\t\t\t<div class=\"elementor-widget-container\">\n\t\t\t\t\t<h2 class=\"elementor-heading-title elementor-size-default\">Sumate a un equipo<br>que busca el crecimiento constante<\/h2>\t\t\t\t<\/div>\n\t\t\t\t<\/div>\n\t\t\t\t<div class=\"elementor-element elementor-element-52258e9d elementor-mobile-align-center elementor-widget elementor-widget-button\" data-id=\"52258e9d\" data-element_type=\"widget\" data-e-type=\"widget\" data-widget_type=\"button.default\">\n\t\t\t\t<div class=\"elementor-widget-container\">\n\t\t\t\t\t\t\t\t\t<div class=\"elementor-button-wrapper\">\n\t\t\t\t\t<a class=\"elementor-button elementor-button-link elementor-size-sm elementor-animation-grow\" href=\"#sumate\">\n\t\t\t\t\t\t<span class=\"elementor-button-content-wrapper\">\n\t\t\t\t\t\t\t\t\t<span class=\"elementor-button-text\">Quiero ser profe<\/span>\n\t\t\t\t\t<\/span>\n\t\t\t\t\t<\/a>\n\t\t\t\t<\/div>\n\t\t\t\t\t\t\t\t<\/div>\n\t\t\t\t<\/div>\n\t\t\t\t\t<\/div>\n\t\t<\/div>\n\t\t\t\t\t<\/div>\n\t\t<\/section>\n\t\t\t\t<section class=\"elementor-section elementor-top-section elementor-element elementor-element-ca74384 elementor-section-boxed elementor-section-height-default elementor-section-height-default\" data-id=\"ca74384\" data-element_type=\"section\" data-e-type=\"section\" data-settings=\"{&quot;background_background&quot;:&quot;classic&quot;}\">\n\t\t\t\t\t\t<div class=\"elementor-container elementor-column-gap-default\">\n\t\t\t\t\t<div class=\"elementor-column elementor-col-100 elementor-top-column elementor-element elementor-element-e1986fa\" data-id=\"e1986fa\" data-element_type=\"column\" data-e-type=\"column\">\n\t\t\t<div class=\"elementor-widget-wrap elementor-element-populated\">\n\t\t\t\t\t\t<div class=\"elementor-element elementor-element-9726624 elementor-widget elementor-widget-heading\" data-id=\"9726624\" data-element_type=\"widget\" data-e-type=\"widget\" data-widget_type=\"heading.default\">\n\t\t\t\t<div class=\"elementor-widget-container\">\n\t\t\t\t\t<h2 class=\"elementor-heading-title elementor-size-default\">Sumate como profe<\/h2>\t\t\t\t<\/div>\n\t\t\t\t<\/div>\n\t\t\t\t<div class=\"elementor-element elementor-element-d28825b elementor-widget elementor-widget-heading\" data-id=\"d28825b\" data-element_type=\"widget\" data-e-type=\"widget\" data-widget_type=\"heading.default\">\n\t\t\t\t<div class=\"elementor-widget-container\">\n\t\t\t\t\t<h2 class=\"elementor-heading-title elementor-size-default\">Y ayud\u00e1 a que m\u00e1s personas adquieran nuevas habilidades<\/h2>\t\t\t\t<\/div>\n\t\t\t\t<\/div>\n\t\t\t\t\t<\/div>\n\t\t<\/div>\n\t\t\t\t\t<\/div>\n\t\t<\/section>\n\t\t\t\t<section class=\"elementor-section elementor-top-section elementor-element elementor-element-e402976 elementor-section-boxed elementor-section-height-default elementor-section-height-default\" data-id=\"e402976\" data-element_type=\"section\" data-e-type=\"section\">\n\t\t\t\t\t\t<div class=\"elementor-container elementor-column-gap-default\">\n\t\t\t\t\t<div class=\"elementor-column elementor-col-100 elementor-top-column elementor-element elementor-element-b4024ef\" data-id=\"b4024ef\" data-element_type=\"column\" data-e-type=\"column\">\n\t\t\t<div class=\"elementor-widget-wrap elementor-element-populated\">\n\t\t\t\t\t\t<div class=\"elementor-element elementor-element-456faf0 elementor-widget elementor-widget-heading\" data-id=\"456faf0\" data-element_type=\"widget\" data-e-type=\"widget\" data-widget_type=\"heading.default\">\n\t\t\t\t<div class=\"elementor-widget-container\">\n\t\t\t\t\t<h2 class=\"elementor-heading-title elementor-size-default\">\u00bfCu\u00e1les son los requisitos?<\/h2>\t\t\t\t<\/div>\n\t\t\t\t<\/div>\n\t\t\t\t<div class=\"elementor-element elementor-element-5f7f3d3 elementor-widget elementor-widget-heading\" data-id=\"5f7f3d3\" data-element_type=\"widget\" data-e-type=\"widget\" data-widget_type=\"heading.default\">\n\t\t\t\t<div class=\"elementor-widget-container\">\n\t\t\t\t\t<h2 class=\"elementor-heading-title elementor-size-default\">Contar con los conocimientos certificados | Buena oratoria | Computadora con conexi\u00f3n a internet<\/h2>\t\t\t\t<\/div>\n\t\t\t\t<\/div>\n\t\t\t\t<div class=\"elementor-element elementor-element-f4d6a11 elementor-widget elementor-widget-heading\" data-id=\"f4d6a11\" data-element_type=\"widget\" data-e-type=\"widget\" data-widget_type=\"heading.default\">\n\t\t\t\t<div class=\"elementor-widget-container\">\n\t\t\t\t\t<h2 class=\"elementor-heading-title elementor-size-default\">Buscamos personas que persigan objetivos, acepten desaf\u00edos, busquen el crecimiento constante y disfruten de transmitir sus conocimientos.<\/h2>\t\t\t\t<\/div>\n\t\t\t\t<\/div>\n\t\t\t\t\t<\/div>\n\t\t<\/div>\n\t\t\t\t\t<\/div>\n\t\t<\/section>\n\t\t\t\t<section class=\"elementor-section elementor-top-section elementor-element elementor-element-7112b97 sumate elementor-section-boxed elementor-section-height-default elementor-section-height-default\" data-id=\"7112b97\" data-element_type=\"section\" data-e-type=\"section\" id=\"sumate\">\n\t\t\t\t\t\t<div class=\"elementor-container elementor-column-gap-default\">\n\t\t\t\t\t<div class=\"elementor-column elementor-col-100 elementor-top-column elementor-element elementor-element-da1f17c\" data-id=\"da1f17c\" data-element_type=\"column\" data-e-type=\"column\">\n\t\t\t<div class=\"elementor-widget-wrap elementor-element-populated\">\n\t\t\t\t\t\t<div class=\"elementor-element elementor-element-0a42cd9 elementor-widget elementor-widget-shortcode\" data-id=\"0a42cd9\" data-element_type=\"widget\" data-e-type=\"widget\" data-widget_type=\"shortcode.default\">\n\t\t\t\t<div class=\"elementor-widget-container\">\n\t\t\t\t\t\t\t<div class=\"elementor-shortcode\">\n<div class=\"wpcf7 no-js\" id=\"wpcf7-f12714-o1\" lang=\"es-ES\" dir=\"ltr\" data-wpcf7-id=\"12714\">\n<div class=\"screen-reader-response\"><p role=\"status\" aria-live=\"polite\" aria-atomic=\"true\"><\/p> <ul><\/ul><\/div>\n<form action=\"\/index.php\/wp-json\/wp\/v2\/pages\/12667#wpcf7-f12714-o1\" method=\"post\" class=\"wpcf7-form init\" aria-label=\"Formulario de contacto\" novalidate=\"novalidate\" data-status=\"init\">\n<fieldset class=\"hidden-fields-container\"><input type=\"hidden\" name=\"_wpcf7\" value=\"12714\" \/><input type=\"hidden\" name=\"_wpcf7_version\" value=\"6.1.5\" \/><input type=\"hidden\" name=\"_wpcf7_locale\" value=\"es_ES\" \/><input type=\"hidden\" name=\"_wpcf7_unit_tag\" value=\"wpcf7-f12714-o1\" \/><input type=\"hidden\" name=\"_wpcf7_container_post\" value=\"0\" \/><input type=\"hidden\" name=\"_wpcf7_posted_data_hash\" value=\"\" \/>\n<\/fieldset>\n<p>Tu nombre <span class=\"wpcf7-form-control-wrap\" data-name=\"your-name\"><input size=\"40\" maxlength=\"400\" class=\"wpcf7-form-control wpcf7-text wpcf7-validates-as-required\" aria-required=\"true\" aria-invalid=\"false\" value=\"\" type=\"text\" name=\"your-name\" \/><\/span> Tu Apellido <span class=\"wpcf7-form-control-wrap\" data-name=\"text-880\"><input size=\"40\" maxlength=\"400\" class=\"wpcf7-form-control wpcf7-text wpcf7-validates-as-required\" aria-required=\"true\" aria-invalid=\"false\" value=\"\" type=\"text\" name=\"text-880\" \/><\/span> Tu tel\u00e9fono <span class=\"wpcf7-form-control-wrap\" data-name=\"tel-926\"><input size=\"40\" maxlength=\"400\" class=\"wpcf7-form-control wpcf7-tel wpcf7-validates-as-required wpcf7-text wpcf7-validates-as-tel\" aria-required=\"true\" aria-invalid=\"false\" value=\"\" type=\"tel\" name=\"tel-926\" \/><\/span><br \/>\nTu fecha de nacimiento <span class=\"wpcf7-form-control-wrap\" data-name=\"date-89\"><input class=\"wpcf7-form-control wpcf7-date wpcf7-validates-as-required wpcf7-validates-as-date\" aria-required=\"true\" aria-invalid=\"false\" value=\"\" type=\"date\" name=\"date-89\" \/><\/span> \u00bfDe que pa\u00eds sos? <span class=\"wpcf7-form-control-wrap\" data-name=\"menu-188\"><select class=\"wpcf7-form-control wpcf7-select wpcf7-validates-as-required\" aria-required=\"true\" aria-invalid=\"false\" name=\"menu-188\"><option value=\"Argentina\">Argentina<\/option><option value=\"Paraguay\">Paraguay<\/option><option value=\"Uruguay\">Uruguay<\/option><option value=\"Chile\">Chile<\/option><option value=\"M\u00e9xico\">M\u00e9xico<\/option><option value=\"Bolivia\">Bolivia<\/option><option value=\"Brasil\">Brasil<\/option><option value=\"Peru\">Peru<\/option><option value=\"Colombia\">Colombia<\/option><\/select><\/span> \u00bfDe qu\u00e9 Provincia o Ciudad? <span class=\"wpcf7-form-control-wrap\" data-name=\"text-881\"><input size=\"40\" maxlength=\"400\" class=\"wpcf7-form-control wpcf7-text wpcf7-validates-as-required\" aria-required=\"true\" aria-invalid=\"false\" value=\"\" type=\"text\" name=\"text-881\" \/><\/span> \u00bfEn qu\u00e9 \u00e1rea ten\u00e9s experiencia y conocimiento? <span class=\"wpcf7-form-control-wrap\" data-name=\"menu-189\"><select class=\"wpcf7-form-control wpcf7-select wpcf7-validates-as-required\" aria-required=\"true\" aria-invalid=\"false\" name=\"menu-189\"><option value=\"Marketing Digital\">Marketing Digital<\/option><option value=\"Redes Sociales\">Redes Sociales<\/option><option value=\"Publicidad ADS\">Publicidad ADS<\/option><option value=\"Dise\u00f1o Gr\u00e1fico\">Dise\u00f1o Gr\u00e1fico<\/option><option value=\"Data y an\u00e1lisis\">Data y an\u00e1lisis<\/option><option value=\"Ecommerce\">Ecommerce<\/option><option value=\"Ventas y comercializaci\u00f3n\">Ventas y comercializaci\u00f3n<\/option><option value=\"Excel\">Excel<\/option><option value=\"Dise\u00f1o UX \/ UI\">Dise\u00f1o UX \/ UI<\/option><option value=\"Adobe Photoshop\">Adobe Photoshop<\/option><option value=\"Adobe Premiere\">Adobe Premiere<\/option><option value=\"Programaci\u00f3n\">Programaci\u00f3n<\/option><option value=\"Otro\">Otro<\/option><\/select><\/span> \u00bfQu\u00e9 nivel de formaci\u00f3n ten\u00e9s? <span class=\"wpcf7-form-control-wrap\" data-name=\"menu-190\"><select class=\"wpcf7-form-control wpcf7-select wpcf7-validates-as-required\" aria-required=\"true\" aria-invalid=\"false\" name=\"menu-190\"><option value=\"Secundario\">Secundario<\/option><option value=\"Universitario\">Universitario<\/option><option value=\"Terciario\">Terciario<\/option><\/select><\/span><br \/>\n\u00bfQue pod\u00e9s aportar a 9 ideas? No te guardes nada<br \/>\n<span class=\"wpcf7-form-control-wrap\" data-name=\"textarea-729\"><textarea cols=\"40\" rows=\"10\" maxlength=\"2000\" class=\"wpcf7-form-control wpcf7-textarea wpcf7-validates-as-required\" aria-required=\"true\" aria-invalid=\"false\" name=\"textarea-729\"><\/textarea><\/span><br \/>\nTe pedimos que te grabes en un video de 1 minuto, present\u00e1ndote y cont\u00e1ndonos. Subilo a youtube como OCULTO y peg\u00e1 el link ac\u00e1. <span class=\"wpcf7-form-control-wrap\" data-name=\"text-115\"><input size=\"40\" maxlength=\"400\" class=\"wpcf7-form-control wpcf7-text wpcf7-validates-as-required\" aria-required=\"true\" aria-invalid=\"false\" value=\"\" type=\"text\" name=\"text-115\" \/><\/span>\n<\/p>\n<p><input class=\"wpcf7-form-control wpcf7-submit has-spinner\" type=\"submit\" value=\"Postularme\" \/>\n<\/p><div class=\"wpcf7-response-output\" aria-hidden=\"true\"><\/div>\n<\/form>\n<\/div>\n<\/div>\n\t\t\t\t\t\t<\/div>\n\t\t\t\t<\/div>\n\t\t\t\t\t<\/div>\n\t\t<\/div>\n\t\t\t\t\t<\/div>\n\t\t<\/section>\n\t\t\t\t<\/div>\n\t\t","protected":false},"excerpt":{"rendered":"<p>Sumate a un equipoque busca el crecimiento constante Quiero ser profe Sumate como profe Y ayud\u00e1 a que m\u00e1s personas adquieran nuevas habilidades \u00bfCu\u00e1les son los requisitos? Contar con los conocimientos certificados | Buena oratoria | Computadora con conexi\u00f3n a internet Buscamos personas que persigan objetivos, acepten desaf\u00edos, busquen el crecimiento constante y disfruten de [&hellip;]<\/p>\n","protected":false},"author":3345,"featured_media":0,"parent":0,"menu_order":0,"comment_status":"closed","ping_status":"closed","template":"","meta":{"_monsterinsights_skip_tracking":false,"_monsterinsights_sitenote_active":false,"_monsterinsights_sitenote_note":"","_monsterinsights_sitenote_category":0,"site-sidebar-layout":"no-sidebar","site-content-layout":"page-builder","ast-site-content-layout":"default","site-content-style":"default","site-sidebar-style":"default","ast-global-header-display":"","ast-banner-title-visibility":"","ast-main-header-display":"","ast-hfb-above-header-display":"","ast-hfb-below-header-display":"","ast-hfb-mobile-header-display":"","site-post-title":"disabled","ast-breadcrumbs-content":"","ast-featured-img":"disabled","footer-sml-layout":"","ast-disable-related-posts":"","theme-transparent-header-meta":"","adv-header-id-meta":"","stick-header-meta":"","header-above-stick-meta":"","header-main-stick-meta":"","header-below-stick-meta":"","astra-migrate-meta-layouts":"default","ast-page-background-enabled":"default","ast-page-background-meta":{"desktop":{"background-color":"","background-image":"","background-repeat":"repeat","background-position":"center center","background-size":"auto","background-attachment":"scroll","background-type":"","background-media":"","overlay-type":"","overlay-color":"","overlay-opacity":"","overlay-gradient":""},"tablet":{"background-color":"","background-image":"","background-repeat":"repeat","background-position":"center center","background-size":"auto","background-attachment":"scroll","background-type":"","background-media":"","overlay-type":"","overlay-color":"","overlay-opacity":"","overlay-gradient":""},"mobile":{"background-color":"","background-image":"","background-repeat":"repeat","background-position":"center center","background-size":"auto","background-attachment":"scroll","background-type":"","background-media":"","overlay-type":"","overlay-color":"","overlay-opacity":"","overlay-gradient":""}},"ast-content-background-meta":{"desktop":{"background-color":"var(--ast-global-color-5)","background-image":"","background-repeat":"repeat","background-position":"center center","background-size":"auto","background-attachment":"scroll","background-type":"","background-media":"","overlay-type":"","overlay-color":"","overlay-opacity":"","overlay-gradient":""},"tablet":{"background-color":"var(--ast-global-color-5)","background-image":"","background-repeat":"repeat","background-position":"center center","background-size":"auto","background-attachment":"scroll","background-type":"","background-media":"","overlay-type":"","overlay-color":"","overlay-opacity":"","overlay-gradient":""},"mobile":{"background-color":"var(--ast-global-color-5)","background-image":"","background-repeat":"repeat","background-position":"center center","background-size":"auto","background-attachment":"scroll","background-type":"","background-media":"","overlay-type":"","overlay-color":"","overlay-opacity":"","overlay-gradient":""}},"footnotes":""},"class_list":["post-12667","page","type-page","status-publish","hentry"],"yoast_head":"<!-- This site is optimized with the Yoast SEO plugin v27.1.1 - https:\/\/yoast.com\/product\/yoast-seo-wordpress\/ -->\n<title>Sumate a nuestro Equipo como Profe - 9 ideas | Escuela Digital<\/title>\n<meta name=\"robots\" content=\"index, follow, max-snippet:-1, max-image-preview:large, max-video-preview:-1\" \/>\n<link rel=\"canonical\" href=\"https:\/\/cursos.9ideas.net\/index.php\/sumate-a-nuestro-equipo-como-profe\/\" \/>\n<meta property=\"og:locale\" content=\"es_ES\" \/>\n<meta property=\"og:type\" content=\"article\" \/>\n<meta property=\"og:title\" content=\"Sumate a nuestro Equipo como Profe - 9 ideas | Escuela Digital\" \/>\n<meta property=\"og:description\" content=\"Sumate a un equipoque busca el crecimiento constante Quiero ser profe Sumate como profe Y ayud\u00e1 a que m\u00e1s personas adquieran nuevas habilidades \u00bfCu\u00e1les son los requisitos? Contar con los conocimientos certificados | Buena oratoria | Computadora con conexi\u00f3n a internet Buscamos personas que persigan objetivos, acepten desaf\u00edos, busquen el crecimiento constante y disfruten de [&hellip;]\" \/>\n<meta property=\"og:url\" content=\"https:\/\/cursos.9ideas.net\/index.php\/sumate-a-nuestro-equipo-como-profe\/\" \/>\n<meta property=\"og:site_name\" content=\"9 ideas | Escuela Digital\" \/>\n<meta property=\"article:modified_time\" content=\"2022-08-08T10:56:18+00:00\" \/>\n<meta name=\"twitter:card\" content=\"summary_large_image\" \/>\n<script type=\"application\/ld+json\" class=\"yoast-schema-graph\">{\"@context\":\"https:\/\/schema.org\",\"@graph\":[{\"@type\":\"WebPage\",\"@id\":\"https:\/\/cursos.9ideas.net\/index.php\/sumate-a-nuestro-equipo-como-profe\/\",\"url\":\"https:\/\/cursos.9ideas.net\/index.php\/sumate-a-nuestro-equipo-como-profe\/\",\"name\":\"Sumate a nuestro Equipo como Profe - 9 ideas | Escuela Digital\",\"isPartOf\":{\"@id\":\"https:\/\/cursos.9ideas.net\/#website\"},\"datePublished\":\"2022-08-08T10:09:13+00:00\",\"dateModified\":\"2022-08-08T10:56:18+00:00\",\"breadcrumb\":{\"@id\":\"https:\/\/cursos.9ideas.net\/index.php\/sumate-a-nuestro-equipo-como-profe\/#breadcrumb\"},\"inLanguage\":\"es\",\"potentialAction\":[{\"@type\":\"ReadAction\",\"target\":[\"https:\/\/cursos.9ideas.net\/index.php\/sumate-a-nuestro-equipo-como-profe\/\"]}]},{\"@type\":\"BreadcrumbList\",\"@id\":\"https:\/\/cursos.9ideas.net\/index.php\/sumate-a-nuestro-equipo-como-profe\/#breadcrumb\",\"itemListElement\":[{\"@type\":\"ListItem\",\"position\":1,\"name\":\"Portada\",\"item\":\"https:\/\/cursos.9ideas.net\/\"},{\"@type\":\"ListItem\",\"position\":2,\"name\":\"Sumate a nuestro Equipo como Profe\"}]},{\"@type\":\"WebSite\",\"@id\":\"https:\/\/cursos.9ideas.net\/#website\",\"url\":\"https:\/\/cursos.9ideas.net\/\",\"name\":\"9 ideas | Escuela Digital\",\"description\":\"Aprend\u00e9 todo sobre Marketing Digital\",\"publisher\":{\"@id\":\"https:\/\/cursos.9ideas.net\/#organization\"},\"potentialAction\":[{\"@type\":\"SearchAction\",\"target\":{\"@type\":\"EntryPoint\",\"urlTemplate\":\"https:\/\/cursos.9ideas.net\/?s={search_term_string}\"},\"query-input\":{\"@type\":\"PropertyValueSpecification\",\"valueRequired\":true,\"valueName\":\"search_term_string\"}}],\"inLanguage\":\"es\"},{\"@type\":\"Organization\",\"@id\":\"https:\/\/cursos.9ideas.net\/#organization\",\"name\":\"9 ideas | Escuela Digital\",\"url\":\"https:\/\/cursos.9ideas.net\/\",\"logo\":{\"@type\":\"ImageObject\",\"inLanguage\":\"es\",\"@id\":\"https:\/\/cursos.9ideas.net\/#\/schema\/logo\/image\/\",\"url\":\"https:\/\/cursos.9ideas.net\/wp-content\/uploads\/2022\/08\/cropped-9-ideas-escuela-digital.png\",\"contentUrl\":\"https:\/\/cursos.9ideas.net\/wp-content\/uploads\/2022\/08\/cropped-9-ideas-escuela-digital.png\",\"width\":300,\"height\":100,\"caption\":\"9 ideas | Escuela Digital\"},\"image\":{\"@id\":\"https:\/\/cursos.9ideas.net\/#\/schema\/logo\/image\/\"}}]}<\/script>\n<!-- \/ Yoast SEO plugin. -->","yoast_head_json":{"title":"Sumate a nuestro Equipo como Profe - 9 ideas | Escuela Digital","robots":{"index":"index","follow":"follow","max-snippet":"max-snippet:-1","max-image-preview":"max-image-preview:large","max-video-preview":"max-video-preview:-1"},"canonical":"https:\/\/cursos.9ideas.net\/index.php\/sumate-a-nuestro-equipo-como-profe\/","og_locale":"es_ES","og_type":"article","og_title":"Sumate a nuestro Equipo como Profe - 9 ideas | Escuela Digital","og_description":"Sumate a un equipoque busca el crecimiento constante Quiero ser profe Sumate como profe Y ayud\u00e1 a que m\u00e1s personas adquieran nuevas habilidades \u00bfCu\u00e1les son los requisitos? Contar con los conocimientos certificados | Buena oratoria | Computadora con conexi\u00f3n a internet Buscamos personas que persigan objetivos, acepten desaf\u00edos, busquen el crecimiento constante y disfruten de [&hellip;]","og_url":"https:\/\/cursos.9ideas.net\/index.php\/sumate-a-nuestro-equipo-como-profe\/","og_site_name":"9 ideas | Escuela Digital","article_modified_time":"2022-08-08T10:56:18+00:00","twitter_card":"summary_large_image","schema":{"@context":"https:\/\/schema.org","@graph":[{"@type":"WebPage","@id":"https:\/\/cursos.9ideas.net\/index.php\/sumate-a-nuestro-equipo-como-profe\/","url":"https:\/\/cursos.9ideas.net\/index.php\/sumate-a-nuestro-equipo-como-profe\/","name":"Sumate a nuestro Equipo como Profe - 9 ideas | Escuela Digital","isPartOf":{"@id":"https:\/\/cursos.9ideas.net\/#website"},"datePublished":"2022-08-08T10:09:13+00:00","dateModified":"2022-08-08T10:56:18+00:00","breadcrumb":{"@id":"https:\/\/cursos.9ideas.net\/index.php\/sumate-a-nuestro-equipo-como-profe\/#breadcrumb"},"inLanguage":"es","potentialAction":[{"@type":"ReadAction","target":["https:\/\/cursos.9ideas.net\/index.php\/sumate-a-nuestro-equipo-como-profe\/"]}]},{"@type":"BreadcrumbList","@id":"https:\/\/cursos.9ideas.net\/index.php\/sumate-a-nuestro-equipo-como-profe\/#breadcrumb","itemListElement":[{"@type":"ListItem","position":1,"name":"Portada","item":"https:\/\/cursos.9ideas.net\/"},{"@type":"ListItem","position":2,"name":"Sumate a nuestro Equipo como Profe"}]},{"@type":"WebSite","@id":"https:\/\/cursos.9ideas.net\/#website","url":"https:\/\/cursos.9ideas.net\/","name":"9 ideas | Escuela Digital","description":"Aprend\u00e9 todo sobre Marketing Digital","publisher":{"@id":"https:\/\/cursos.9ideas.net\/#organization"},"potentialAction":[{"@type":"SearchAction","target":{"@type":"EntryPoint","urlTemplate":"https:\/\/cursos.9ideas.net\/?s={search_term_string}"},"query-input":{"@type":"PropertyValueSpecification","valueRequired":true,"valueName":"search_term_string"}}],"inLanguage":"es"},{"@type":"Organization","@id":"https:\/\/cursos.9ideas.net\/#organization","name":"9 ideas | Escuela Digital","url":"https:\/\/cursos.9ideas.net\/","logo":{"@type":"ImageObject","inLanguage":"es","@id":"https:\/\/cursos.9ideas.net\/#\/schema\/logo\/image\/","url":"https:\/\/cursos.9ideas.net\/wp-content\/uploads\/2022\/08\/cropped-9-ideas-escuela-digital.png","contentUrl":"https:\/\/cursos.9ideas.net\/wp-content\/uploads\/2022\/08\/cropped-9-ideas-escuela-digital.png","width":300,"height":100,"caption":"9 ideas | Escuela Digital"},"image":{"@id":"https:\/\/cursos.9ideas.net\/#\/schema\/logo\/image\/"}}]}},"_hostinger_reach_plugin_has_subscription_block":false,"_hostinger_reach_plugin_is_elementor":false,"_links":{"self":[{"href":"https:\/\/cursos.9ideas.net\/index.php\/wp-json\/wp\/v2\/pages\/12667","targetHints":{"allow":["GET"]}}],"collection":[{"href":"https:\/\/cursos.9ideas.net\/index.php\/wp-json\/wp\/v2\/pages"}],"about":[{"href":"https:\/\/cursos.9ideas.net\/index.php\/wp-json\/wp\/v2\/types\/page"}],"author":[{"embeddable":true,"href":"https:\/\/cursos.9ideas.net\/index.php\/wp-json\/wp\/v2\/users\/3345"}],"replies":[{"embeddable":true,"href":"https:\/\/cursos.9ideas.net\/index.php\/wp-json\/wp\/v2\/comments?post=12667"}],"version-history":[{"count":55,"href":"https:\/\/cursos.9ideas.net\/index.php\/wp-json\/wp\/v2\/pages\/12667\/revisions"}],"predecessor-version":[{"id":12727,"href":"https:\/\/cursos.9ideas.net\/index.php\/wp-json\/wp\/v2\/pages\/12667\/revisions\/12727"}],"wp:attachment":[{"href":"https:\/\/cursos.9ideas.net\/index.php\/wp-json\/wp\/v2\/media?parent=12667"}],"curies":[{"name":"wp","href":"https:\/\/api.w.org\/{rel}","templated":true}]}}